{"id":1258,"date":"2024-05-06T17:15:14","date_gmt":"2024-05-06T17:15:14","guid":{"rendered":"https:\/\/dermatologiss.com\/?page_id=1258"},"modified":"2024-05-06T17:15:33","modified_gmt":"2024-05-06T17:15:33","slug":"grazie-vacuum","status":"publish","type":"page","link":"https:\/\/duallshoppy.com\/cs\/grazie-vacuum\/","title":{"rendered":"D\u00cdKY robotick\u00e9mu vysava\u010di"},"content":{"rendered":"<div data-elementor-type=\"wp-page\" data-elementor-id=\"1258\" class=\"elementor elementor-1258\" data-elementor-post-type=\"page\">\n\t\t\t\t\t\t<section data-particle_enable=\"false\" data-particle-mobile-disabled=\"false\" class=\"elementor-section elementor-top-section elementor-element elementor-element-1fbf993c elementor-section-boxed elementor-section-height-default elementor-section-height-default\" data-id=\"1fbf993c\" data-element_type=\"section\" data-e-type=\"section\" data-settings=\"{&quot;background_background&quot;:&quot;classic&quot;}\">\n\t\t\t\t\t\t<div class=\"elementor-container elementor-column-gap-default\">\n\t\t\t\t\t<div class=\"elementor-column elementor-col-100 elementor-top-column elementor-element elementor-element-459956a0\" data-id=\"459956a0\" data-element_type=\"column\" data-e-type=\"column\">\n\t\t\t<div class=\"elementor-widget-wrap elementor-element-populated\">\n\t\t\t\t\t\t<div class=\"elementor-element elementor-element-589e4a56 elementor-widget elementor-widget-text-editor\" data-id=\"589e4a56\" data-element_type=\"widget\" data-e-type=\"widget\" data-widget_type=\"text-editor.default\">\n\t\t\t\t<div class=\"elementor-widget-container\">\n\t\t\t\t\t\t\t\t\t<p>D\u011bkujeme!<\/p>\t\t\t\t\t\t\t\t<\/div>\n\t\t\t\t<\/div>\n\t\t\t\t<div class=\"elementor-element elementor-element-6c90cb97 elementor-widget elementor-widget-text-editor\" data-id=\"6c90cb97\" data-element_type=\"widget\" data-e-type=\"widget\" data-widget_type=\"text-editor.default\">\n\t\t\t\t<div class=\"elementor-widget-container\">\n\t\t\t\t\t\t\t\t\t<p>Va\u0161e objedn\u00e1vka byla p\u0159ijata!<\/p>\t\t\t\t\t\t\t\t<\/div>\n\t\t\t\t<\/div>\n\t\t\t\t<div class=\"elementor-element elementor-element-94fa84e elementor-widget elementor-widget-text-editor\" data-id=\"94fa84e\" data-element_type=\"widget\" data-e-type=\"widget\" data-widget_type=\"text-editor.default\">\n\t\t\t\t<div class=\"elementor-widget-container\">\n\t\t\t\t\t\t\t\t\t<p>Jeden z na\u0161ich oper\u00e1tor\u016f v\u00e1s bude kontaktovat a objedn\u00e1vku potvrd\u00ed.\u00a0<br \/>Doru\u010den\u00ed bude provedeno kur\u00fdrn\u00ed slu\u017ebou.\u00a0<br \/><span style=\"font-size: 1em;\">Platba - p\u0159i dod\u00e1n\u00ed!<\/span><\/p>\t\t\t\t\t\t\t\t<\/div>\n\t\t\t\t<\/div>\n\t\t\t\t\t<\/div>\n\t\t<\/div>\n\t\t\t\t\t<\/div>\n\t\t<\/section>\n\t\t\t\t<section data-particle_enable=\"false\" data-particle-mobile-disabled=\"false\" class=\"elementor-section elementor-top-section elementor-element elementor-element-12964c48 elementor-section-boxed elementor-section-height-default elementor-section-height-default\" data-id=\"12964c48\" data-element_type=\"section\" data-e-type=\"section\" data-settings=\"{&quot;background_background&quot;:&quot;classic&quot;}\">\n\t\t\t\t\t\t<div class=\"elementor-container elementor-column-gap-default\">\n\t\t\t\t\t<div class=\"elementor-column elementor-col-100 elementor-top-column elementor-element elementor-element-2d9bca8d\" data-id=\"2d9bca8d\" data-element_type=\"column\" data-e-type=\"column\">\n\t\t\t<div class=\"elementor-widget-wrap elementor-element-populated\">\n\t\t\t\t\t\t<div class=\"elementor-element elementor-element-cfd262 elementor-widget elementor-widget-text-editor\" data-id=\"cfd262\" data-element_type=\"widget\" data-e-type=\"widget\" data-widget_type=\"text-editor.default\">\n\t\t\t\t<div class=\"elementor-widget-container\">\n\t\t\t\t\t\t\t\t\t<p>V\u0161echny \u00fadaje shrom\u00e1\u017ed\u011bn\u00e9 na t\u00e9to str\u00e1nce nebudou spole\u010dnost\u00ed Facebook pou\u017eity bez marketingov\u00e9ho z\u00e1m\u011bru. Va\u0161e \u00fadaje pou\u017eijeme pouze ke sledov\u00e1n\u00ed objedn\u00e1vky pro syst\u00e9m dob\u00edrky.<\/p>\t\t\t\t\t\t\t\t<\/div>\n\t\t\t\t<\/div>\n\t\t\t\t<div class=\"elementor-element elementor-element-1196f734 elementor-widget elementor-widget-text-editor\" data-id=\"1196f734\" data-element_type=\"widget\" data-e-type=\"widget\" data-widget_type=\"text-editor.default\">\n\t\t\t\t<div class=\"elementor-widget-container\">\n\t\t\t\t\t\t\t\t\t<p>Tato str\u00e1nka nen\u00ed sou\u010d\u00e1st\u00ed webov\u00fdch str\u00e1nek spole\u010dnosti Facebook ani spole\u010dnosti Facebook Inc. Krom\u011b toho tato str\u00e1nka NEN\u00cd \u017e\u00e1dn\u00fdm zp\u016fsobem podporov\u00e1na spole\u010dnost\u00ed Facebook. Facebook je ochrann\u00e1 zn\u00e1mka spole\u010dnosti Facebook, Inc.<\/p>\t\t\t\t\t\t\t\t<\/div>\n\t\t\t\t<\/div>\n\t\t\t\t<div class=\"elementor-element elementor-element-4ec22f87 elementor-widget elementor-widget-text-editor\" data-id=\"4ec22f87\" data-element_type=\"widget\" data-e-type=\"widget\" data-widget_type=\"text-editor.default\">\n\t\t\t\t<div class=\"elementor-widget-container\">\n\t\t\t\t\t\t\t\t\t<p>Copyright 2020 Dermatologiss - V\u0161echna pr\u00e1va vyhrazena<\/p>\t\t\t\t\t\t\t\t<\/div>\n\t\t\t\t<\/div>\n\t\t\t\t\t<\/div>\n\t\t<\/div>\n\t\t\t\t\t<\/div>\n\t\t<\/section>\n\t\t\t\t<\/div>","protected":false},"excerpt":{"rendered":"<p>Grazie! Il tuo ordine \u00e8 stato accettato! Un nostro operatore ti contatter\u00e0 per confermare l`ordine.\u00a0La consegna sar\u00e0 effettuata da un servizio di corriere.\u00a0Il pagamento &#8211; alla consegna! Every data collected in this page won&#8217;t be used by Facebook and without marketing intent. We will use your data only to track an order for Cash On [&hellip;]<\/p>","protected":false},"author":1,"featured_media":0,"parent":0,"menu_order":0,"comment_status":"closed","ping_status":"closed","template":"elementor_canvas","meta":{"footnotes":""},"class_list":["post-1258","page","type-page","status-publish","hentry"],"_links":{"self":[{"href":"https:\/\/duallshoppy.com\/cs\/wp-json\/wp\/v2\/pages\/1258","targetHints":{"allow":["GET"]}}],"collection":[{"href":"https:\/\/duallshoppy.com\/cs\/wp-json\/wp\/v2\/pages"}],"about":[{"href":"https:\/\/duallshoppy.com\/cs\/wp-json\/wp\/v2\/types\/page"}],"author":[{"embeddable":true,"href":"https:\/\/duallshoppy.com\/cs\/wp-json\/wp\/v2\/users\/1"}],"replies":[{"embeddable":true,"href":"https:\/\/duallshoppy.com\/cs\/wp-json\/wp\/v2\/comments?post=1258"}],"version-history":[{"count":4,"href":"https:\/\/duallshoppy.com\/cs\/wp-json\/wp\/v2\/pages\/1258\/revisions"}],"predecessor-version":[{"id":1265,"href":"https:\/\/duallshoppy.com\/cs\/wp-json\/wp\/v2\/pages\/1258\/revisions\/1265"}],"wp:attachment":[{"href":"https:\/\/duallshoppy.com\/cs\/wp-json\/wp\/v2\/media?parent=1258"}],"curies":[{"name":"wp","href":"https:\/\/api.w.org\/{rel}","templated":true}]}}