{"id":1379,"date":"2024-05-21T15:15:20","date_gmt":"2024-05-21T15:15:20","guid":{"rendered":"https:\/\/dermatologiss.com\/?page_id=1379"},"modified":"2025-08-12T12:30:44","modified_gmt":"2025-08-12T12:30:44","slug":"politica-di-rimborso","status":"publish","type":"page","link":"https:\/\/duallshoppy.com\/cs\/politica-di-rimborso\/","title":{"rendered":"Z\u00e1sady vracen\u00ed pen\u011bz"},"content":{"rendered":"<div data-elementor-type=\"wp-page\" data-elementor-id=\"1379\" class=\"elementor elementor-1379\" data-elementor-post-type=\"page\">\n\t\t\t\t\t\t<section data-particle_enable=\"false\" data-particle-mobile-disabled=\"false\" class=\"elementor-section elementor-top-section elementor-element elementor-element-5da41b0a elementor-section-boxed elementor-section-height-default elementor-section-height-default\" data-id=\"5da41b0a\" data-element_type=\"section\" data-e-type=\"section\">\n\t\t\t\t\t\t<div class=\"elementor-container elementor-column-gap-default\">\n\t\t\t\t\t<div class=\"elementor-column elementor-col-100 elementor-top-column elementor-element elementor-element-40c408a2\" data-id=\"40c408a2\" data-element_type=\"column\" data-e-type=\"column\">\n\t\t\t<div class=\"elementor-widget-wrap elementor-element-populated\">\n\t\t\t\t\t\t<div class=\"elementor-element elementor-element-577efdc1 elementor-widget elementor-widget-heading\" data-id=\"577efdc1\" data-element_type=\"widget\" data-e-type=\"widget\" data-widget_type=\"heading.default\">\n\t\t\t\t<div class=\"elementor-widget-container\">\n\t\t\t\t\t<h2 class=\"elementor-heading-title elementor-size-default\">Z\u00e1sady vracen\u00ed pen\u011bz<\/h2>\t\t\t\t<\/div>\n\t\t\t\t<\/div>\n\t\t\t\t<div class=\"elementor-element elementor-element-259ede3b elementor-widget elementor-widget-text-editor\" data-id=\"259ede3b\" data-element_type=\"widget\" data-e-type=\"widget\" data-widget_type=\"text-editor.default\">\n\t\t\t\t<div class=\"elementor-widget-container\">\n\t\t\t\t\t\t\t\t\t<div class=\"shipping-page-item\"><div class=\"shipping-page-item__text\"><div id=\"translation\"><div class=\"gtx-body\"><p>Na\u0161e pravidla pro vr\u00e1cen\u00ed pen\u011bz a vr\u00e1cen\u00ed zbo\u017e\u00ed trvaj\u00ed 14 dn\u00ed. Pokud od n\u00e1kupu uplynulo 14 dn\u00ed, nem\u016f\u017eeme v\u00e1m nab\u00eddnout vr\u00e1cen\u00ed pen\u011bz nebo v\u00fdm\u011bnu zbo\u017e\u00ed v pln\u00e9 v\u00fd\u0161i.<\/p><p>Abyste mohli zbo\u017e\u00ed vr\u00e1tit, mus\u00ed b\u00fdt nepou\u017eit\u00e9 a ve stejn\u00e9m stavu, v jak\u00e9m jste ho obdr\u017eeli. Mus\u00ed b\u00fdt tak\u00e9 v p\u016fvodn\u00edm obalu.<\/p><p>N\u011bkter\u00e9 druhy zbo\u017e\u00ed jsou osvobozeny od vr\u00e1cen\u00ed. Nelze vr\u00e1tit zbo\u017e\u00ed podl\u00e9haj\u00edc\u00ed rychl\u00e9 zk\u00e1ze, jako jsou potraviny, kv\u011btiny, noviny nebo \u010dasopisy. D\u00e1le nep\u0159ij\u00edm\u00e1me intimn\u00ed a hygienick\u00e9 v\u00fdrobky, nebezpe\u010dn\u00e9 materi\u00e1ly nebo ho\u0159lav\u00e9 kapaliny \u010di plyny.<\/p><p>Dal\u0161\u00ed nevratn\u00e9 polo\u017eky:<\/p><ul><li>D\u00e1rkov\u00e9 karty<\/li><li>Softwarov\u00e9 produkty ke sta\u017een\u00ed<\/li><li>N\u011bkter\u00e9 p\u0159edm\u011bty pro zdrav\u00ed a osobn\u00ed hygienu<\/li><\/ul><div>\u00a0<\/div><div><p>K dokon\u010den\u00ed vr\u00e1cen\u00ed zbo\u017e\u00ed pot\u0159ebujeme \u00fa\u010dtenku nebo doklad o n\u00e1kupu.<\/p><\/div><p>Nepos\u00edlejte pros\u00edm sv\u016fj n\u00e1kup zp\u011bt v\u00fdrobci.<\/p><p>V n\u011bkter\u00fdch situac\u00edch jsou poskytov\u00e1ny pouze \u010d\u00e1ste\u010dn\u00e9 n\u00e1hrady:<\/p><ul><li>Kniha se zjevn\u00fdmi zn\u00e1mkami pou\u017e\u00edv\u00e1n\u00ed<\/li><li>CD, DVD, VHS kazety, software, videohry, kazety nebo vinylov\u00e9 desky, kter\u00e9 byly otev\u0159eny.<\/li><\/ul><div>\u00a0<\/div><p>Jak\u00e9koli zbo\u017e\u00ed, kter\u00e9 nen\u00ed v p\u016fvodn\u00edm stavu, je po\u0161kozen\u00e9 nebo mu chyb\u00ed sou\u010d\u00e1stky z d\u016fvod\u016f, kter\u00e9 jsme nezavinili.<br \/>Jak\u00e9koli zbo\u017e\u00ed vr\u00e1cen\u00e9 po v\u00edce ne\u017e 30 dnech od doru\u010den\u00ed<\/p><p>\u00a0<\/p><h5><b>Vr\u00e1cen\u00ed pen\u011bz<\/b><\/h5><p>Po obdr\u017een\u00ed a kontrole vr\u00e1cen\u00e9ho zbo\u017e\u00ed v\u00e1m za\u0161leme e-mail s informac\u00ed, \u017ee jsme vr\u00e1cen\u00e9 zbo\u017e\u00ed obdr\u017eeli. Rovn\u011b\u017e v\u00e1s budeme informovat o schv\u00e1len\u00ed nebo zam\u00edtnut\u00ed vr\u00e1cen\u00ed pen\u011bz.<\/p><p>Pokud v\u00e1m bude vr\u00e1cen\u00ed pen\u011bz schv\u00e1leno, bude do ur\u010dit\u00e9ho po\u010dtu dn\u00ed automaticky p\u0159evedeno na va\u0161i kreditn\u00ed kartu nebo p\u016fvodn\u00ed zp\u016fsob platby.<\/p><h5><b>Opo\u017ed\u011bn\u00e9 nebo zme\u0161kan\u00e9 n\u00e1hrady<\/b><\/h5><p>Pokud jste dosud neobdr\u017eeli n\u00e1hradu, zkontrolujte pros\u00edm znovu sv\u016fj bankovn\u00ed \u00fa\u010det.<\/p><p>Obra\u0165te se proto na spole\u010dnost vyd\u00e1vaj\u00edc\u00ed kreditn\u00ed karty, m\u016f\u017ee n\u011bjakou dobu trvat, ne\u017e bude vr\u00e1cen\u00ed pen\u011bz ofici\u00e1ln\u011b zaregistrov\u00e1no.<\/p><p>Obra\u0165te se proto na svou banku. Ne\u017e bude vr\u00e1cen\u00ed pen\u011bz zaregistrov\u00e1no, \u010dasto uplyne ur\u010dit\u00e1 doba na zpracov\u00e1n\u00ed.<\/p><p>Pokud jste toto v\u0161echno ud\u011blali a st\u00e1le jste neobdr\u017eeli n\u00e1hradu, kontaktujte n\u00e1s na adrese. <b>refund@duallshoppy.com<\/b><\/p><h5><b>V\u00fdprodejov\u00e9 polo\u017eky<\/b><\/h5><p>Vr\u00e1tit lze pouze polo\u017eky s b\u011b\u017enou cenou. Tyto polo\u017eky nelze vr\u00e1tit.<\/p><h5><b>V\u00fdm\u011bny<\/b><\/h5><p>Zbo\u017e\u00ed vym\u011b\u0148ujeme pouze v p\u0159\u00edpad\u011b, \u017ee je vadn\u00e9 nebo po\u0161kozen\u00e9. Pokud pot\u0159ebujete vym\u011bnit za stejnou polo\u017eku, vypl\u0148te pros\u00edm formul\u00e1\u0159:<\/p><\/div><\/div><\/div><\/div>\t\t\t\t\t\t\t\t<\/div>\n\t\t\t\t<\/div>\n\t\t\t\t<div class=\"elementor-element elementor-element-cc637e0 elementor-button-align-center elementor-widget elementor-widget-form\" data-id=\"cc637e0\" data-element_type=\"widget\" data-e-type=\"widget\" data-settings=\"{&quot;step_next_label&quot;:&quot;Next&quot;,&quot;step_previous_label&quot;:&quot;Previous&quot;,&quot;button_width&quot;:&quot;100&quot;,&quot;step_type&quot;:&quot;number_text&quot;,&quot;step_icon_shape&quot;:&quot;circle&quot;}\" data-no-translation=\"\" data-widget_type=\"form.default\">\n\t\t\t\t<div class=\"elementor-widget-container\">\n\t\t\t\t\t<style>.elementor-element-cc637e0{display:none !important}<\/style>\t\t\t\t<\/div>\n\t\t\t\t<\/div>\n\t\t\t\t<div class=\"elementor-element elementor-element-9c08919 elementor-widget elementor-widget-heading\" data-id=\"9c08919\" data-element_type=\"widget\" data-e-type=\"widget\" data-widget_type=\"heading.default\">\n\t\t\t\t<div class=\"elementor-widget-container\">\n\t\t\t\t\t<h4 class=\"elementor-heading-title elementor-size-default\"><div style=\"white-space: normal\"><span style=\"font-size: 10pt;font-family: NotoSans\">The Lead Empire L.L.C-FZ&nbsp;<\/span><\/div><div style=\"white-space: normal\"><span style=\"font-size: 10pt;font-family: NotoSans\">Tribuna Meydan 6. patro, Meydan Road&nbsp;<\/span><\/div><div style=\"white-space: normal\"><span style=\"font-size: 10pt;font-family: NotoSans\">Nad Al Sheba Dubaj DU&nbsp;<\/span><\/div><div style=\"white-space: normal\"><span style=\"font-size: 10pt;font-family: NotoSans\">SAE&nbsp;<\/span><\/div>\n<\/h4>\t\t\t\t<\/div>\n\t\t\t\t<\/div>\n\t\t\t\t\t<\/div>\n\t\t<\/div>\n\t\t\t\t\t<\/div>\n\t\t<\/section>\n\t\t\t\t<section data-particle_enable=\"false\" data-particle-mobile-disabled=\"false\" class=\"elementor-section elementor-top-section elementor-element elementor-element-31a7aca elementor-section-boxed elementor-section-height-default elementor-section-height-default\" data-id=\"31a7aca\" data-element_type=\"section\" data-e-type=\"section\" data-settings=\"{&quot;background_background&quot;:&quot;classic&quot;}\">\n\t\t\t\t\t\t<div class=\"elementor-container elementor-column-gap-default\">\n\t\t\t\t\t<div class=\"elementor-column elementor-col-33 elementor-top-column elementor-element elementor-element-4f44181\" data-id=\"4f44181\" data-element_type=\"column\" data-e-type=\"column\">\n\t\t\t<div class=\"elementor-widget-wrap elementor-element-populated\">\n\t\t\t\t\t\t<div class=\"elementor-element elementor-element-6f7c184 elementor-widget-divider--view-line elementor-widget elementor-widget-divider\" data-id=\"6f7c184\" data-element_type=\"widget\" data-e-type=\"widget\" data-widget_type=\"divider.default\">\n\t\t\t\t<div class=\"elementor-widget-container\">\n\t\t\t\t\t\t\t<div class=\"elementor-divider\">\n\t\t\t<span class=\"elementor-divider-separator\">\n\t\t\t\t\t\t<\/span>\n\t\t<\/div>\n\t\t\t\t\t\t<\/div>\n\t\t\t\t<\/div>\n\t\t\t\t<div class=\"elementor-element elementor-element-a476e50 elementor-widget elementor-widget-text-editor\" data-id=\"a476e50\" data-element_type=\"widget\" data-e-type=\"widget\" data-widget_type=\"text-editor.default\">\n\t\t\t\t<div class=\"elementor-widget-container\">\n\t\t\t\t\t\t\t\t\t<p>Prozkoumejte. Vyberte si. Koupit.<\/p>\t\t\t\t\t\t\t\t<\/div>\n\t\t\t\t<\/div>\n\t\t\t\t<div class=\"elementor-element elementor-element-e3f8d1d elementor-widget elementor-widget-text-editor\" data-id=\"e3f8d1d\" data-element_type=\"widget\" data-e-type=\"widget\" data-widget_type=\"text-editor.default\">\n\t\t\t\t<div class=\"elementor-widget-container\">\n\t\t\t\t\t\t\t\t\t<p>info@duallshoppy.com<\/p>\t\t\t\t\t\t\t\t<\/div>\n\t\t\t\t<\/div>\n\t\t\t\t\t<\/div>\n\t\t<\/div>\n\t\t\t\t<div class=\"elementor-column elementor-col-33 elementor-top-column elementor-element elementor-element-bfff6f6\" data-id=\"bfff6f6\" data-element_type=\"column\" data-e-type=\"column\">\n\t\t\t<div class=\"elementor-widget-wrap elementor-element-populated\">\n\t\t\t\t\t\t<div class=\"elementor-element elementor-element-cb4ae3f elementor-widget-divider--view-line elementor-widget elementor-widget-divider\" data-id=\"cb4ae3f\" data-element_type=\"widget\" data-e-type=\"widget\" data-widget_type=\"divider.default\">\n\t\t\t\t<div class=\"elementor-widget-container\">\n\t\t\t\t\t\t\t<div class=\"elementor-divider\">\n\t\t\t<span class=\"elementor-divider-separator\">\n\t\t\t\t\t\t<\/span>\n\t\t<\/div>\n\t\t\t\t\t\t<\/div>\n\t\t\t\t<\/div>\n\t\t\t\t<div class=\"elementor-element elementor-element-48117a4 elementor-widget elementor-widget-heading\" data-id=\"48117a4\" data-element_type=\"widget\" data-e-type=\"widget\" data-widget_type=\"heading.default\">\n\t\t\t\t<div class=\"elementor-widget-container\">\n\t\t\t\t\t<h2 class=\"elementor-heading-title elementor-size-default\">U\u017dITE\u010cN\u00c9 ODKAZY<\/h2>\t\t\t\t<\/div>\n\t\t\t\t<\/div>\n\t\t\t\t<div class=\"elementor-element elementor-element-7a12c73 elementor-widget elementor-widget-heading\" data-id=\"7a12c73\" data-element_type=\"widget\" data-e-type=\"widget\" data-widget_type=\"heading.default\">\n\t\t\t\t<div class=\"elementor-widget-container\">\n\t\t\t\t\t<h2 class=\"elementor-heading-title elementor-size-default\"><a href=\"https:\/\/duallshoppy.com\/cs\/privacy-and-cookie-policy\/\">Z\u00e1sady ochrany osobn\u00edch \u00fadaj\u016f a soubor\u016f cookie<\/a><\/h2>\t\t\t\t<\/div>\n\t\t\t\t<\/div>\n\t\t\t\t<div class=\"elementor-element elementor-element-3b98ee0 elementor-widget elementor-widget-heading\" data-id=\"3b98ee0\" data-element_type=\"widget\" data-e-type=\"widget\" data-widget_type=\"heading.default\">\n\t\t\t\t<div class=\"elementor-widget-container\">\n\t\t\t\t\t<h2 class=\"elementor-heading-title elementor-size-default\"><a href=\"https:\/\/duallshoppy.com\/cs\/termini-e-condizioni\/\">Podm\u00ednky a pravidla<\/a><\/h2>\t\t\t\t<\/div>\n\t\t\t\t<\/div>\n\t\t\t\t<div class=\"elementor-element elementor-element-56a6587 elementor-widget elementor-widget-heading\" data-id=\"56a6587\" data-element_type=\"widget\" data-e-type=\"widget\" data-widget_type=\"heading.default\">\n\t\t\t\t<div class=\"elementor-widget-container\">\n\t\t\t\t\t<h2 class=\"elementor-heading-title elementor-size-default\"><a href=\"https:\/\/duallshoppy.com\/cs\/cookie-policy\/\">Z\u00e1sady pou\u017e\u00edv\u00e1n\u00ed soubor\u016f cookie<\/a><\/h2>\t\t\t\t<\/div>\n\t\t\t\t<\/div>\n\t\t\t\t<div class=\"elementor-element elementor-element-04fdb97 elementor-widget elementor-widget-heading\" data-id=\"04fdb97\" data-element_type=\"widget\" data-e-type=\"widget\" data-widget_type=\"heading.default\">\n\t\t\t\t<div class=\"elementor-widget-container\">\n\t\t\t\t\t<h2 class=\"elementor-heading-title elementor-size-default\"><a href=\"https:\/\/duallshoppy.com\/cs\/contatti-2\/\">Kontaktujte n\u00e1s<\/a><\/h2>\t\t\t\t<\/div>\n\t\t\t\t<\/div>\n\t\t\t\t\t<\/div>\n\t\t<\/div>\n\t\t\t\t<div class=\"elementor-column elementor-col-33 elementor-top-column elementor-element elementor-element-e8a9b62\" data-id=\"e8a9b62\" data-element_type=\"column\" data-e-type=\"column\">\n\t\t\t<div class=\"elementor-widget-wrap elementor-element-populated\">\n\t\t\t\t\t\t<div class=\"elementor-element elementor-element-d663e2f elementor-widget-divider--view-line elementor-widget elementor-widget-divider\" data-id=\"d663e2f\" data-element_type=\"widget\" data-e-type=\"widget\" data-widget_type=\"divider.default\">\n\t\t\t\t<div class=\"elementor-widget-container\">\n\t\t\t\t\t\t\t<div class=\"elementor-divider\">\n\t\t\t<span class=\"elementor-divider-separator\">\n\t\t\t\t\t\t<\/span>\n\t\t<\/div>\n\t\t\t\t\t\t<\/div>\n\t\t\t\t<\/div>\n\t\t\t\t<div class=\"elementor-element elementor-element-05800c9 elementor-widget elementor-widget-heading\" data-id=\"05800c9\" data-element_type=\"widget\" data-e-type=\"widget\" data-widget_type=\"heading.default\">\n\t\t\t\t<div class=\"elementor-widget-container\">\n\t\t\t\t\t<h2 class=\"elementor-heading-title elementor-size-default\">DORU\u010cEN\u00cd<\/h2>\t\t\t\t<\/div>\n\t\t\t\t<\/div>\n\t\t\t\t<div class=\"elementor-element elementor-element-3bc69c3 elementor-widget elementor-widget-heading\" data-id=\"3bc69c3\" data-element_type=\"widget\" data-e-type=\"widget\" data-widget_type=\"heading.default\">\n\t\t\t\t<div class=\"elementor-widget-container\">\n\t\t\t\t\t<h2 class=\"elementor-heading-title elementor-size-default\"><a href=\"https:\/\/duallshoppy.com\/cs\/spedizione-e-consegna\/\">Z\u00e1sady doru\u010dov\u00e1n\u00ed<\/a><\/h2>\t\t\t\t<\/div>\n\t\t\t\t<\/div>\n\t\t\t\t<div class=\"elementor-element elementor-element-97dca3e elementor-widget elementor-widget-heading\" data-id=\"97dca3e\" data-element_type=\"widget\" data-e-type=\"widget\" data-widget_type=\"heading.default\">\n\t\t\t\t<div class=\"elementor-widget-container\">\n\t\t\t\t\t<h2 class=\"elementor-heading-title elementor-size-default\"><a href=\"https:\/\/duallshoppy.com\/cs\/politica-di-rimborso\/\">Z\u00e1sady vracen\u00ed pen\u011bz<\/a><\/h2>\t\t\t\t<\/div>\n\t\t\t\t<\/div>\n\t\t\t\t\t<\/div>\n\t\t<\/div>\n\t\t\t\t\t<\/div>\n\t\t<\/section>\n\t\t\t\t<\/div>","protected":false},"excerpt":{"rendered":"<p>Z\u00e1sady vracen\u00ed pen\u011bz Na\u0161e z\u00e1sady vracen\u00ed pen\u011bz a vr\u00e1cen\u00ed zbo\u017e\u00ed trvaj\u00ed 14 dn\u00ed. Pokud od n\u00e1kupu uplynulo 14 dn\u00ed, nem\u016f\u017eeme v\u00e1m nab\u00eddnout vr\u00e1cen\u00ed pen\u011bz nebo v\u00fdm\u011bnu zbo\u017e\u00ed v pln\u00e9 v\u00fd\u0161i. Abyste mohli zbo\u017e\u00ed vr\u00e1tit, mus\u00ed b\u00fdt nepou\u017eit\u00e9 a ve stejn\u00e9m stavu, v jak\u00e9m jste ho obdr\u017eeli. Mus\u00ed b\u00fdt tak\u00e9 v p\u016fvodn\u00edm obalu. [...]<\/p>","protected":false},"author":1,"featured_media":0,"parent":0,"menu_order":0,"comment_status":"closed","ping_status":"closed","template":"elementor_canvas","meta":{"footnotes":""},"class_list":["post-1379","page","type-page","status-publish","hentry"],"_links":{"self":[{"href":"https:\/\/duallshoppy.com\/cs\/wp-json\/wp\/v2\/pages\/1379","targetHints":{"allow":["GET"]}}],"collection":[{"href":"https:\/\/duallshoppy.com\/cs\/wp-json\/wp\/v2\/pages"}],"about":[{"href":"https:\/\/duallshoppy.com\/cs\/wp-json\/wp\/v2\/types\/page"}],"author":[{"embeddable":true,"href":"https:\/\/duallshoppy.com\/cs\/wp-json\/wp\/v2\/users\/1"}],"replies":[{"embeddable":true,"href":"https:\/\/duallshoppy.com\/cs\/wp-json\/wp\/v2\/comments?post=1379"}],"version-history":[{"count":26,"href":"https:\/\/duallshoppy.com\/cs\/wp-json\/wp\/v2\/pages\/1379\/revisions"}],"predecessor-version":[{"id":2075,"href":"https:\/\/duallshoppy.com\/cs\/wp-json\/wp\/v2\/pages\/1379\/revisions\/2075"}],"wp:attachment":[{"href":"https:\/\/duallshoppy.com\/cs\/wp-json\/wp\/v2\/media?parent=1379"}],"curies":[{"name":"wp","href":"https:\/\/api.w.org\/{rel}","templated":true}]}}