{"id":86,"date":"2023-11-23T23:50:42","date_gmt":"2023-11-23T23:50:42","guid":{"rendered":"https:\/\/dermatologiss.com\/?page_id=86"},"modified":"2024-05-24T17:41:29","modified_gmt":"2024-05-24T17:41:29","slug":"spedizione-e-consegna","status":"publish","type":"page","link":"https:\/\/duallshoppy.com\/cs\/spedizione-e-consegna\/","title":{"rendered":"p\u0159eprava a dod\u00e1n\u00ed"},"content":{"rendered":"<div data-elementor-type=\"wp-page\" data-elementor-id=\"86\" class=\"elementor elementor-86\" data-elementor-post-type=\"page\">\n\t\t\t\t\t\t<section data-particle_enable=\"false\" data-particle-mobile-disabled=\"false\" class=\"elementor-section elementor-top-section elementor-element elementor-element-5da41b0a elementor-section-boxed elementor-section-height-default elementor-section-height-default\" data-id=\"5da41b0a\" data-element_type=\"section\" data-e-type=\"section\">\n\t\t\t\t\t\t<div class=\"elementor-container elementor-column-gap-default\">\n\t\t\t\t\t<div class=\"elementor-column elementor-col-100 elementor-top-column elementor-element elementor-element-40c408a2\" data-id=\"40c408a2\" data-element_type=\"column\" data-e-type=\"column\">\n\t\t\t<div class=\"elementor-widget-wrap elementor-element-populated\">\n\t\t\t\t\t\t<div class=\"elementor-element elementor-element-577efdc1 elementor-widget elementor-widget-heading\" data-id=\"577efdc1\" data-element_type=\"widget\" data-e-type=\"widget\" data-widget_type=\"heading.default\">\n\t\t\t\t<div class=\"elementor-widget-container\">\n\t\t\t\t\t<h2 class=\"elementor-heading-title elementor-size-default\">Z\u00e1sady p\u0159epravy<\/h2>\t\t\t\t<\/div>\n\t\t\t\t<\/div>\n\t\t\t\t<div class=\"elementor-element elementor-element-259ede3b elementor-widget elementor-widget-text-editor\" data-id=\"259ede3b\" data-element_type=\"widget\" data-e-type=\"widget\" data-widget_type=\"text-editor.default\">\n\t\t\t\t<div class=\"elementor-widget-container\">\n\t\t\t\t\t\t\t\t\t<div class=\"shipping-page-item\"><div class=\"shipping-page-item__text\"><div id=\"translation\"><div class=\"gtx-body\"><p><strong>P\u0158EPRAVN\u00cd INFORMACE<\/strong><\/p><p><strong>V\u00fdrobky jsou dod\u00e1v\u00e1ny do cel\u00e9 It\u00e1lie, ale i do zahrani\u010d\u00ed.<\/strong><br \/>Objedn\u00e1vku lze zaslat na v\u00e1mi zvolenou adresu (dom\u016f, do pr\u00e1ce atd. - ne do po\u0161tovn\u00ed schr\u00e1nky). V\u011bt\u0161inu polo\u017eek obvykle odes\u00edl\u00e1me do 24 hodin, specifick\u00e9 polo\u017eky p\u0159ibli\u017en\u011b do 72 hodin. Doba dod\u00e1n\u00ed je jasn\u011b uvedena p\u0159i n\u00e1kupu. Dodac\u00ed lh\u016fty jsou obvykle 2-3 pracovn\u00ed dny.<\/p><p><strong>N\u00c1KLADY NA DOPRAVU<\/strong><br \/>Jak je obvykl\u00e9, z\u00e1silky zahrnuj\u00ed expresn\u00ed slu\u017eby, n\u00e1klady na dopravu, sledov\u00e1n\u00ed z\u00e1silky a podpis p\u0159i doru\u010den\u00ed, aby byl zaji\u0161t\u011bn stav zbo\u017e\u00ed.<\/p><p>U n\u011bkter\u00fdch produkt\u016f nab\u00edz\u00edme dopravu zdarma a u jin\u00fdch kategori\u00ed produkt\u016f placenou dopravu. Po zad\u00e1n\u00ed objedn\u00e1vky budete kontaktov\u00e1ni a informov\u00e1ni o cen\u011b dopravy.<\/p><h5><b>Vrac\u00ed se<\/b><\/h5><p>Chcete-li v\u00fdrobek vr\u00e1tit, mus\u00edte jej zaslat na adresu: Vr\u00e1cen\u00fd produkt mus\u00ed b\u00fdt vr\u00e1cen: {fyzick\u00e1 adresa}.<\/p><p>N\u00e1klady na vr\u00e1cen\u00ed zbo\u017e\u00ed si hrad\u00edte sami. N\u00e1klady na dopravu se nevracej\u00ed. Pokud v\u00e1m budou vr\u00e1ceny pen\u00edze, budou n\u00e1klady na zp\u011btn\u00e9 zasl\u00e1n\u00ed ode\u010dteny od vr\u00e1cen\u00fdch pen\u011bz.<\/p><p>Doba, za kterou se k v\u00e1m vym\u011bn\u011bn\u00fd v\u00fdrobek dostane, se m\u016f\u017ee li\u0161it v z\u00e1vislosti na m\u00edst\u011b va\u0161eho bydli\u0161t\u011b.<\/p><p>Pokud vrac\u00edte dra\u017e\u0161\u00ed zbo\u017e\u00ed, m\u016f\u017eete zv\u00e1\u017eit vyu\u017eit\u00ed sledovateln\u00e9 p\u0159epravn\u00ed slu\u017eby nebo zakoupen\u00ed poji\u0161t\u011bn\u00ed p\u0159epravy. Nezaru\u010dujeme, \u017ee vr\u00e1cen\u00e9 zbo\u017e\u00ed obdr\u017e\u00edme.<\/p><\/div><\/div><\/div><\/div>\t\t\t\t\t\t\t\t<\/div>\n\t\t\t\t<\/div>\n\t\t\t\t\t<\/div>\n\t\t<\/div>\n\t\t\t\t\t<\/div>\n\t\t<\/section>\n\t\t\t\t<section data-particle_enable=\"false\" data-particle-mobile-disabled=\"false\" class=\"elementor-section elementor-top-section elementor-element elementor-element-4a05985 elementor-section-boxed elementor-section-height-default elementor-section-height-default\" data-id=\"4a05985\" data-element_type=\"section\" data-e-type=\"section\" data-settings=\"{&quot;background_background&quot;:&quot;classic&quot;}\">\n\t\t\t\t\t\t<div class=\"elementor-container elementor-column-gap-default\">\n\t\t\t\t\t<div class=\"elementor-column elementor-col-33 elementor-top-column elementor-element elementor-element-53efd36\" data-id=\"53efd36\" data-element_type=\"column\" data-e-type=\"column\">\n\t\t\t<div class=\"elementor-widget-wrap elementor-element-populated\">\n\t\t\t\t\t\t<div class=\"elementor-element elementor-element-390ad8b elementor-widget-divider--view-line elementor-widget elementor-widget-divider\" data-id=\"390ad8b\" data-element_type=\"widget\" data-e-type=\"widget\" data-widget_type=\"divider.default\">\n\t\t\t\t<div class=\"elementor-widget-container\">\n\t\t\t\t\t\t\t<div class=\"elementor-divider\">\n\t\t\t<span class=\"elementor-divider-separator\">\n\t\t\t\t\t\t<\/span>\n\t\t<\/div>\n\t\t\t\t\t\t<\/div>\n\t\t\t\t<\/div>\n\t\t\t\t<div class=\"elementor-element elementor-element-6992f7d elementor-widget elementor-widget-text-editor\" data-id=\"6992f7d\" data-element_type=\"widget\" data-e-type=\"widget\" data-widget_type=\"text-editor.default\">\n\t\t\t\t<div class=\"elementor-widget-container\">\n\t\t\t\t\t\t\t\t\t<p>Prozkoumejte. Vyberte si. Koupit.<\/p>\t\t\t\t\t\t\t\t<\/div>\n\t\t\t\t<\/div>\n\t\t\t\t<div class=\"elementor-element elementor-element-db3af57 elementor-widget elementor-widget-text-editor\" data-id=\"db3af57\" data-element_type=\"widget\" data-e-type=\"widget\" data-widget_type=\"text-editor.default\">\n\t\t\t\t<div class=\"elementor-widget-container\">\n\t\t\t\t\t\t\t\t\t<p>info@duallshoppy.com<\/p>\t\t\t\t\t\t\t\t<\/div>\n\t\t\t\t<\/div>\n\t\t\t\t\t<\/div>\n\t\t<\/div>\n\t\t\t\t<div class=\"elementor-column elementor-col-33 elementor-top-column elementor-element elementor-element-7eca4db\" data-id=\"7eca4db\" data-element_type=\"column\" data-e-type=\"column\">\n\t\t\t<div class=\"elementor-widget-wrap elementor-element-populated\">\n\t\t\t\t\t\t<div class=\"elementor-element elementor-element-10e68d3 elementor-widget-divider--view-line elementor-widget elementor-widget-divider\" data-id=\"10e68d3\" data-element_type=\"widget\" data-e-type=\"widget\" data-widget_type=\"divider.default\">\n\t\t\t\t<div class=\"elementor-widget-container\">\n\t\t\t\t\t\t\t<div class=\"elementor-divider\">\n\t\t\t<span class=\"elementor-divider-separator\">\n\t\t\t\t\t\t<\/span>\n\t\t<\/div>\n\t\t\t\t\t\t<\/div>\n\t\t\t\t<\/div>\n\t\t\t\t<div class=\"elementor-element elementor-element-c15ec2c elementor-widget elementor-widget-heading\" data-id=\"c15ec2c\" data-element_type=\"widget\" data-e-type=\"widget\" data-widget_type=\"heading.default\">\n\t\t\t\t<div class=\"elementor-widget-container\">\n\t\t\t\t\t<h2 class=\"elementor-heading-title elementor-size-default\">U\u017dITE\u010cN\u00c9 ODKAZY<\/h2>\t\t\t\t<\/div>\n\t\t\t\t<\/div>\n\t\t\t\t<div class=\"elementor-element elementor-element-95adc95 elementor-widget elementor-widget-heading\" data-id=\"95adc95\" data-element_type=\"widget\" data-e-type=\"widget\" data-widget_type=\"heading.default\">\n\t\t\t\t<div class=\"elementor-widget-container\">\n\t\t\t\t\t<h2 class=\"elementor-heading-title elementor-size-default\"><a href=\"https:\/\/duallshoppy.com\/cs\/privacy-and-cookie-policy\/\">Z\u00e1sady ochrany osobn\u00edch \u00fadaj\u016f a soubor\u016f cookie<\/a><\/h2>\t\t\t\t<\/div>\n\t\t\t\t<\/div>\n\t\t\t\t<div class=\"elementor-element elementor-element-99b45fe elementor-widget elementor-widget-heading\" data-id=\"99b45fe\" data-element_type=\"widget\" data-e-type=\"widget\" data-widget_type=\"heading.default\">\n\t\t\t\t<div class=\"elementor-widget-container\">\n\t\t\t\t\t<h2 class=\"elementor-heading-title elementor-size-default\"><a href=\"https:\/\/duallshoppy.com\/cs\/termini-e-condizioni\/\">Podm\u00ednky a pravidla<\/a><\/h2>\t\t\t\t<\/div>\n\t\t\t\t<\/div>\n\t\t\t\t<div class=\"elementor-element elementor-element-7efdf38 elementor-widget elementor-widget-heading\" data-id=\"7efdf38\" data-element_type=\"widget\" data-e-type=\"widget\" data-widget_type=\"heading.default\">\n\t\t\t\t<div class=\"elementor-widget-container\">\n\t\t\t\t\t<h2 class=\"elementor-heading-title elementor-size-default\"><a href=\"https:\/\/duallshoppy.com\/cs\/cookie-policy\/\">Z\u00e1sady pou\u017e\u00edv\u00e1n\u00ed soubor\u016f cookie<\/a><\/h2>\t\t\t\t<\/div>\n\t\t\t\t<\/div>\n\t\t\t\t<div class=\"elementor-element elementor-element-f61a939 elementor-widget elementor-widget-heading\" data-id=\"f61a939\" data-element_type=\"widget\" data-e-type=\"widget\" data-widget_type=\"heading.default\">\n\t\t\t\t<div class=\"elementor-widget-container\">\n\t\t\t\t\t<h2 class=\"elementor-heading-title elementor-size-default\"><a href=\"https:\/\/duallshoppy.com\/cs\/contatti-2\/\">Kontaktujte n\u00e1s<\/a><\/h2>\t\t\t\t<\/div>\n\t\t\t\t<\/div>\n\t\t\t\t\t<\/div>\n\t\t<\/div>\n\t\t\t\t<div class=\"elementor-column elementor-col-33 elementor-top-column elementor-element elementor-element-92a900f\" data-id=\"92a900f\" data-element_type=\"column\" data-e-type=\"column\">\n\t\t\t<div class=\"elementor-widget-wrap elementor-element-populated\">\n\t\t\t\t\t\t<div class=\"elementor-element elementor-element-41ff313 elementor-widget-divider--view-line elementor-widget elementor-widget-divider\" data-id=\"41ff313\" data-element_type=\"widget\" data-e-type=\"widget\" data-widget_type=\"divider.default\">\n\t\t\t\t<div class=\"elementor-widget-container\">\n\t\t\t\t\t\t\t<div class=\"elementor-divider\">\n\t\t\t<span class=\"elementor-divider-separator\">\n\t\t\t\t\t\t<\/span>\n\t\t<\/div>\n\t\t\t\t\t\t<\/div>\n\t\t\t\t<\/div>\n\t\t\t\t<div class=\"elementor-element elementor-element-24d31a3 elementor-widget elementor-widget-heading\" data-id=\"24d31a3\" data-element_type=\"widget\" data-e-type=\"widget\" data-widget_type=\"heading.default\">\n\t\t\t\t<div class=\"elementor-widget-container\">\n\t\t\t\t\t<h2 class=\"elementor-heading-title elementor-size-default\">DORU\u010cEN\u00cd<\/h2>\t\t\t\t<\/div>\n\t\t\t\t<\/div>\n\t\t\t\t<div class=\"elementor-element elementor-element-5491aaf elementor-widget elementor-widget-heading\" data-id=\"5491aaf\" data-element_type=\"widget\" data-e-type=\"widget\" data-widget_type=\"heading.default\">\n\t\t\t\t<div class=\"elementor-widget-container\">\n\t\t\t\t\t<h2 class=\"elementor-heading-title elementor-size-default\"><a href=\"https:\/\/duallshoppy.com\/cs\/spedizione-e-consegna\/\">Z\u00e1sady doru\u010dov\u00e1n\u00ed<\/a><\/h2>\t\t\t\t<\/div>\n\t\t\t\t<\/div>\n\t\t\t\t<div class=\"elementor-element elementor-element-37fa093 elementor-widget elementor-widget-heading\" data-id=\"37fa093\" data-element_type=\"widget\" data-e-type=\"widget\" data-widget_type=\"heading.default\">\n\t\t\t\t<div class=\"elementor-widget-container\">\n\t\t\t\t\t<h2 class=\"elementor-heading-title elementor-size-default\"><a href=\"https:\/\/duallshoppy.com\/cs\/politica-di-rimborso\/\">Z\u00e1sady vracen\u00ed pen\u011bz<\/a><\/h2>\t\t\t\t<\/div>\n\t\t\t\t<\/div>\n\t\t\t\t\t<\/div>\n\t\t<\/div>\n\t\t\t\t\t<\/div>\n\t\t<\/section>\n\t\t\t\t<\/div>","protected":false},"excerpt":{"rendered":"<p>Politiche sulla Spedizione INFORMAZIONI SULLE SPEDIZIONI I prodotti vengono consegnati in tutta Italia ma anche all\u2019estero.Il vostro ordine pu\u00f2 essere inviato a un indirizzo da voi selezionato (casa, lavoro, ecc \u2013 non una casella postale). Solitamente spediamo entro 24 ore per la maggior parte degli articoli e in circa 72 ore per articoli specifici. I [&hellip;]<\/p>","protected":false},"author":1,"featured_media":0,"parent":0,"menu_order":0,"comment_status":"closed","ping_status":"closed","template":"elementor_canvas","meta":{"footnotes":""},"class_list":["post-86","page","type-page","status-publish","hentry"],"_links":{"self":[{"href":"https:\/\/duallshoppy.com\/cs\/wp-json\/wp\/v2\/pages\/86","targetHints":{"allow":["GET"]}}],"collection":[{"href":"https:\/\/duallshoppy.com\/cs\/wp-json\/wp\/v2\/pages"}],"about":[{"href":"https:\/\/duallshoppy.com\/cs\/wp-json\/wp\/v2\/types\/page"}],"author":[{"embeddable":true,"href":"https:\/\/duallshoppy.com\/cs\/wp-json\/wp\/v2\/users\/1"}],"replies":[{"embeddable":true,"href":"https:\/\/duallshoppy.com\/cs\/wp-json\/wp\/v2\/comments?post=86"}],"version-history":[{"count":12,"href":"https:\/\/duallshoppy.com\/cs\/wp-json\/wp\/v2\/pages\/86\/revisions"}],"predecessor-version":[{"id":1460,"href":"https:\/\/duallshoppy.com\/cs\/wp-json\/wp\/v2\/pages\/86\/revisions\/1460"}],"wp:attachment":[{"href":"https:\/\/duallshoppy.com\/cs\/wp-json\/wp\/v2\/media?parent=86"}],"curies":[{"name":"wp","href":"https:\/\/api.w.org\/{rel}","templated":true}]}}