{"id":1379,"date":"2024-05-21T15:15:20","date_gmt":"2024-05-21T15:15:20","guid":{"rendered":"https:\/\/dermatologiss.com\/?page_id=1379"},"modified":"2025-08-12T12:30:44","modified_gmt":"2025-08-12T12:30:44","slug":"politica-di-rimborso","status":"publish","type":"page","link":"https:\/\/duallshoppy.com\/es\/politica-di-rimborso\/","title":{"rendered":"Pol\u00edtica de reembolso"},"content":{"rendered":"<div data-elementor-type=\"wp-page\" data-elementor-id=\"1379\" class=\"elementor elementor-1379\" data-elementor-post-type=\"page\">\n\t\t\t\t\t\t<section data-particle_enable=\"false\" data-particle-mobile-disabled=\"false\" class=\"elementor-section elementor-top-section elementor-element elementor-element-5da41b0a elementor-section-boxed elementor-section-height-default elementor-section-height-default\" data-id=\"5da41b0a\" data-element_type=\"section\" data-e-type=\"section\">\n\t\t\t\t\t\t<div class=\"elementor-container elementor-column-gap-default\">\n\t\t\t\t\t<div class=\"elementor-column elementor-col-100 elementor-top-column elementor-element elementor-element-40c408a2\" data-id=\"40c408a2\" data-element_type=\"column\" data-e-type=\"column\">\n\t\t\t<div class=\"elementor-widget-wrap elementor-element-populated\">\n\t\t\t\t\t\t<div class=\"elementor-element elementor-element-577efdc1 elementor-widget elementor-widget-heading\" data-id=\"577efdc1\" data-element_type=\"widget\" data-e-type=\"widget\" data-widget_type=\"heading.default\">\n\t\t\t\t<div class=\"elementor-widget-container\">\n\t\t\t\t\t<h2 class=\"elementor-heading-title elementor-size-default\">Pol\u00edtica de reembolso<\/h2>\t\t\t\t<\/div>\n\t\t\t\t<\/div>\n\t\t\t\t<div class=\"elementor-element elementor-element-259ede3b elementor-widget elementor-widget-text-editor\" data-id=\"259ede3b\" data-element_type=\"widget\" data-e-type=\"widget\" data-widget_type=\"text-editor.default\">\n\t\t\t\t<div class=\"elementor-widget-container\">\n\t\t\t\t\t\t\t\t\t<div class=\"shipping-page-item\"><div class=\"shipping-page-item__text\"><div id=\"translation\"><div class=\"gtx-body\"><p>Nuestra pol\u00edtica de reembolsos y devoluciones dura 14 d\u00edas. Si han pasado 14 d\u00edas desde tu compra, no podemos ofrecerte un reembolso o cambio completo.<\/p><p>Para poder realizar una devoluci\u00f3n, el art\u00edculo debe estar sin usar y en las mismas condiciones en las que lo recibi\u00f3. Tambi\u00e9n debe estar en su embalaje original.<\/p><p>Varios tipos de mercanc\u00edas est\u00e1n exentos de devoluci\u00f3n. Los productos perecederos, como alimentos, flores, peri\u00f3dicos o revistas, no pueden devolverse. Adem\u00e1s, no aceptamos productos \u00edntimos o sanitarios, materiales peligrosos ni l\u00edquidos o gases inflamables.<\/p><p>Art\u00edculos adicionales no retornables:<\/p><ul><li>Tarjetas regalo<\/li><li>Productos de software descargables<\/li><li>Algunos art\u00edculos de salud y cuidado personal<\/li><\/ul><div>\u00a0<\/div><div><p>Para completar la devoluci\u00f3n, necesitamos un recibo o prueba de compra.<\/p><\/div><p>No devuelva su compra al fabricante.<\/p><p>Hay algunas situaciones en las que s\u00f3lo se conceden reembolsos parciales:<\/p><ul><li>Libro con evidentes signos de uso<\/li><li>CD, DVD, cintas VHS, programas inform\u00e1ticos, videojuegos, casetes o discos de vinilo que hayan sido abiertos<\/li><\/ul><div>\u00a0<\/div><p>Cualquier art\u00edculo que no est\u00e9 en su estado original, est\u00e9 da\u00f1ado o le falten piezas por motivos no imputables a nosotros.<br \/>Cualquier art\u00edculo devuelto m\u00e1s de 30 d\u00edas despu\u00e9s de la entrega<\/p><p>\u00a0<\/p><h5><b>Reembolso<\/b><\/h5><p>Una vez que hayamos recibido e inspeccionado su devoluci\u00f3n, le enviaremos un correo electr\u00f3nico para informarle de que hemos recibido el art\u00edculo devuelto. Tambi\u00e9n le informaremos de la aprobaci\u00f3n o rechazo de su devoluci\u00f3n.<\/p><p>Si se aprueba, el reembolso se procesar\u00e1 y se aplicar\u00e1 autom\u00e1ticamente un cr\u00e9dito a su tarjeta de cr\u00e9dito o m\u00e9todo de pago original en un determinado n\u00famero de d\u00edas.<\/p><h5><b>Devoluciones fuera de plazo<\/b><\/h5><p>Si a\u00fan no ha recibido el reembolso, vuelva a comprobar su cuenta bancaria.<\/p><p>As\u00ed que p\u00f3ngase en contacto con la entidad emisora de su tarjeta de cr\u00e9dito, puede pasar alg\u00fan tiempo antes de que se registre oficialmente su reembolso.<\/p><p>P\u00f3ngase en contacto con su banco. A menudo transcurre alg\u00fan tiempo de tramitaci\u00f3n antes de que se registre el reembolso.<\/p><p>Si ha hecho todo esto y a\u00fan no ha recibido el reembolso, p\u00f3ngase en contacto con nosotros en <b>refund@duallshoppy.com<\/b><\/p><h5><b>Art\u00edculos en venta<\/b><\/h5><p>S\u00f3lo se reembolsar\u00e1n los art\u00edculos de precio normal. Estos art\u00edculos no se pueden reembolsar.<\/p><h5><b>Intercambios<\/b><\/h5><p>S\u00f3lo sustituimos art\u00edculos si est\u00e1n defectuosos o da\u00f1ados. Si necesitas sustituirlo por el mismo art\u00edculo, rellena el formulario:<\/p><\/div><\/div><\/div><\/div>\t\t\t\t\t\t\t\t<\/div>\n\t\t\t\t<\/div>\n\t\t\t\t<div class=\"elementor-element elementor-element-cc637e0 elementor-button-align-center elementor-widget elementor-widget-form\" data-id=\"cc637e0\" data-element_type=\"widget\" data-e-type=\"widget\" data-settings=\"{&quot;step_next_label&quot;:&quot;Next&quot;,&quot;step_previous_label&quot;:&quot;Previous&quot;,&quot;button_width&quot;:&quot;100&quot;,&quot;step_type&quot;:&quot;number_text&quot;,&quot;step_icon_shape&quot;:&quot;circle&quot;}\" data-no-translation=\"\" data-widget_type=\"form.default\">\n\t\t\t\t<div class=\"elementor-widget-container\">\n\t\t\t\t\t<style>.elementor-element-cc637e0{display:none !important}<\/style>\t\t\t\t<\/div>\n\t\t\t\t<\/div>\n\t\t\t\t<div class=\"elementor-element elementor-element-9c08919 elementor-widget elementor-widget-heading\" data-id=\"9c08919\" data-element_type=\"widget\" data-e-type=\"widget\" data-widget_type=\"heading.default\">\n\t\t\t\t<div class=\"elementor-widget-container\">\n\t\t\t\t\t<h4 class=\"elementor-heading-title elementor-size-default\"><div style=\"white-space: normal\"><span style=\"font-size: 10pt;font-family: NotoSans\">El Imperio del Plomo L.L.C-FZ&nbsp;<\/span><\/div><div style=\"white-space: normal\"><span style=\"font-size: 10pt;font-family: NotoSans\">Meydan Grandstand 6\u00aa planta, Meydan Road&nbsp;<\/span><\/div><div style=\"white-space: normal\"><span style=\"font-size: 10pt;font-family: NotoSans\">Nad Al Sheba Dubai DU&nbsp;<\/span><\/div><div style=\"white-space: normal\"><span style=\"font-size: 10pt;font-family: NotoSans\">EAU&nbsp;<\/span><\/div>\n<\/h4>\t\t\t\t<\/div>\n\t\t\t\t<\/div>\n\t\t\t\t\t<\/div>\n\t\t<\/div>\n\t\t\t\t\t<\/div>\n\t\t<\/section>\n\t\t\t\t<section data-particle_enable=\"false\" data-particle-mobile-disabled=\"false\" class=\"elementor-section elementor-top-section elementor-element elementor-element-31a7aca elementor-section-boxed elementor-section-height-default elementor-section-height-default\" data-id=\"31a7aca\" data-element_type=\"section\" data-e-type=\"section\" data-settings=\"{&quot;background_background&quot;:&quot;classic&quot;}\">\n\t\t\t\t\t\t<div class=\"elementor-container elementor-column-gap-default\">\n\t\t\t\t\t<div class=\"elementor-column elementor-col-33 elementor-top-column elementor-element elementor-element-4f44181\" data-id=\"4f44181\" data-element_type=\"column\" data-e-type=\"column\">\n\t\t\t<div class=\"elementor-widget-wrap elementor-element-populated\">\n\t\t\t\t\t\t<div class=\"elementor-element elementor-element-6f7c184 elementor-widget-divider--view-line elementor-widget elementor-widget-divider\" data-id=\"6f7c184\" data-element_type=\"widget\" data-e-type=\"widget\" data-widget_type=\"divider.default\">\n\t\t\t\t<div class=\"elementor-widget-container\">\n\t\t\t\t\t\t\t<div class=\"elementor-divider\">\n\t\t\t<span class=\"elementor-divider-separator\">\n\t\t\t\t\t\t<\/span>\n\t\t<\/div>\n\t\t\t\t\t\t<\/div>\n\t\t\t\t<\/div>\n\t\t\t\t<div class=\"elementor-element elementor-element-a476e50 elementor-widget elementor-widget-text-editor\" data-id=\"a476e50\" data-element_type=\"widget\" data-e-type=\"widget\" data-widget_type=\"text-editor.default\">\n\t\t\t\t<div class=\"elementor-widget-container\">\n\t\t\t\t\t\t\t\t\t<p>Explora. Elige. Compre.<\/p>\t\t\t\t\t\t\t\t<\/div>\n\t\t\t\t<\/div>\n\t\t\t\t<div class=\"elementor-element elementor-element-e3f8d1d elementor-widget elementor-widget-text-editor\" data-id=\"e3f8d1d\" data-element_type=\"widget\" data-e-type=\"widget\" data-widget_type=\"text-editor.default\">\n\t\t\t\t<div class=\"elementor-widget-container\">\n\t\t\t\t\t\t\t\t\t<p>info@duallshoppy.com<\/p>\t\t\t\t\t\t\t\t<\/div>\n\t\t\t\t<\/div>\n\t\t\t\t\t<\/div>\n\t\t<\/div>\n\t\t\t\t<div class=\"elementor-column elementor-col-33 elementor-top-column elementor-element elementor-element-bfff6f6\" data-id=\"bfff6f6\" data-element_type=\"column\" data-e-type=\"column\">\n\t\t\t<div class=\"elementor-widget-wrap elementor-element-populated\">\n\t\t\t\t\t\t<div class=\"elementor-element elementor-element-cb4ae3f elementor-widget-divider--view-line elementor-widget elementor-widget-divider\" data-id=\"cb4ae3f\" data-element_type=\"widget\" data-e-type=\"widget\" data-widget_type=\"divider.default\">\n\t\t\t\t<div class=\"elementor-widget-container\">\n\t\t\t\t\t\t\t<div class=\"elementor-divider\">\n\t\t\t<span class=\"elementor-divider-separator\">\n\t\t\t\t\t\t<\/span>\n\t\t<\/div>\n\t\t\t\t\t\t<\/div>\n\t\t\t\t<\/div>\n\t\t\t\t<div class=\"elementor-element elementor-element-48117a4 elementor-widget elementor-widget-heading\" data-id=\"48117a4\" data-element_type=\"widget\" data-e-type=\"widget\" data-widget_type=\"heading.default\">\n\t\t\t\t<div class=\"elementor-widget-container\">\n\t\t\t\t\t<h2 class=\"elementor-heading-title elementor-size-default\">ENLACES \u00daTILES<\/h2>\t\t\t\t<\/div>\n\t\t\t\t<\/div>\n\t\t\t\t<div class=\"elementor-element elementor-element-7a12c73 elementor-widget elementor-widget-heading\" data-id=\"7a12c73\" data-element_type=\"widget\" data-e-type=\"widget\" data-widget_type=\"heading.default\">\n\t\t\t\t<div class=\"elementor-widget-container\">\n\t\t\t\t\t<h2 class=\"elementor-heading-title elementor-size-default\"><a href=\"https:\/\/duallshoppy.com\/es\/privacy-and-cookie-policy\/\">Pol\u00edtica de privacidad y cookies<\/a><\/h2>\t\t\t\t<\/div>\n\t\t\t\t<\/div>\n\t\t\t\t<div class=\"elementor-element elementor-element-3b98ee0 elementor-widget elementor-widget-heading\" data-id=\"3b98ee0\" data-element_type=\"widget\" data-e-type=\"widget\" data-widget_type=\"heading.default\">\n\t\t\t\t<div class=\"elementor-widget-container\">\n\t\t\t\t\t<h2 class=\"elementor-heading-title elementor-size-default\"><a href=\"https:\/\/duallshoppy.com\/es\/termini-e-condizioni\/\">Condiciones generales<\/a><\/h2>\t\t\t\t<\/div>\n\t\t\t\t<\/div>\n\t\t\t\t<div class=\"elementor-element elementor-element-56a6587 elementor-widget elementor-widget-heading\" data-id=\"56a6587\" data-element_type=\"widget\" data-e-type=\"widget\" data-widget_type=\"heading.default\">\n\t\t\t\t<div class=\"elementor-widget-container\">\n\t\t\t\t\t<h2 class=\"elementor-heading-title elementor-size-default\"><a href=\"https:\/\/duallshoppy.com\/es\/cookie-policy\/\">Pol\u00edtica de cookies<\/a><\/h2>\t\t\t\t<\/div>\n\t\t\t\t<\/div>\n\t\t\t\t<div class=\"elementor-element elementor-element-04fdb97 elementor-widget elementor-widget-heading\" data-id=\"04fdb97\" data-element_type=\"widget\" data-e-type=\"widget\" data-widget_type=\"heading.default\">\n\t\t\t\t<div class=\"elementor-widget-container\">\n\t\t\t\t\t<h2 class=\"elementor-heading-title elementor-size-default\"><a href=\"https:\/\/duallshoppy.com\/es\/contatti-2\/\">P\u00f3ngase en contacto con nosotros<\/a><\/h2>\t\t\t\t<\/div>\n\t\t\t\t<\/div>\n\t\t\t\t\t<\/div>\n\t\t<\/div>\n\t\t\t\t<div class=\"elementor-column elementor-col-33 elementor-top-column elementor-element elementor-element-e8a9b62\" data-id=\"e8a9b62\" data-element_type=\"column\" data-e-type=\"column\">\n\t\t\t<div class=\"elementor-widget-wrap elementor-element-populated\">\n\t\t\t\t\t\t<div class=\"elementor-element elementor-element-d663e2f elementor-widget-divider--view-line elementor-widget elementor-widget-divider\" data-id=\"d663e2f\" data-element_type=\"widget\" data-e-type=\"widget\" data-widget_type=\"divider.default\">\n\t\t\t\t<div class=\"elementor-widget-container\">\n\t\t\t\t\t\t\t<div class=\"elementor-divider\">\n\t\t\t<span class=\"elementor-divider-separator\">\n\t\t\t\t\t\t<\/span>\n\t\t<\/div>\n\t\t\t\t\t\t<\/div>\n\t\t\t\t<\/div>\n\t\t\t\t<div class=\"elementor-element elementor-element-05800c9 elementor-widget elementor-widget-heading\" data-id=\"05800c9\" data-element_type=\"widget\" data-e-type=\"widget\" data-widget_type=\"heading.default\">\n\t\t\t\t<div class=\"elementor-widget-container\">\n\t\t\t\t\t<h2 class=\"elementor-heading-title elementor-size-default\">ENTREGA<\/h2>\t\t\t\t<\/div>\n\t\t\t\t<\/div>\n\t\t\t\t<div class=\"elementor-element elementor-element-3bc69c3 elementor-widget elementor-widget-heading\" data-id=\"3bc69c3\" data-element_type=\"widget\" data-e-type=\"widget\" data-widget_type=\"heading.default\">\n\t\t\t\t<div class=\"elementor-widget-container\">\n\t\t\t\t\t<h2 class=\"elementor-heading-title elementor-size-default\"><a href=\"https:\/\/duallshoppy.com\/es\/spedizione-e-consegna\/\">Pol\u00edtica de entrega<\/a><\/h2>\t\t\t\t<\/div>\n\t\t\t\t<\/div>\n\t\t\t\t<div class=\"elementor-element elementor-element-97dca3e elementor-widget elementor-widget-heading\" data-id=\"97dca3e\" data-element_type=\"widget\" data-e-type=\"widget\" data-widget_type=\"heading.default\">\n\t\t\t\t<div class=\"elementor-widget-container\">\n\t\t\t\t\t<h2 class=\"elementor-heading-title elementor-size-default\"><a href=\"https:\/\/duallshoppy.com\/es\/politica-di-rimborso\/\">Pol\u00edtica de reembolso<\/a><\/h2>\t\t\t\t<\/div>\n\t\t\t\t<\/div>\n\t\t\t\t\t<\/div>\n\t\t<\/div>\n\t\t\t\t\t<\/div>\n\t\t<\/section>\n\t\t\t\t<\/div>","protected":false},"excerpt":{"rendered":"<p>Politica di Rimborso La nostra politica di rimborso e restituzione dura 14 giorni. Se sono trascorsi 14 giorni dall\u2019acquisto, non possiamo offrirti un rimborso completo o uno scambio. Per poter beneficiare di un reso, il tuo articolo deve essere inutilizzato e nelle stesse condizioni in cui lo hai ricevuto. Deve anche essere nella confezione originale. [&hellip;]<\/p>","protected":false},"author":1,"featured_media":0,"parent":0,"menu_order":0,"comment_status":"closed","ping_status":"closed","template":"elementor_canvas","meta":{"footnotes":""},"class_list":["post-1379","page","type-page","status-publish","hentry"],"_links":{"self":[{"href":"https:\/\/duallshoppy.com\/es\/wp-json\/wp\/v2\/pages\/1379","targetHints":{"allow":["GET"]}}],"collection":[{"href":"https:\/\/duallshoppy.com\/es\/wp-json\/wp\/v2\/pages"}],"about":[{"href":"https:\/\/duallshoppy.com\/es\/wp-json\/wp\/v2\/types\/page"}],"author":[{"embeddable":true,"href":"https:\/\/duallshoppy.com\/es\/wp-json\/wp\/v2\/users\/1"}],"replies":[{"embeddable":true,"href":"https:\/\/duallshoppy.com\/es\/wp-json\/wp\/v2\/comments?post=1379"}],"version-history":[{"count":26,"href":"https:\/\/duallshoppy.com\/es\/wp-json\/wp\/v2\/pages\/1379\/revisions"}],"predecessor-version":[{"id":2075,"href":"https:\/\/duallshoppy.com\/es\/wp-json\/wp\/v2\/pages\/1379\/revisions\/2075"}],"wp:attachment":[{"href":"https:\/\/duallshoppy.com\/es\/wp-json\/wp\/v2\/media?parent=1379"}],"curies":[{"name":"wp","href":"https:\/\/api.w.org\/{rel}","templated":true}]}}