{"id":82,"date":"2023-11-23T23:48:50","date_gmt":"2023-11-23T23:48:50","guid":{"rendered":"https:\/\/dermatologiss.com\/?page_id=82"},"modified":"2025-08-12T12:25:47","modified_gmt":"2025-08-12T12:25:47","slug":"termini-e-condizioni","status":"publish","type":"page","link":"https:\/\/duallshoppy.com\/es\/termini-e-condizioni\/","title":{"rendered":"condiciones generales"},"content":{"rendered":"<div data-elementor-type=\"wp-page\" data-elementor-id=\"82\" class=\"elementor elementor-82\" data-elementor-post-type=\"page\">\n\t\t\t\t\t\t<section data-particle_enable=\"false\" data-particle-mobile-disabled=\"false\" class=\"elementor-section elementor-top-section elementor-element elementor-element-189db930 elementor-section-boxed elementor-section-height-default elementor-section-height-default\" data-id=\"189db930\" data-element_type=\"section\" data-e-type=\"section\">\n\t\t\t\t\t\t<div class=\"elementor-container elementor-column-gap-default\">\n\t\t\t\t\t<div class=\"elementor-column elementor-col-100 elementor-top-column elementor-element elementor-element-2845bd90\" data-id=\"2845bd90\" data-element_type=\"column\" data-e-type=\"column\">\n\t\t\t<div class=\"elementor-widget-wrap elementor-element-populated\">\n\t\t\t\t\t\t<div class=\"elementor-element elementor-element-24aef4f3 elementor-widget elementor-widget-text-editor\" data-id=\"24aef4f3\" data-element_type=\"widget\" data-e-type=\"widget\" data-widget_type=\"text-editor.default\">\n\t\t\t\t<div class=\"elementor-widget-container\">\n\t\t\t\t\t\t\t\t\t<div><h1>T\u00c9RMINOS Y CONDICIONES DE LA MARCA DUALL SHOPPY<\/h1><p style=\"margin-right: 0px; margin-bottom: 20px; margin-left: 0px; line-height: 1.8; color: #333333; font-family: Poppins, sans-serif; font-size: 15px;\"><span style=\"font-weight: var( --e-global-typography-text-font-weight );\">Condiciones de preventa<\/span><\/p><p style=\"margin-right: 0px; margin-bottom: 20px; margin-left: 0px; line-height: 1.8; color: #333333; font-family: Poppins, sans-serif; font-size: 15px;\">1) el cliente potencial acepta sin reservas y es consciente de que la relaci\u00f3n jur\u00eddica, civil, econ\u00f3mica y fiscal derivada de la compra de este producto debe entenderse \"entre el comprador particular\" y la \"empresa productora\/distribuidora del producto\".<br \/>2) el cliente potencial es informado y consciente de que Benvenuti Store. Econ\u00f3micamente, jur\u00eddicamente, fiscalmente, es s\u00f3lo una empresa externa que opera en el sector del marketing online, y que en virtud de su objeto social puede optar por \"realizar campa\u00f1as publicitarias\" de bienes o servicios producidos\/distribuidos\/comercializados por empresas fabricantes\/distribuidoras\/comerciales; que optan por promocionar sus productos\/servicios a trav\u00e9s de redes de afiliaci\u00f3n, a las que est\u00e1 afiliada, aunque sea temporalmente\u00a0<span style=\"letter-spacing: -0.27px;\">Tienda de bienvenida<\/span>.<br \/>O\u00a0<span style=\"letter-spacing: -0.27px;\">Tienda de bienvenida<\/span>elegir los productos\/servicios presentes en las distintas redes de afiliaci\u00f3n, estudiar su marca y poner en marcha una estrategia de marketing online a su cargo, explotando los distintos canales puestos a disposici\u00f3n por la red (por ejemplo, comercio electr\u00f3nico, Ebay, redes sociales, etc.), CON EL FIN DE GENERAR contactos \u00fatiles (clientes potenciales\/leads), que muestren inter\u00e9s por los productos\/servicios. Y para conectar a estos clientes potenciales con las empresas fabricantes\/distribuidoras\/comerciales propietarias de los productos\/servicios, mediante la transferencia de los datos y eventuales pagos a trav\u00e9s de formularios especiales de contacto puestos a disposici\u00f3n por la red de afiliaci\u00f3n, que propone y ofrece sin compromiso al afiliado externo\u00a0<span style=\"letter-spacing: -0.27px;\">Tienda de bienvenida<\/span>participar en la creaci\u00f3n y realizaci\u00f3n de campa\u00f1as publicitarias por cuenta propia y a sus expensas.<br \/>3) el cliente potencial acepta sin reservas que los datos introducidos tras pulsar el bot\u00f3n de compra puedan ser utilizados por la empresa\u00a0<span style=\"letter-spacing: -0.27px;\">Tienda de bienvenida<\/span>\u00a0exclusivamente para ser transferido a las empresas productoras\/distribuidoras\/comercializadoras a trav\u00e9s de formularios de contacto especiales proporcionados por la red de afiliados, que propone y ofrece sin obligaci\u00f3n al afiliado externo\u00a0<span style=\"letter-spacing: -0.27px;\">Tienda de bienvenida<\/span>participar en la creaci\u00f3n y realizaci\u00f3n de campa\u00f1as publicitarias por su cuenta y a su cargo. Adem\u00e1s, el cliente potencial acepta recibir en el futuro nuevos contactos de\u00a0<span style=\"letter-spacing: -0.27px;\">Tienda de bienvenida<\/span>\u00a0proponer nuevas ofertas comerciales relacionadas con este producto.<br \/>4) Pedido anticipadoEl cliente potencial acepta sin reservas que al hacer clic en el bot\u00f3n de compra\/a\u00f1adir un producto a la cesta de la compra, est\u00e1 realizando simplemente un pedido anticipado a una persona encargada de llevar a cabo campa\u00f1as publicitarias, y no a un comerciante o al fabricante\/distribuidor real del producto. Esto se debe a que:4a) debido a la naturaleza del producto, el fabricante\/distribuidor real se pondr\u00e1 en contacto con usted para asegurarse de que realmente puede utilizar el producto. S\u00f3lo entonces se producir\u00e1 una transacci\u00f3n comercial entre usted (consumidor\/cliente potencial) y el fabricante\/distribuidor y usted pasar\u00e1 de ser un cliente potencial a ser un cliente y el pedido se har\u00e1 efectivo.4b)\u00a0<span style=\"letter-spacing: -0.27px;\">Tienda de bienvenida<\/span>\u00a0no es distribuidor, no es propietario del producto, no est\u00e1 en posesi\u00f3n material del producto, no importa, env\u00eda, comercializa el objeto de este anuncio de ninguna manera. S\u00f3lo cuando sus datos est\u00e9n en posesi\u00f3n del fabricante\/distribuidor y sean utilizados por \u00e9ste, tendr\u00e1 lugar una transacci\u00f3n comercial entre usted si se dan los requisitos previos (su confirmaci\u00f3n del pedido previo) y usted pasar\u00e1 de ser un cliente potencial a un cliente del fabricante\/distribuidor y el pedido ser\u00e1 efectivo.<br \/>5) Garant\u00edas5a)\u00a0<span style=\"letter-spacing: -0.27px;\">Tienda de bienvenida<\/span>\u00a0garantiza la custodia de los datos del cliente potencial, as\u00ed como de cualquier pago, con la debida diligencia desde el momento en que se realiza el pedido previo hasta el momento de la transferencia efectiva a la empresa fabricante\/distribuidora.5b)\u00a0<span style=\"letter-spacing: -0.27px;\">Tienda de bienvenida<\/span>\u00a0a pesar de ser una empresa de marketing y no un comerciante y \/ o el fabricante \/ distribuidor del producto; y ha activado el anuncio s\u00f3lo para generar un cliente potencial que no es un comprador, y por lo tanto un contacto \u00fatil y NO una transacci\u00f3n comercial, garantiza al cliente potencial: la asistencia en la medida de lo posible en cualquier problema que surja con el fabricante \/ distribuidor sin ser legal, jur\u00eddica, fiscal y comercialmente obligado. Asistencia que se llevar\u00e1 a cabo con la facilitaci\u00f3n de las interacciones entre el cliente potencial y la empresa en las solicitudes de devoluciones y retornos requeridos de acuerdo con la normativa vigente.<br \/>6) Este anuncio se dirige exclusivamente a particulares y no a empresas.\u00a0<span style=\"letter-spacing: -0.27px;\">Tienda de bienvenida<\/span>\u00a0no tiene ninguna relaci\u00f3n financiera y econ\u00f3mica con las empresas productoras\/distribuidoras, sino \u00fanicamente con la red de afiliaci\u00f3n que proporciona la oferta sobre la que construir una campa\u00f1a publicitaria. De ello se deduce que las solicitudes de facturaci\u00f3n de las empresas s\u00f3lo pueden ser solicitadas a las empresas productoras\/distribuidoras, \u00fanicamente durante la llamada telef\u00f3nica de confirmaci\u00f3n, que seg\u00fan su r\u00e9gimen fiscal elijan utilizar. Y no a\u00a0<span style=\"letter-spacing: -0.27px;\">Tienda de bienvenida<\/span>La raz\u00f3n de ello es que, debido a la naturaleza del pedido anticipado, no tiene la certeza de que vaya a recibir una remuneraci\u00f3n por el contacto individual generado, sino que recibe una remuneraci\u00f3n no especificada exclusivamente de la red de afiliados a trav\u00e9s de la cual pone en contacto a los clientes potenciales y a la empresa productora\/distribuidora.<br \/>7)\u00a0<span style=\"letter-spacing: -0.27px;\">Tienda de bienvenida<\/span>\u00a0no garantiza que los productos se env\u00eden desde almacenes situados en Italia o San Marino, ni que el env\u00edo se realice a trav\u00e9s de empresas de mensajer\u00eda espec\u00edficas, sino \u00fanicamente que el env\u00edo respete los plazos de entrega una vez que el cliente potencial confirme el pedido previo con el fabricante-distribuidor y se concluya efectivamente una transacci\u00f3n comercial entre ambas partes.<br \/>8) el cliente potencial acepta sin reservas que\u00a0<span style=\"letter-spacing: -0.27px;\">Tienda de bienvenida<\/span>\u00a0no se responsabiliza fiscal, legal y civilmente por cualquier tipo de disputa y\/o problema de cualquier naturaleza derivado de la confirmaci\u00f3n del pedido y del uso del producto comercializado por el fabricante\/distribuidor en este anuncio. Para cualquier litigio, dir\u00edjase al fabricante\/distribuidor cuya raz\u00f3n social se indica siempre en el embalaje.<br \/>9) el cliente potencial acepta sin reservas que\u00a0<span style=\"letter-spacing: -0.27px;\">Tienda de bienvenida<\/span>\u00a0s\u00f3lo est\u00e1 obligado a efectuar reembolsos por compras realizadas con el sistema de pago Paypal, y s\u00f3lo en los casos en que el distribuidor\/fabricante del producto reciba una solicitud de devoluci\u00f3n en los plazos y de la forma prescritos por la ley, y especialmente s\u00f3lo para productos precintados. En ausencia de precinto, no se efectuar\u00e1 ning\u00fan reembolso.<br \/>10)\u00a0<span style=\"letter-spacing: -0.27px;\">Tienda de bienvenida<\/span>\u00a0no garantiza la veracidad de la informaci\u00f3n facilitada por la red de afiliaci\u00f3n y las empresas distribuidoras\/fabricantes, no garantiza el cumplimiento de la normativa vigente por parte de dichas entidades, ya que no est\u00e1 obligada como agencia de marketing a verificar nada relacionado con el producto anunciado.<br \/>En este sentido, el cliente potencial acepta sin reservas que con respecto a este producto, la imagen es proporcionada por el cat\u00e1logo del fabricante\/distribuidor, el envase puede ser diferente en detalles menores, porque el fabricante\/distribuidor se reserva el derecho de cambiar estos detalles a su entera discreci\u00f3n. Adem\u00e1s, dado que los fabricantes siempre se esfuerzan por mejorar sus productos, el cliente potencial tambi\u00e9n acepta que el contenido del producto puede diferir de la descripci\u00f3n porque el fabricante lo ha mejorado en t\u00e9rminos de concentraci\u00f3n e ingredientes. De tal conformidad, podr\u00e1 informarse en el momento de la confirmaci\u00f3n telef\u00f3nica.<br \/>11) El cliente potencial acepta que la principal forma de pago de este producto es contra reembolso y que \u00e9ste s\u00f3lo tendr\u00e1 lugar previa confirmaci\u00f3n por tel\u00e9fono y s\u00f3lo tras la recepci\u00f3n del producto por parte del fabricante\/distribuidor. En caso de que el cliente potencial elija otra forma de pago,\u00a0<span style=\"letter-spacing: -0.27px;\">Tienda de bienvenida<\/span>\u00a0podr\u00e1 elegir entre reembolsar inmediatamente al cliente y ejecutar la transferencia de los datos del pedido previo al distribuidor\/fabricante, que enviar\u00e1 la mercanc\u00eda contra reembolso una vez recibida la confirmaci\u00f3n de la compra. O bien, sin ninguna obligaci\u00f3n comercial, cobrar el pago y transferirlo junto con los datos al distribuidor\/fabricante a trav\u00e9s de los formularios de contacto proporcionados por la red de afiliados.<br \/>12)\u00a0<span style=\"letter-spacing: -0.27px;\">Tienda de bienvenida<\/span>\u00a0no se hace responsable de lo que cualquier otra empresa online, en cualquier p\u00e1gina web externa o interna a nuestro comercio electr\u00f3nico, afirme sobre el producto objeto de la campa\u00f1a publicitaria.<br \/>13) Este anuncio NO garantiza nada, NO promete nada milagroso, NO incita al usuario con trucos enga\u00f1osos a pre-ordenar el producto apelando a necesidades e inconvenientes de ning\u00fan tipo. Al hacer clic en el bot\u00f3n de compra y pre-ordenar el producto en este anuncio, el cliente potencial es consciente de que quiere ser contactado por el distribuidor\/fabricante para realizar la compra previa confirmaci\u00f3n telef\u00f3nica, no\u00a0<span style=\"letter-spacing: -0.27px;\">Tienda de bienvenida<\/span>sin ninguna garant\u00eda de resultado, sin la fraudulenta \"garant\u00eda de devoluci\u00f3n del dinero\" que suele haber por ah\u00ed.\u00a0<span style=\"letter-spacing: -0.27px;\">Tienda de bienvenida<\/span>\u00a0ACONSEJA al cliente potencial que proceda con el pedido anticipado S\u00d3LO si est\u00e1 seguro, por consejo m\u00e9dico, de que puede disponer del producto y de que sus ingredientes le aportar\u00e1n realmente beneficios. Adem\u00e1s del asesoramiento m\u00e9dico, es aconsejable comunicar por tel\u00e9fono cualquier duda y patolog\u00eda o dolencia a la empresa de ventas\/distribuidor\/fabricante en el momento de confirmar el pedido anticipado.<br \/>14) Queda prohibida la compra del producto por parte de menores de edad.<br \/>Por lo general, la compra por un menor puede declararse nula, porque el menor de 18 a\u00f1os carece de capacidad de obrar. Esto da derecho a los padres a reclamar el reembolso de la suma gastada, anulando tambi\u00e9n las consecuencias del contrato a distancia. Sin embargo, este principio no se aplica en los casos en que el menor haya ocultado o falseado su edad mediante un comportamiento enga\u00f1oso o declar\u00e1ndose mayor de edad al registrarse en este sitio.<br \/>15) De conformidad con el art\u00edculo 52 del Decreto Legislativo 206\/2005, modificado y completado, salvo las excepciones previstas en el art\u00edculo 59 del mismo decreto, el consumidor dispone de un plazo de catorce d\u00edas para desistir de un contrato a distancia o celebrado fuera del establecimiento, sin necesidad de alegar motivo alguno y sin incurrir en gastos distintos de los previstos en el art\u00edculo 56, apartado 2, y en el art\u00edculo 57. Debido a la naturaleza del pedido anticipado, este derecho comenzar\u00e1 y se contar\u00e1 a partir del d\u00eda en que se reciba el producto en el domicilio.<br \/>16) Con respecto a los plazos de entrega, el cliente potencial, aceptando la naturaleza del pedido previo al hacer clic en el bot\u00f3n de compra\/a\u00f1adir el producto a la cesta de la compra y liberar sus datos, acepta sin reservas que los horarios de funcionamiento del distribuidor\/fabricante son los siguientes:- Pedido previo realizado hasta las 14.00 horas, llamada telef\u00f3nica en un plazo de 2 horas.Prepedido realizado hasta las 14 horas, llamada telef\u00f3nica en un plazo de 2 horas, tras confirmaci\u00f3n telef\u00f3nica 30 minutos para embalaje y recogida del art\u00edculo por el mensajero en el distribuidor\/fabricante, y entrega en 1 \u00f3 2 d\u00edas laborables.- Prepedido realizado despu\u00e9s de las 14 horas, llamada telef\u00f3nica en un plazo de 12 horas, tras confirmaci\u00f3n telef\u00f3nica 30 minutos para embalaje y recogida del art\u00edculo por el mensajero en el distribuidor\/fabricante, y entrega en 1 \u00f3 2 d\u00edas laborables. Por lo tanto, el cliente potencial acepta que los plazos pueden variar debido a su falta de respuesta a la llamada telef\u00f3nica de confirmaci\u00f3n obligatoria del distribuidor, y por lo tanto no tiene ning\u00fan recurso contra\u00a0<span style=\"letter-spacing: -0.27px;\">Tienda de bienvenida<\/span>\u00a0en modo alguno por posibles retrasos.<br \/>17) Debido a la mera naturaleza publicitaria del servicio, cualquier comentario negativo, incluso en forma de comentario sobre la ineficacia del producto, emitido sin pruebas, ser\u00e1 denunciado para su eliminaci\u00f3n y borrado.<br \/>18)\u00a0<span style=\"letter-spacing: -0.27px;\">Tienda de bienvenida<\/span>ni la red de afiliaci\u00f3n, ni las empresas distribuidoras\/fabricantes podr\u00e1n ser consideradas en ning\u00fan caso responsables en caso de aparici\u00f3n de patolog\u00edas y\/o cualquier tipo de condici\u00f3n f\u00edsica indicada como nociva o de alg\u00fan modo perjudicial para la salud. Esto se debe a que se incluye en el punto 13 de estos t\u00e9rminos y condiciones, una declaraci\u00f3n en la que se aconseja al cliente potencial ANTES de realizar el pedido previo, que visite a su propio m\u00e9dico y\/o especialista, para saber con certeza si su condici\u00f3n f\u00edsica le permite tomar o entrar en contacto con el producto de cualquier forma, sin correr ning\u00fan riesgo para su salud. Al potencial comprador no s\u00f3lo se le informa para que sea m\u00e1s consciente de los riesgos derivados incluso del contacto con el producto en su caso concreto, sino que adem\u00e1s, en varios puntos de la descripci\u00f3n, se le insta a que NO divulgue sus datos si no existe una consulta m\u00e9dica previa que desmienta su uso certificado.<br \/>19) Ning\u00fan t\u00e9rmino escrito y utilizado en cualquier plataforma en l\u00ednea por el personal de la plataforma podr\u00e1 interpretarse, bajo ninguna circunstancia, como un cambio en la naturaleza corporativa de\u00a0<span style=\"letter-spacing: -0.27px;\">Tienda de bienvenida<\/span>. Por ejemplo, si eccomerce u otras plataformas identifican a un vendedor como\u00a0<span style=\"letter-spacing: -0.27px;\">Tienda de bienvenida<\/span>esto no significa que sea realmente una empresa con fines comerciales, o que proponga anuncios para vender y\/o realizar una transacci\u00f3n comercial directa entre ella y un cliente potencial.<br \/>Al realizar una compra y, por tanto, un pago, usted acepta cada palabra de lo que est\u00e1 escrito.<\/p><p style=\"margin-right: 0px; margin-bottom: 20px; margin-left: 0px; line-height: 1.8; color: #333333; font-family: Poppins, sans-serif; font-size: 15px;\">\u00a0<\/p><div>El Imperio del Plomo L.L.C-FZ<\/div><div>Meydan Grandstand 6\u00aa planta, Meydan Road<\/div><div>Nad Al Sheba Dubai DU<\/div><div>EAU<\/div><\/div><div><div><div>\u00a0<\/div><\/div><\/div>\t\t\t\t\t\t\t\t<\/div>\n\t\t\t\t<\/div>\n\t\t\t\t\t<\/div>\n\t\t<\/div>\n\t\t\t\t\t<\/div>\n\t\t<\/section>\n\t\t\t\t<section data-particle_enable=\"false\" data-particle-mobile-disabled=\"false\" class=\"elementor-section elementor-top-section elementor-element elementor-element-4dfba3c elementor-section-boxed elementor-section-height-default elementor-section-height-default\" data-id=\"4dfba3c\" data-element_type=\"section\" data-e-type=\"section\" data-settings=\"{&quot;background_background&quot;:&quot;classic&quot;}\">\n\t\t\t\t\t\t<div class=\"elementor-container elementor-column-gap-default\">\n\t\t\t\t\t<div class=\"elementor-column elementor-col-33 elementor-top-column elementor-element elementor-element-51ab543\" data-id=\"51ab543\" data-element_type=\"column\" data-e-type=\"column\">\n\t\t\t<div class=\"elementor-widget-wrap elementor-element-populated\">\n\t\t\t\t\t\t<div class=\"elementor-element elementor-element-66d2d22 elementor-widget-divider--view-line elementor-widget elementor-widget-divider\" data-id=\"66d2d22\" data-element_type=\"widget\" data-e-type=\"widget\" data-widget_type=\"divider.default\">\n\t\t\t\t<div class=\"elementor-widget-container\">\n\t\t\t\t\t\t\t<div class=\"elementor-divider\">\n\t\t\t<span class=\"elementor-divider-separator\">\n\t\t\t\t\t\t<\/span>\n\t\t<\/div>\n\t\t\t\t\t\t<\/div>\n\t\t\t\t<\/div>\n\t\t\t\t<div class=\"elementor-element elementor-element-f03e88c elementor-widget elementor-widget-text-editor\" data-id=\"f03e88c\" data-element_type=\"widget\" data-e-type=\"widget\" data-widget_type=\"text-editor.default\">\n\t\t\t\t<div class=\"elementor-widget-container\">\n\t\t\t\t\t\t\t\t\t<p>Explora. Elige. Compre.<\/p>\t\t\t\t\t\t\t\t<\/div>\n\t\t\t\t<\/div>\n\t\t\t\t<div class=\"elementor-element elementor-element-46114f3 elementor-widget elementor-widget-text-editor\" data-id=\"46114f3\" data-element_type=\"widget\" data-e-type=\"widget\" data-widget_type=\"text-editor.default\">\n\t\t\t\t<div class=\"elementor-widget-container\">\n\t\t\t\t\t\t\t\t\t<p>info@duallshoppy.com<\/p>\t\t\t\t\t\t\t\t<\/div>\n\t\t\t\t<\/div>\n\t\t\t\t\t<\/div>\n\t\t<\/div>\n\t\t\t\t<div class=\"elementor-column elementor-col-33 elementor-top-column elementor-element elementor-element-c29288f\" data-id=\"c29288f\" data-element_type=\"column\" data-e-type=\"column\">\n\t\t\t<div class=\"elementor-widget-wrap elementor-element-populated\">\n\t\t\t\t\t\t<div class=\"elementor-element elementor-element-9ba4f6e elementor-widget-divider--view-line elementor-widget elementor-widget-divider\" data-id=\"9ba4f6e\" data-element_type=\"widget\" data-e-type=\"widget\" data-widget_type=\"divider.default\">\n\t\t\t\t<div class=\"elementor-widget-container\">\n\t\t\t\t\t\t\t<div class=\"elementor-divider\">\n\t\t\t<span class=\"elementor-divider-separator\">\n\t\t\t\t\t\t<\/span>\n\t\t<\/div>\n\t\t\t\t\t\t<\/div>\n\t\t\t\t<\/div>\n\t\t\t\t<div class=\"elementor-element elementor-element-4d7949d elementor-widget elementor-widget-heading\" data-id=\"4d7949d\" data-element_type=\"widget\" data-e-type=\"widget\" data-widget_type=\"heading.default\">\n\t\t\t\t<div class=\"elementor-widget-container\">\n\t\t\t\t\t<h2 class=\"elementor-heading-title elementor-size-default\">ENLACES \u00daTILES<\/h2>\t\t\t\t<\/div>\n\t\t\t\t<\/div>\n\t\t\t\t<div class=\"elementor-element elementor-element-36b1cc6 elementor-widget elementor-widget-heading\" data-id=\"36b1cc6\" data-element_type=\"widget\" data-e-type=\"widget\" data-widget_type=\"heading.default\">\n\t\t\t\t<div class=\"elementor-widget-container\">\n\t\t\t\t\t<h2 class=\"elementor-heading-title elementor-size-default\"><a href=\"https:\/\/duallshoppy.com\/es\/privacy-and-cookie-policy\/\">Pol\u00edtica de privacidad y cookies<\/a><\/h2>\t\t\t\t<\/div>\n\t\t\t\t<\/div>\n\t\t\t\t<div class=\"elementor-element elementor-element-a490d1d elementor-widget elementor-widget-heading\" data-id=\"a490d1d\" data-element_type=\"widget\" data-e-type=\"widget\" data-widget_type=\"heading.default\">\n\t\t\t\t<div class=\"elementor-widget-container\">\n\t\t\t\t\t<h2 class=\"elementor-heading-title elementor-size-default\"><a href=\"https:\/\/duallshoppy.com\/es\/termini-e-condizioni\/\">Condiciones generales<\/a><\/h2>\t\t\t\t<\/div>\n\t\t\t\t<\/div>\n\t\t\t\t<div class=\"elementor-element elementor-element-da47525 elementor-widget elementor-widget-heading\" data-id=\"da47525\" data-element_type=\"widget\" data-e-type=\"widget\" data-widget_type=\"heading.default\">\n\t\t\t\t<div class=\"elementor-widget-container\">\n\t\t\t\t\t<h2 class=\"elementor-heading-title elementor-size-default\"><a href=\"https:\/\/duallshoppy.com\/es\/cookie-policy\/\">Pol\u00edtica de cookies<\/a><\/h2>\t\t\t\t<\/div>\n\t\t\t\t<\/div>\n\t\t\t\t<div class=\"elementor-element elementor-element-7a066ee elementor-widget elementor-widget-heading\" data-id=\"7a066ee\" data-element_type=\"widget\" data-e-type=\"widget\" data-widget_type=\"heading.default\">\n\t\t\t\t<div class=\"elementor-widget-container\">\n\t\t\t\t\t<h2 class=\"elementor-heading-title elementor-size-default\"><a href=\"https:\/\/duallshoppy.com\/es\/contatti-2\/\">P\u00f3ngase en contacto con nosotros<\/a><\/h2>\t\t\t\t<\/div>\n\t\t\t\t<\/div>\n\t\t\t\t\t<\/div>\n\t\t<\/div>\n\t\t\t\t<div class=\"elementor-column elementor-col-33 elementor-top-column elementor-element elementor-element-a273051\" data-id=\"a273051\" data-element_type=\"column\" data-e-type=\"column\">\n\t\t\t<div class=\"elementor-widget-wrap elementor-element-populated\">\n\t\t\t\t\t\t<div class=\"elementor-element elementor-element-611e1e7 elementor-widget-divider--view-line elementor-widget elementor-widget-divider\" data-id=\"611e1e7\" data-element_type=\"widget\" data-e-type=\"widget\" data-widget_type=\"divider.default\">\n\t\t\t\t<div class=\"elementor-widget-container\">\n\t\t\t\t\t\t\t<div class=\"elementor-divider\">\n\t\t\t<span class=\"elementor-divider-separator\">\n\t\t\t\t\t\t<\/span>\n\t\t<\/div>\n\t\t\t\t\t\t<\/div>\n\t\t\t\t<\/div>\n\t\t\t\t<div class=\"elementor-element elementor-element-59a8c85 elementor-widget elementor-widget-heading\" data-id=\"59a8c85\" data-element_type=\"widget\" data-e-type=\"widget\" data-widget_type=\"heading.default\">\n\t\t\t\t<div class=\"elementor-widget-container\">\n\t\t\t\t\t<h2 class=\"elementor-heading-title elementor-size-default\">ENTREGA<\/h2>\t\t\t\t<\/div>\n\t\t\t\t<\/div>\n\t\t\t\t<div class=\"elementor-element elementor-element-f0a2a11 elementor-widget elementor-widget-heading\" data-id=\"f0a2a11\" data-element_type=\"widget\" data-e-type=\"widget\" data-widget_type=\"heading.default\">\n\t\t\t\t<div class=\"elementor-widget-container\">\n\t\t\t\t\t<h2 class=\"elementor-heading-title elementor-size-default\"><a href=\"https:\/\/duallshoppy.com\/es\/spedizione-e-consegna\/\">Pol\u00edtica de entrega<\/a><\/h2>\t\t\t\t<\/div>\n\t\t\t\t<\/div>\n\t\t\t\t<div class=\"elementor-element elementor-element-312f367 elementor-widget elementor-widget-heading\" data-id=\"312f367\" data-element_type=\"widget\" data-e-type=\"widget\" data-widget_type=\"heading.default\">\n\t\t\t\t<div class=\"elementor-widget-container\">\n\t\t\t\t\t<h2 class=\"elementor-heading-title elementor-size-default\"><a href=\"https:\/\/duallshoppy.com\/es\/politica-di-rimborso\/\">Pol\u00edtica de reembolso<\/a><\/h2>\t\t\t\t<\/div>\n\t\t\t\t<\/div>\n\t\t\t\t\t<\/div>\n\t\t<\/div>\n\t\t\t\t\t<\/div>\n\t\t<\/section>\n\t\t\t\t<\/div>","protected":false},"excerpt":{"rendered":"<p>TERMINI E CONDIZIONI DUALL SHOPPY BRAND Termini e Condizioni prevendita 1) il potenziale cliente accetta senza riserva alcuna ed \u00e8 consapevole che il rapporto giuridico, legale, civile, economico e fiscale nascente dall\u2019acquisto del presente prodotto \u00e8 da intendersi \u201ctra il privato acquirente\u201d e la \u201csociet\u00e0 produttrice\/distributrice del prodotto\u201d.2) il potenziale cliente \u00e8 consapevole informato e [&hellip;]<\/p>","protected":false},"author":1,"featured_media":0,"parent":0,"menu_order":0,"comment_status":"closed","ping_status":"closed","template":"elementor_canvas","meta":{"footnotes":""},"class_list":["post-82","page","type-page","status-publish","hentry"],"_links":{"self":[{"href":"https:\/\/duallshoppy.com\/es\/wp-json\/wp\/v2\/pages\/82","targetHints":{"allow":["GET"]}}],"collection":[{"href":"https:\/\/duallshoppy.com\/es\/wp-json\/wp\/v2\/pages"}],"about":[{"href":"https:\/\/duallshoppy.com\/es\/wp-json\/wp\/v2\/types\/page"}],"author":[{"embeddable":true,"href":"https:\/\/duallshoppy.com\/es\/wp-json\/wp\/v2\/users\/1"}],"replies":[{"embeddable":true,"href":"https:\/\/duallshoppy.com\/es\/wp-json\/wp\/v2\/comments?post=82"}],"version-history":[{"count":15,"href":"https:\/\/duallshoppy.com\/es\/wp-json\/wp\/v2\/pages\/82\/revisions"}],"predecessor-version":[{"id":2066,"href":"https:\/\/duallshoppy.com\/es\/wp-json\/wp\/v2\/pages\/82\/revisions\/2066"}],"wp:attachment":[{"href":"https:\/\/duallshoppy.com\/es\/wp-json\/wp\/v2\/media?parent=82"}],"curies":[{"name":"wp","href":"https:\/\/api.w.org\/{rel}","templated":true}]}}