{"id":923,"date":"2024-03-14T00:16:11","date_gmt":"2024-03-14T00:16:11","guid":{"rendered":"https:\/\/dermatologiss.com\/?page_id=923"},"modified":"2024-03-14T00:16:37","modified_gmt":"2024-03-14T00:16:37","slug":"grazie-specchietto","status":"publish","type":"page","link":"https:\/\/duallshoppy.com\/es\/grazie-specchietto\/","title":{"rendered":"GRACIAS espejo"},"content":{"rendered":"<div data-elementor-type=\"wp-page\" data-elementor-id=\"923\" class=\"elementor elementor-923\" data-elementor-post-type=\"page\">\n\t\t\t\t\t\t<section data-particle_enable=\"false\" data-particle-mobile-disabled=\"false\" class=\"elementor-section elementor-top-section elementor-element elementor-element-1fbf993c elementor-section-boxed elementor-section-height-default elementor-section-height-default\" data-id=\"1fbf993c\" data-element_type=\"section\" data-e-type=\"section\" data-settings=\"{&quot;background_background&quot;:&quot;classic&quot;}\">\n\t\t\t\t\t\t<div class=\"elementor-container elementor-column-gap-default\">\n\t\t\t\t\t<div class=\"elementor-column elementor-col-100 elementor-top-column elementor-element elementor-element-459956a0\" data-id=\"459956a0\" data-element_type=\"column\" data-e-type=\"column\">\n\t\t\t<div class=\"elementor-widget-wrap elementor-element-populated\">\n\t\t\t\t\t\t<div class=\"elementor-element elementor-element-589e4a56 elementor-widget elementor-widget-text-editor\" data-id=\"589e4a56\" data-element_type=\"widget\" data-e-type=\"widget\" data-widget_type=\"text-editor.default\">\n\t\t\t\t<div class=\"elementor-widget-container\">\n\t\t\t\t\t\t\t\t\t<p>Gracias.<\/p>\t\t\t\t\t\t\t\t<\/div>\n\t\t\t\t<\/div>\n\t\t\t\t<div class=\"elementor-element elementor-element-6c90cb97 elementor-widget elementor-widget-text-editor\" data-id=\"6c90cb97\" data-element_type=\"widget\" data-e-type=\"widget\" data-widget_type=\"text-editor.default\">\n\t\t\t\t<div class=\"elementor-widget-container\">\n\t\t\t\t\t\t\t\t\t<p>Su pedido ha sido aceptado.<\/p>\t\t\t\t\t\t\t\t<\/div>\n\t\t\t\t<\/div>\n\t\t\t\t<div class=\"elementor-element elementor-element-94fa84e elementor-widget elementor-widget-text-editor\" data-id=\"94fa84e\" data-element_type=\"widget\" data-e-type=\"widget\" data-widget_type=\"text-editor.default\">\n\t\t\t\t<div class=\"elementor-widget-container\">\n\t\t\t\t\t\t\t\t\t<p>Uno de nuestros operadores se pondr\u00e1 en contacto con usted para confirmar el pedido.\u00a0<br \/>La entrega se realizar\u00e1 mediante un servicio de mensajer\u00eda.\u00a0<br \/><span style=\"font-size: 1em;\">Pago contra reembolso<\/span><\/p>\t\t\t\t\t\t\t\t<\/div>\n\t\t\t\t<\/div>\n\t\t\t\t\t<\/div>\n\t\t<\/div>\n\t\t\t\t\t<\/div>\n\t\t<\/section>\n\t\t\t\t<section data-particle_enable=\"false\" data-particle-mobile-disabled=\"false\" class=\"elementor-section elementor-top-section elementor-element elementor-element-12964c48 elementor-section-boxed elementor-section-height-default elementor-section-height-default\" data-id=\"12964c48\" data-element_type=\"section\" data-e-type=\"section\" data-settings=\"{&quot;background_background&quot;:&quot;classic&quot;}\">\n\t\t\t\t\t\t<div class=\"elementor-container elementor-column-gap-default\">\n\t\t\t\t\t<div class=\"elementor-column elementor-col-100 elementor-top-column elementor-element elementor-element-2d9bca8d\" data-id=\"2d9bca8d\" data-element_type=\"column\" data-e-type=\"column\">\n\t\t\t<div class=\"elementor-widget-wrap elementor-element-populated\">\n\t\t\t\t\t\t<div class=\"elementor-element elementor-element-cfd262 elementor-widget elementor-widget-text-editor\" data-id=\"cfd262\" data-element_type=\"widget\" data-e-type=\"widget\" data-widget_type=\"text-editor.default\">\n\t\t\t\t<div class=\"elementor-widget-container\">\n\t\t\t\t\t\t\t\t\t<p>Todos los datos recogidos en esta p\u00e1gina no ser\u00e1n utilizados por Facebook y sin intenci\u00f3n de marketing. Utilizaremos sus datos \u00fanicamente para realizar el seguimiento de un pedido de Cash On Delivery System.<\/p>\t\t\t\t\t\t\t\t<\/div>\n\t\t\t\t<\/div>\n\t\t\t\t<div class=\"elementor-element elementor-element-1196f734 elementor-widget elementor-widget-text-editor\" data-id=\"1196f734\" data-element_type=\"widget\" data-e-type=\"widget\" data-widget_type=\"text-editor.default\">\n\t\t\t\t<div class=\"elementor-widget-container\">\n\t\t\t\t\t\t\t\t\t<p>Este sitio no forma parte del sitio web de Facebook ni de Facebook Inc. Adem\u00e1s, este sitio NO est\u00e1 avalado por Facebook en modo alguno. Facebook es una marca comercial de Facebook, Inc.<\/p>\t\t\t\t\t\t\t\t<\/div>\n\t\t\t\t<\/div>\n\t\t\t\t<div class=\"elementor-element elementor-element-4ec22f87 elementor-widget elementor-widget-text-editor\" data-id=\"4ec22f87\" data-element_type=\"widget\" data-e-type=\"widget\" data-widget_type=\"text-editor.default\">\n\t\t\t\t<div class=\"elementor-widget-container\">\n\t\t\t\t\t\t\t\t\t<p>Copyright 2020 Dermatologiss - Todos los derechos reservados<\/p>\t\t\t\t\t\t\t\t<\/div>\n\t\t\t\t<\/div>\n\t\t\t\t\t<\/div>\n\t\t<\/div>\n\t\t\t\t\t<\/div>\n\t\t<\/section>\n\t\t\t\t<\/div>","protected":false},"excerpt":{"rendered":"<p>Grazie! Il tuo ordine \u00e8 stato accettato! Un nostro operatore ti contatter\u00e0 per confermare l`ordine.\u00a0La consegna sar\u00e0 effettuata da un servizio di corriere.\u00a0Il pagamento &#8211; alla consegna! Every data collected in this page won&#8217;t be used by Facebook and without marketing intent. We will use your data only to track an order for Cash On [&hellip;]<\/p>","protected":false},"author":1,"featured_media":0,"parent":0,"menu_order":0,"comment_status":"closed","ping_status":"closed","template":"elementor_canvas","meta":{"footnotes":""},"class_list":["post-923","page","type-page","status-publish","hentry"],"_links":{"self":[{"href":"https:\/\/duallshoppy.com\/es\/wp-json\/wp\/v2\/pages\/923","targetHints":{"allow":["GET"]}}],"collection":[{"href":"https:\/\/duallshoppy.com\/es\/wp-json\/wp\/v2\/pages"}],"about":[{"href":"https:\/\/duallshoppy.com\/es\/wp-json\/wp\/v2\/types\/page"}],"author":[{"embeddable":true,"href":"https:\/\/duallshoppy.com\/es\/wp-json\/wp\/v2\/users\/1"}],"replies":[{"embeddable":true,"href":"https:\/\/duallshoppy.com\/es\/wp-json\/wp\/v2\/comments?post=923"}],"version-history":[{"count":4,"href":"https:\/\/duallshoppy.com\/es\/wp-json\/wp\/v2\/pages\/923\/revisions"}],"predecessor-version":[{"id":927,"href":"https:\/\/duallshoppy.com\/es\/wp-json\/wp\/v2\/pages\/923\/revisions\/927"}],"wp:attachment":[{"href":"https:\/\/duallshoppy.com\/es\/wp-json\/wp\/v2\/media?parent=923"}],"curies":[{"name":"wp","href":"https:\/\/api.w.org\/{rel}","templated":true}]}}