{"id":1379,"date":"2024-05-21T15:15:20","date_gmt":"2024-05-21T15:15:20","guid":{"rendered":"https:\/\/dermatologiss.com\/?page_id=1379"},"modified":"2025-08-12T12:30:44","modified_gmt":"2025-08-12T12:30:44","slug":"politica-di-rimborso","status":"publish","type":"page","link":"https:\/\/duallshoppy.com\/hu\/politica-di-rimborso\/","title":{"rendered":"Visszat\u00e9r\u00edt\u00e9si politika"},"content":{"rendered":"<div data-elementor-type=\"wp-page\" data-elementor-id=\"1379\" class=\"elementor elementor-1379\" data-elementor-post-type=\"page\">\n\t\t\t\t\t\t<section data-particle_enable=\"false\" data-particle-mobile-disabled=\"false\" class=\"elementor-section elementor-top-section elementor-element elementor-element-5da41b0a elementor-section-boxed elementor-section-height-default elementor-section-height-default\" data-id=\"5da41b0a\" data-element_type=\"section\" data-e-type=\"section\">\n\t\t\t\t\t\t<div class=\"elementor-container elementor-column-gap-default\">\n\t\t\t\t\t<div class=\"elementor-column elementor-col-100 elementor-top-column elementor-element elementor-element-40c408a2\" data-id=\"40c408a2\" data-element_type=\"column\" data-e-type=\"column\">\n\t\t\t<div class=\"elementor-widget-wrap elementor-element-populated\">\n\t\t\t\t\t\t<div class=\"elementor-element elementor-element-577efdc1 elementor-widget elementor-widget-heading\" data-id=\"577efdc1\" data-element_type=\"widget\" data-e-type=\"widget\" data-widget_type=\"heading.default\">\n\t\t\t\t<div class=\"elementor-widget-container\">\n\t\t\t\t\t<h2 class=\"elementor-heading-title elementor-size-default\">Visszat\u00e9r\u00edt\u00e9si politika<\/h2>\t\t\t\t<\/div>\n\t\t\t\t<\/div>\n\t\t\t\t<div class=\"elementor-element elementor-element-259ede3b elementor-widget elementor-widget-text-editor\" data-id=\"259ede3b\" data-element_type=\"widget\" data-e-type=\"widget\" data-widget_type=\"text-editor.default\">\n\t\t\t\t<div class=\"elementor-widget-container\">\n\t\t\t\t\t\t\t\t\t<div class=\"shipping-page-item\"><div class=\"shipping-page-item__text\"><div id=\"translation\"><div class=\"gtx-body\"><p>Visszat\u00e9r\u00edt\u00e9si \u00e9s visszat\u00e9r\u00edt\u00e9si szab\u00e1lyzatunk 14 napig tart. Ha 14 nap telt el a v\u00e1s\u00e1rl\u00e1s \u00f3ta, nem \u00e1ll m\u00f3dunkban teljes visszat\u00e9r\u00edt\u00e9st vagy cser\u00e9t felaj\u00e1nlani.<\/p><p>A visszak\u00fcld\u00e9shez a term\u00e9knek haszn\u00e1laton k\u00edv\u00fclinek \u00e9s ugyanolyan \u00e1llapotban kell lennie, mint ahogyan azt megkapta. A term\u00e9knek az eredeti csomagol\u00e1sban kell lennie.<\/p><p>Sz\u00e1mos \u00e1rut\u00edpus mentes\u00fcl a visszak\u00fcld\u00e9s al\u00f3l. Az olyan romland\u00f3 \u00e1ruk, mint az \u00e9lelmiszerek, vir\u00e1gok, \u00fajs\u00e1gok vagy magazinok nem k\u00fcldhet\u0151k vissza. Ezen k\u00edv\u00fcl nem fogadunk el intim vagy eg\u00e9szs\u00e9g\u00fcgyi term\u00e9keket, vesz\u00e9lyes anyagokat vagy gy\u00fal\u00e9kony folyad\u00e9kokat vagy g\u00e1zokat.<\/p><p>Tov\u00e1bbi nem visszav\u00e1lthat\u00f3 t\u00e9telek:<\/p><ul><li>Aj\u00e1nd\u00e9kk\u00e1rty\u00e1k<\/li><li>Let\u00f6lthet\u0151 szoftverterm\u00e9kek<\/li><li>N\u00e9h\u00e1ny eg\u00e9szs\u00e9g\u00fcgyi \u00e9s test\u00e1pol\u00e1si cikk<\/li><\/ul><div>\u00a0<\/div><div><p>A visszak\u00fcld\u00e9s befejez\u00e9s\u00e9hez sz\u00fcks\u00e9g\u00fcnk van a v\u00e1s\u00e1rl\u00e1st igazol\u00f3 bizonylatra vagy a v\u00e1s\u00e1rl\u00e1st igazol\u00f3 bizonylatra.<\/p><\/div><p>K\u00e9rj\u00fck, ne k\u00fcldje vissza a v\u00e1s\u00e1rl\u00e1st a gy\u00e1rt\u00f3nak.<\/p><p>Vannak olyan helyzetek, amikor csak r\u00e9szleges visszat\u00e9r\u00edt\u00e9sre ker\u00fcl sor:<\/p><ul><li>K\u00f6nyv nyilv\u00e1nval\u00f3 haszn\u00e1lati nyomokkal<\/li><li>CD-k, DVD-k, VHS kazett\u00e1k, szoftverek, videoj\u00e1t\u00e9kok, kazett\u00e1k vagy bakelitlemezek, amelyeket felbontottak.<\/li><\/ul><div>\u00a0<\/div><p>B\u00e1rmely olyan term\u00e9k, amely nem az eredeti \u00e1llapot\u00e1ban van, s\u00e9r\u00fclt vagy hi\u00e1nyzik bel\u0151le olyan okokb\u00f3l, amelyek nem a mi hib\u00e1nkb\u00f3l erednek.<br \/>B\u00e1rmely, a sz\u00e1ll\u00edt\u00e1st\u00f3l sz\u00e1m\u00edtott 30 napon t\u00fal visszak\u00fcld\u00f6tt term\u00e9k<\/p><p>\u00a0<\/p><h5><b>Visszat\u00e9r\u00edt\u00e9s<\/b><\/h5><p>Miut\u00e1n megkaptuk \u00e9s megvizsg\u00e1ltuk a visszak\u00fcld\u00f6tt term\u00e9ket, e-mailben \u00e9rtes\u00edtj\u00fck \u00d6nt, hogy megkaptuk a visszak\u00fcld\u00f6tt term\u00e9ket. A visszat\u00e9r\u00edt\u00e9s j\u00f3v\u00e1hagy\u00e1s\u00e1r\u00f3l vagy elutas\u00edt\u00e1s\u00e1r\u00f3l is t\u00e1j\u00e9koztatjuk \u00d6nt.<\/p><p>Ha j\u00f3v\u00e1hagyj\u00e1k, a visszat\u00e9r\u00edt\u00e9st feldolgozzuk, \u00e9s a j\u00f3v\u00e1\u00edr\u00e1st bizonyos sz\u00e1m\u00fa napon bel\u00fcl automatikusan j\u00f3v\u00e1\u00edrjuk a hitelk\u00e1rty\u00e1j\u00e1n vagy az eredeti fizet\u00e9si m\u00f3dszeren.<\/p><h5><b>K\u00e9sedelmes vagy elmaradt visszat\u00e9r\u00edt\u00e9sek<\/b><\/h5><p>Ha m\u00e9g nem kapta meg a visszat\u00e9r\u00edt\u00e9st, k\u00e9rj\u00fck, ellen\u0151rizze \u00fajra banksz\u00e1ml\u00e1j\u00e1t.<\/p><p>Vegye fel a kapcsolatot a hitelk\u00e1rtya-t\u00e1rsas\u00e1ggal, mert eltarthat egy ideig, am\u00edg a visszat\u00e9r\u00edt\u00e9st hivatalosan regisztr\u00e1lj\u00e1k.<\/p><p>Vegye fel a kapcsolatot a bankj\u00e1val. A visszat\u00e9r\u00edt\u00e9s nyilv\u00e1ntart\u00e1sba v\u00e9tele gyakran n\u00e9mi feldolgoz\u00e1si id\u0151t vesz ig\u00e9nybe.<\/p><p>Ha mindezt megtette, \u00e9s m\u00e9g mindig nem kapta meg a visszat\u00e9r\u00edt\u00e9st, k\u00e9rj\u00fck, l\u00e9pjen kapcsolatba vel\u00fcnk a k\u00f6vetkez\u0151 c\u00edmen <b>refund@duallshoppy.com<\/b><\/p><h5><b>Elad\u00f3 t\u00e9telek<\/b><\/h5><p>Csak a norm\u00e1l \u00e1r\u00fa t\u00e9teleket lehet visszat\u00e9r\u00edteni. Ezek a t\u00e9telek nem t\u00e9r\u00edthet\u0151k vissza.<\/p><h5><b>Cser\u00e9k<\/b><\/h5><p>Csak akkor cser\u00e9lj\u00fck ki a term\u00e9keket, ha azok hib\u00e1sak vagy s\u00e9r\u00fcltek. Ha ugyanarra a term\u00e9kre szeretn\u00e9 kicser\u00e9lni, k\u00e9rj\u00fck, t\u00f6ltse ki az \u0171rlapot:<\/p><\/div><\/div><\/div><\/div>\t\t\t\t\t\t\t\t<\/div>\n\t\t\t\t<\/div>\n\t\t\t\t<div class=\"elementor-element elementor-element-cc637e0 elementor-button-align-center elementor-widget elementor-widget-form\" data-id=\"cc637e0\" data-element_type=\"widget\" data-e-type=\"widget\" data-settings=\"{&quot;step_next_label&quot;:&quot;Next&quot;,&quot;step_previous_label&quot;:&quot;Previous&quot;,&quot;button_width&quot;:&quot;100&quot;,&quot;step_type&quot;:&quot;number_text&quot;,&quot;step_icon_shape&quot;:&quot;circle&quot;}\" data-no-translation=\"\" data-widget_type=\"form.default\">\n\t\t\t\t<div class=\"elementor-widget-container\">\n\t\t\t\t\t<style>.elementor-element-cc637e0{display:none !important}<\/style>\t\t\t\t<\/div>\n\t\t\t\t<\/div>\n\t\t\t\t<div class=\"elementor-element elementor-element-9c08919 elementor-widget elementor-widget-heading\" data-id=\"9c08919\" data-element_type=\"widget\" data-e-type=\"widget\" data-widget_type=\"heading.default\">\n\t\t\t\t<div class=\"elementor-widget-container\">\n\t\t\t\t\t<h4 class=\"elementor-heading-title elementor-size-default\"><div style=\"white-space: normal\"><span style=\"font-size: 10pt;font-family: NotoSans\">Az \u00d3lom Birodalom L.L.C-FZ&nbsp;<\/span><\/div><div style=\"white-space: normal\"><span style=\"font-size: 10pt;font-family: NotoSans\">Meydan Grandstand 6. emelet, Meydan Road&nbsp;<\/span><\/div><div style=\"white-space: normal\"><span style=\"font-size: 10pt;font-family: NotoSans\">Nad Al Sheba Dubai DU&nbsp;<\/span><\/div><div style=\"white-space: normal\"><span style=\"font-size: 10pt;font-family: NotoSans\">UAE&nbsp;<\/span><\/div>\n<\/h4>\t\t\t\t<\/div>\n\t\t\t\t<\/div>\n\t\t\t\t\t<\/div>\n\t\t<\/div>\n\t\t\t\t\t<\/div>\n\t\t<\/section>\n\t\t\t\t<section data-particle_enable=\"false\" data-particle-mobile-disabled=\"false\" class=\"elementor-section elementor-top-section elementor-element elementor-element-31a7aca elementor-section-boxed elementor-section-height-default elementor-section-height-default\" data-id=\"31a7aca\" data-element_type=\"section\" data-e-type=\"section\" data-settings=\"{&quot;background_background&quot;:&quot;classic&quot;}\">\n\t\t\t\t\t\t<div class=\"elementor-container elementor-column-gap-default\">\n\t\t\t\t\t<div class=\"elementor-column elementor-col-33 elementor-top-column elementor-element elementor-element-4f44181\" data-id=\"4f44181\" data-element_type=\"column\" data-e-type=\"column\">\n\t\t\t<div class=\"elementor-widget-wrap elementor-element-populated\">\n\t\t\t\t\t\t<div class=\"elementor-element elementor-element-6f7c184 elementor-widget-divider--view-line elementor-widget elementor-widget-divider\" data-id=\"6f7c184\" data-element_type=\"widget\" data-e-type=\"widget\" data-widget_type=\"divider.default\">\n\t\t\t\t<div class=\"elementor-widget-container\">\n\t\t\t\t\t\t\t<div class=\"elementor-divider\">\n\t\t\t<span class=\"elementor-divider-separator\">\n\t\t\t\t\t\t<\/span>\n\t\t<\/div>\n\t\t\t\t\t\t<\/div>\n\t\t\t\t<\/div>\n\t\t\t\t<div class=\"elementor-element elementor-element-a476e50 elementor-widget elementor-widget-text-editor\" data-id=\"a476e50\" data-element_type=\"widget\" data-e-type=\"widget\" data-widget_type=\"text-editor.default\">\n\t\t\t\t<div class=\"elementor-widget-container\">\n\t\t\t\t\t\t\t\t\t<p>Fedezze fel. V\u00e1lasszon. V\u00e1s\u00e1rolj.<\/p>\t\t\t\t\t\t\t\t<\/div>\n\t\t\t\t<\/div>\n\t\t\t\t<div class=\"elementor-element elementor-element-e3f8d1d elementor-widget elementor-widget-text-editor\" data-id=\"e3f8d1d\" data-element_type=\"widget\" data-e-type=\"widget\" data-widget_type=\"text-editor.default\">\n\t\t\t\t<div class=\"elementor-widget-container\">\n\t\t\t\t\t\t\t\t\t<p>info@duallshoppy.com<\/p>\t\t\t\t\t\t\t\t<\/div>\n\t\t\t\t<\/div>\n\t\t\t\t\t<\/div>\n\t\t<\/div>\n\t\t\t\t<div class=\"elementor-column elementor-col-33 elementor-top-column elementor-element elementor-element-bfff6f6\" data-id=\"bfff6f6\" data-element_type=\"column\" data-e-type=\"column\">\n\t\t\t<div class=\"elementor-widget-wrap elementor-element-populated\">\n\t\t\t\t\t\t<div class=\"elementor-element elementor-element-cb4ae3f elementor-widget-divider--view-line elementor-widget elementor-widget-divider\" data-id=\"cb4ae3f\" data-element_type=\"widget\" data-e-type=\"widget\" data-widget_type=\"divider.default\">\n\t\t\t\t<div class=\"elementor-widget-container\">\n\t\t\t\t\t\t\t<div class=\"elementor-divider\">\n\t\t\t<span class=\"elementor-divider-separator\">\n\t\t\t\t\t\t<\/span>\n\t\t<\/div>\n\t\t\t\t\t\t<\/div>\n\t\t\t\t<\/div>\n\t\t\t\t<div class=\"elementor-element elementor-element-48117a4 elementor-widget elementor-widget-heading\" data-id=\"48117a4\" data-element_type=\"widget\" data-e-type=\"widget\" data-widget_type=\"heading.default\">\n\t\t\t\t<div class=\"elementor-widget-container\">\n\t\t\t\t\t<h2 class=\"elementor-heading-title elementor-size-default\">HASZNOS LINKEK<\/h2>\t\t\t\t<\/div>\n\t\t\t\t<\/div>\n\t\t\t\t<div class=\"elementor-element elementor-element-7a12c73 elementor-widget elementor-widget-heading\" data-id=\"7a12c73\" data-element_type=\"widget\" data-e-type=\"widget\" data-widget_type=\"heading.default\">\n\t\t\t\t<div class=\"elementor-widget-container\">\n\t\t\t\t\t<h2 class=\"elementor-heading-title elementor-size-default\"><a href=\"https:\/\/duallshoppy.com\/hu\/privacy-and-cookie-policy\/\">Adatv\u00e9delmi \u00e9s s\u00fctikre vonatkoz\u00f3 ir\u00e1nyelvek<\/a><\/h2>\t\t\t\t<\/div>\n\t\t\t\t<\/div>\n\t\t\t\t<div class=\"elementor-element elementor-element-3b98ee0 elementor-widget elementor-widget-heading\" data-id=\"3b98ee0\" data-element_type=\"widget\" data-e-type=\"widget\" data-widget_type=\"heading.default\">\n\t\t\t\t<div class=\"elementor-widget-container\">\n\t\t\t\t\t<h2 class=\"elementor-heading-title elementor-size-default\"><a href=\"https:\/\/duallshoppy.com\/hu\/termini-e-condizioni\/\">Felt\u00e9telek&amp;Felt\u00e9telek<\/a><\/h2>\t\t\t\t<\/div>\n\t\t\t\t<\/div>\n\t\t\t\t<div class=\"elementor-element elementor-element-56a6587 elementor-widget elementor-widget-heading\" data-id=\"56a6587\" data-element_type=\"widget\" data-e-type=\"widget\" data-widget_type=\"heading.default\">\n\t\t\t\t<div class=\"elementor-widget-container\">\n\t\t\t\t\t<h2 class=\"elementor-heading-title elementor-size-default\"><a href=\"https:\/\/duallshoppy.com\/hu\/cookie-policy\/\">Cookie szab\u00e1lyzat<\/a><\/h2>\t\t\t\t<\/div>\n\t\t\t\t<\/div>\n\t\t\t\t<div class=\"elementor-element elementor-element-04fdb97 elementor-widget elementor-widget-heading\" data-id=\"04fdb97\" data-element_type=\"widget\" data-e-type=\"widget\" data-widget_type=\"heading.default\">\n\t\t\t\t<div class=\"elementor-widget-container\">\n\t\t\t\t\t<h2 class=\"elementor-heading-title elementor-size-default\"><a href=\"https:\/\/duallshoppy.com\/hu\/contatti-2\/\">Kapcsolatfelv\u00e9tel<\/a><\/h2>\t\t\t\t<\/div>\n\t\t\t\t<\/div>\n\t\t\t\t\t<\/div>\n\t\t<\/div>\n\t\t\t\t<div class=\"elementor-column elementor-col-33 elementor-top-column elementor-element elementor-element-e8a9b62\" data-id=\"e8a9b62\" data-element_type=\"column\" data-e-type=\"column\">\n\t\t\t<div class=\"elementor-widget-wrap elementor-element-populated\">\n\t\t\t\t\t\t<div class=\"elementor-element elementor-element-d663e2f elementor-widget-divider--view-line elementor-widget elementor-widget-divider\" data-id=\"d663e2f\" data-element_type=\"widget\" data-e-type=\"widget\" data-widget_type=\"divider.default\">\n\t\t\t\t<div class=\"elementor-widget-container\">\n\t\t\t\t\t\t\t<div class=\"elementor-divider\">\n\t\t\t<span class=\"elementor-divider-separator\">\n\t\t\t\t\t\t<\/span>\n\t\t<\/div>\n\t\t\t\t\t\t<\/div>\n\t\t\t\t<\/div>\n\t\t\t\t<div class=\"elementor-element elementor-element-05800c9 elementor-widget elementor-widget-heading\" data-id=\"05800c9\" data-element_type=\"widget\" data-e-type=\"widget\" data-widget_type=\"heading.default\">\n\t\t\t\t<div class=\"elementor-widget-container\">\n\t\t\t\t\t<h2 class=\"elementor-heading-title elementor-size-default\">SZ\u00c1LL\u00cdT\u00c1S<\/h2>\t\t\t\t<\/div>\n\t\t\t\t<\/div>\n\t\t\t\t<div class=\"elementor-element elementor-element-3bc69c3 elementor-widget elementor-widget-heading\" data-id=\"3bc69c3\" data-element_type=\"widget\" data-e-type=\"widget\" data-widget_type=\"heading.default\">\n\t\t\t\t<div class=\"elementor-widget-container\">\n\t\t\t\t\t<h2 class=\"elementor-heading-title elementor-size-default\"><a href=\"https:\/\/duallshoppy.com\/hu\/spedizione-e-consegna\/\">Sz\u00e1ll\u00edt\u00e1si politika<\/a><\/h2>\t\t\t\t<\/div>\n\t\t\t\t<\/div>\n\t\t\t\t<div class=\"elementor-element elementor-element-97dca3e elementor-widget elementor-widget-heading\" data-id=\"97dca3e\" data-element_type=\"widget\" data-e-type=\"widget\" data-widget_type=\"heading.default\">\n\t\t\t\t<div class=\"elementor-widget-container\">\n\t\t\t\t\t<h2 class=\"elementor-heading-title elementor-size-default\"><a href=\"https:\/\/duallshoppy.com\/hu\/politica-di-rimborso\/\">Visszat\u00e9r\u00edt\u00e9si politika<\/a><\/h2>\t\t\t\t<\/div>\n\t\t\t\t<\/div>\n\t\t\t\t\t<\/div>\n\t\t<\/div>\n\t\t\t\t\t<\/div>\n\t\t<\/section>\n\t\t\t\t<\/div>","protected":false},"excerpt":{"rendered":"<p>Visszat\u00e9r\u00edt\u00e9si politika Visszat\u00e9r\u00edt\u00e9si \u00e9s visszak\u00fcld\u00e9si politik\u00e1nk 14 napig tart. Ha a v\u00e1s\u00e1rl\u00e1s \u00f3ta eltelt 14 nap, nem \u00e1ll m\u00f3dunkban teljes visszat\u00e9r\u00edt\u00e9st vagy cser\u00e9t felaj\u00e1nlani. A visszak\u00fcld\u00e9shez a term\u00e9knek haszn\u00e1laton k\u00edv\u00fclinek \u00e9s ugyanolyan \u00e1llapotban kell lennie, mint ahogyan azt megkapta. A term\u00e9knek az eredeti csomagol\u00e1sban kell lennie. [...]<\/p>","protected":false},"author":1,"featured_media":0,"parent":0,"menu_order":0,"comment_status":"closed","ping_status":"closed","template":"elementor_canvas","meta":{"footnotes":""},"class_list":["post-1379","page","type-page","status-publish","hentry"],"_links":{"self":[{"href":"https:\/\/duallshoppy.com\/hu\/wp-json\/wp\/v2\/pages\/1379","targetHints":{"allow":["GET"]}}],"collection":[{"href":"https:\/\/duallshoppy.com\/hu\/wp-json\/wp\/v2\/pages"}],"about":[{"href":"https:\/\/duallshoppy.com\/hu\/wp-json\/wp\/v2\/types\/page"}],"author":[{"embeddable":true,"href":"https:\/\/duallshoppy.com\/hu\/wp-json\/wp\/v2\/users\/1"}],"replies":[{"embeddable":true,"href":"https:\/\/duallshoppy.com\/hu\/wp-json\/wp\/v2\/comments?post=1379"}],"version-history":[{"count":26,"href":"https:\/\/duallshoppy.com\/hu\/wp-json\/wp\/v2\/pages\/1379\/revisions"}],"predecessor-version":[{"id":2075,"href":"https:\/\/duallshoppy.com\/hu\/wp-json\/wp\/v2\/pages\/1379\/revisions\/2075"}],"wp:attachment":[{"href":"https:\/\/duallshoppy.com\/hu\/wp-json\/wp\/v2\/media?parent=1379"}],"curies":[{"name":"wp","href":"https:\/\/api.w.org\/{rel}","templated":true}]}}