{"id":1379,"date":"2024-05-21T15:15:20","date_gmt":"2024-05-21T15:15:20","guid":{"rendered":"https:\/\/dermatologiss.com\/?page_id=1379"},"modified":"2025-08-12T12:30:44","modified_gmt":"2025-08-12T12:30:44","slug":"politica-di-rimborso","status":"publish","type":"page","link":"https:\/\/duallshoppy.com\/pl\/politica-di-rimborso\/","title":{"rendered":"Polityka zwrot\u00f3w"},"content":{"rendered":"<div data-elementor-type=\"wp-page\" data-elementor-id=\"1379\" class=\"elementor elementor-1379\" data-elementor-post-type=\"page\">\n\t\t\t\t\t\t<section data-particle_enable=\"false\" data-particle-mobile-disabled=\"false\" class=\"elementor-section elementor-top-section elementor-element elementor-element-5da41b0a elementor-section-boxed elementor-section-height-default elementor-section-height-default\" data-id=\"5da41b0a\" data-element_type=\"section\" data-e-type=\"section\">\n\t\t\t\t\t\t<div class=\"elementor-container elementor-column-gap-default\">\n\t\t\t\t\t<div class=\"elementor-column elementor-col-100 elementor-top-column elementor-element elementor-element-40c408a2\" data-id=\"40c408a2\" data-element_type=\"column\" data-e-type=\"column\">\n\t\t\t<div class=\"elementor-widget-wrap elementor-element-populated\">\n\t\t\t\t\t\t<div class=\"elementor-element elementor-element-577efdc1 elementor-widget elementor-widget-heading\" data-id=\"577efdc1\" data-element_type=\"widget\" data-e-type=\"widget\" data-widget_type=\"heading.default\">\n\t\t\t\t<div class=\"elementor-widget-container\">\n\t\t\t\t\t<h2 class=\"elementor-heading-title elementor-size-default\">Polityka zwrot\u00f3w<\/h2>\t\t\t\t<\/div>\n\t\t\t\t<\/div>\n\t\t\t\t<div class=\"elementor-element elementor-element-259ede3b elementor-widget elementor-widget-text-editor\" data-id=\"259ede3b\" data-element_type=\"widget\" data-e-type=\"widget\" data-widget_type=\"text-editor.default\">\n\t\t\t\t<div class=\"elementor-widget-container\">\n\t\t\t\t\t\t\t\t\t<div class=\"shipping-page-item\"><div class=\"shipping-page-item__text\"><div id=\"translation\"><div class=\"gtx-body\"><p>Nasza polityka zwrot\u00f3w trwa 14 dni. Je\u015bli min\u0119\u0142o 14 dni od zakupu, nie mo\u017cemy zaoferowa\u0107 pe\u0142nego zwrotu lub wymiany.<\/p><p>Aby kwalifikowa\u0107 si\u0119 do zwrotu, przedmiot musi by\u0107 nieu\u017cywany i w takim samym stanie, w jakim zosta\u0142 otrzymany. Musi r\u00f3wnie\u017c znajdowa\u0107 si\u0119 w oryginalnym opakowaniu.<\/p><p>Kilka rodzaj\u00f3w towar\u00f3w jest zwolnionych z obowi\u0105zku zwrotu. Zwrotowi nie podlegaj\u0105 towary \u0142atwo psuj\u0105ce si\u0119, takie jak \u017cywno\u015b\u0107, kwiaty, gazety lub czasopisma. Ponadto nie przyjmujemy produkt\u00f3w intymnych lub sanitarnych, materia\u0142\u00f3w niebezpiecznych ani \u0142atwopalnych cieczy lub gaz\u00f3w.<\/p><p>Dodatkowe przedmioty niepodlegaj\u0105ce zwrotowi:<\/p><ul><li>Karty podarunkowe<\/li><li>Oprogramowanie do pobrania<\/li><li>Niekt\u00f3re artyku\u0142y zdrowotne i higieny osobistej<\/li><\/ul><div>\u00a0<\/div><div><p>Do dokonania zwrotu wymagany jest paragon lub dow\u00f3d zakupu.<\/p><\/div><p>Nie odsy\u0142aj zakupionego produktu do producenta.<\/p><p>W niekt\u00f3rych sytuacjach przyznawane s\u0105 tylko cz\u0119\u015bciowe zwroty koszt\u00f3w:<\/p><ul><li>Ksi\u0105\u017cka z widocznymi \u015bladami u\u017cytkowania<\/li><li>otwarte p\u0142yty CD, DVD, kasety VHS, oprogramowanie, gry wideo, kasety magnetofonowe lub p\u0142yty winylowe<\/li><\/ul><div>\u00a0<\/div><p>Wszelkie przedmioty, kt\u00f3re nie s\u0105 w oryginalnym stanie, s\u0105 uszkodzone lub brakuje im cz\u0119\u015bci z przyczyn nie wynikaj\u0105cych z naszej winy.<br \/>Wszelkie przedmioty zwr\u00f3cone p\u00f3\u017aniej ni\u017c 30 dni po dostawie<\/p><p>\u00a0<\/p><h5><b>Zwrot koszt\u00f3w<\/b><\/h5><p>Po otrzymaniu i sprawdzeniu zwrotu wy\u015blemy wiadomo\u015b\u0107 e-mail z informacj\u0105, \u017ce otrzymali\u015bmy zwr\u00f3cony przedmiot. Poinformujemy r\u00f3wnie\u017c o zatwierdzeniu lub odrzuceniu zwrotu.<\/p><p>Je\u015bli zwrot zostanie zatwierdzony, zostanie on przetworzony, a \u015brodki zostan\u0105 automatycznie przelane na kart\u0119 kredytow\u0105 lub oryginaln\u0105 metod\u0119 p\u0142atno\u015bci w ci\u0105gu okre\u015blonej liczby dni.<\/p><h5><b>Op\u00f3\u017anione lub nieodebrane zwroty<\/b><\/h5><p>Je\u015bli nie otrzyma\u0142e\u015b jeszcze zwrotu pieni\u0119dzy, sprawd\u017a ponownie swoje konto bankowe.<\/p><p>Skontaktuj si\u0119 wi\u0119c z firm\u0105 obs\u0142uguj\u0105c\u0105 Twoj\u0105 kart\u0119 kredytow\u0105, mo\u017ce min\u0105\u0107 troch\u0119 czasu, zanim zwrot zostanie oficjalnie zarejestrowany.<\/p><p>Skontaktuj si\u0119 wi\u0119c ze swoim bankiem. Zanim zwrot zostanie zarejestrowany, cz\u0119sto mija troch\u0119 czasu.<\/p><p>Je\u015bli zrobi\u0142e\u015b to wszystko i nadal nie otrzyma\u0142e\u015b zwrotu pieni\u0119dzy, skontaktuj si\u0119 z nami pod adresem <b>refund@duallshoppy.com<\/b><\/p><h5><b>Przedmioty wyprzeda\u017cy<\/b><\/h5><p>Zwrotowi podlegaj\u0105 tylko przedmioty w normalnej cenie. Te przedmioty nie mog\u0105 zosta\u0107 zwr\u00f3cone.<\/p><h5><b>Wymiany<\/b><\/h5><p>Wymieniamy produkty tylko wtedy, gdy s\u0105 wadliwe lub uszkodzone. Je\u015bli chcesz wymieni\u0107 produkt na taki sam, wype\u0142nij formularz:<\/p><\/div><\/div><\/div><\/div>\t\t\t\t\t\t\t\t<\/div>\n\t\t\t\t<\/div>\n\t\t\t\t<div class=\"elementor-element elementor-element-cc637e0 elementor-button-align-center elementor-widget elementor-widget-form\" data-id=\"cc637e0\" data-element_type=\"widget\" data-e-type=\"widget\" data-settings=\"{&quot;step_next_label&quot;:&quot;Next&quot;,&quot;step_previous_label&quot;:&quot;Previous&quot;,&quot;button_width&quot;:&quot;100&quot;,&quot;step_type&quot;:&quot;number_text&quot;,&quot;step_icon_shape&quot;:&quot;circle&quot;}\" data-no-translation=\"\" data-widget_type=\"form.default\">\n\t\t\t\t<div class=\"elementor-widget-container\">\n\t\t\t\t\t<style>.elementor-element-cc637e0{display:none !important}<\/style>\t\t\t\t<\/div>\n\t\t\t\t<\/div>\n\t\t\t\t<div class=\"elementor-element elementor-element-9c08919 elementor-widget elementor-widget-heading\" data-id=\"9c08919\" data-element_type=\"widget\" data-e-type=\"widget\" data-widget_type=\"heading.default\">\n\t\t\t\t<div class=\"elementor-widget-container\">\n\t\t\t\t\t<h4 class=\"elementor-heading-title elementor-size-default\"><div style=\"white-space: normal\"><span style=\"font-size: 10pt;font-family: NotoSans\">The Lead Empire L.L.C-FZ&nbsp;<\/span><\/div><div style=\"white-space: normal\"><span style=\"font-size: 10pt;font-family: NotoSans\">Meydan Grandstand 6th Floor, Meydan Road&nbsp;<\/span><\/div><div style=\"white-space: normal\"><span style=\"font-size: 10pt;font-family: NotoSans\">Nad Al Sheba Dubai DU&nbsp;<\/span><\/div><div style=\"white-space: normal\"><span style=\"font-size: 10pt;font-family: NotoSans\">ZJEDNOCZONE EMIRATY ARABSKIE&nbsp;<\/span><\/div>\n<\/h4>\t\t\t\t<\/div>\n\t\t\t\t<\/div>\n\t\t\t\t\t<\/div>\n\t\t<\/div>\n\t\t\t\t\t<\/div>\n\t\t<\/section>\n\t\t\t\t<section data-particle_enable=\"false\" data-particle-mobile-disabled=\"false\" class=\"elementor-section elementor-top-section elementor-element elementor-element-31a7aca elementor-section-boxed elementor-section-height-default elementor-section-height-default\" data-id=\"31a7aca\" data-element_type=\"section\" data-e-type=\"section\" data-settings=\"{&quot;background_background&quot;:&quot;classic&quot;}\">\n\t\t\t\t\t\t<div class=\"elementor-container elementor-column-gap-default\">\n\t\t\t\t\t<div class=\"elementor-column elementor-col-33 elementor-top-column elementor-element elementor-element-4f44181\" data-id=\"4f44181\" data-element_type=\"column\" data-e-type=\"column\">\n\t\t\t<div class=\"elementor-widget-wrap elementor-element-populated\">\n\t\t\t\t\t\t<div class=\"elementor-element elementor-element-6f7c184 elementor-widget-divider--view-line elementor-widget elementor-widget-divider\" data-id=\"6f7c184\" data-element_type=\"widget\" data-e-type=\"widget\" data-widget_type=\"divider.default\">\n\t\t\t\t<div class=\"elementor-widget-container\">\n\t\t\t\t\t\t\t<div class=\"elementor-divider\">\n\t\t\t<span class=\"elementor-divider-separator\">\n\t\t\t\t\t\t<\/span>\n\t\t<\/div>\n\t\t\t\t\t\t<\/div>\n\t\t\t\t<\/div>\n\t\t\t\t<div class=\"elementor-element elementor-element-a476e50 elementor-widget elementor-widget-text-editor\" data-id=\"a476e50\" data-element_type=\"widget\" data-e-type=\"widget\" data-widget_type=\"text-editor.default\">\n\t\t\t\t<div class=\"elementor-widget-container\">\n\t\t\t\t\t\t\t\t\t<p>Eksploruj. Wybierz. Kup.<\/p>\t\t\t\t\t\t\t\t<\/div>\n\t\t\t\t<\/div>\n\t\t\t\t<div class=\"elementor-element elementor-element-e3f8d1d elementor-widget elementor-widget-text-editor\" data-id=\"e3f8d1d\" data-element_type=\"widget\" data-e-type=\"widget\" data-widget_type=\"text-editor.default\">\n\t\t\t\t<div class=\"elementor-widget-container\">\n\t\t\t\t\t\t\t\t\t<p>info@duallshoppy.com<\/p>\t\t\t\t\t\t\t\t<\/div>\n\t\t\t\t<\/div>\n\t\t\t\t\t<\/div>\n\t\t<\/div>\n\t\t\t\t<div class=\"elementor-column elementor-col-33 elementor-top-column elementor-element elementor-element-bfff6f6\" data-id=\"bfff6f6\" data-element_type=\"column\" data-e-type=\"column\">\n\t\t\t<div class=\"elementor-widget-wrap elementor-element-populated\">\n\t\t\t\t\t\t<div class=\"elementor-element elementor-element-cb4ae3f elementor-widget-divider--view-line elementor-widget elementor-widget-divider\" data-id=\"cb4ae3f\" data-element_type=\"widget\" data-e-type=\"widget\" data-widget_type=\"divider.default\">\n\t\t\t\t<div class=\"elementor-widget-container\">\n\t\t\t\t\t\t\t<div class=\"elementor-divider\">\n\t\t\t<span class=\"elementor-divider-separator\">\n\t\t\t\t\t\t<\/span>\n\t\t<\/div>\n\t\t\t\t\t\t<\/div>\n\t\t\t\t<\/div>\n\t\t\t\t<div class=\"elementor-element elementor-element-48117a4 elementor-widget elementor-widget-heading\" data-id=\"48117a4\" data-element_type=\"widget\" data-e-type=\"widget\" data-widget_type=\"heading.default\">\n\t\t\t\t<div class=\"elementor-widget-container\">\n\t\t\t\t\t<h2 class=\"elementor-heading-title elementor-size-default\">PRZYDATNE LINKI<\/h2>\t\t\t\t<\/div>\n\t\t\t\t<\/div>\n\t\t\t\t<div class=\"elementor-element elementor-element-7a12c73 elementor-widget elementor-widget-heading\" data-id=\"7a12c73\" data-element_type=\"widget\" data-e-type=\"widget\" data-widget_type=\"heading.default\">\n\t\t\t\t<div class=\"elementor-widget-container\">\n\t\t\t\t\t<h2 class=\"elementor-heading-title elementor-size-default\"><a href=\"https:\/\/duallshoppy.com\/pl\/privacy-and-cookie-policy\/\">Polityka prywatno\u015bci i plik\u00f3w cookie<\/a><\/h2>\t\t\t\t<\/div>\n\t\t\t\t<\/div>\n\t\t\t\t<div class=\"elementor-element elementor-element-3b98ee0 elementor-widget elementor-widget-heading\" data-id=\"3b98ee0\" data-element_type=\"widget\" data-e-type=\"widget\" data-widget_type=\"heading.default\">\n\t\t\t\t<div class=\"elementor-widget-container\">\n\t\t\t\t\t<h2 class=\"elementor-heading-title elementor-size-default\"><a href=\"https:\/\/duallshoppy.com\/pl\/termini-e-condizioni\/\">Zasady i warunki<\/a><\/h2>\t\t\t\t<\/div>\n\t\t\t\t<\/div>\n\t\t\t\t<div class=\"elementor-element elementor-element-56a6587 elementor-widget elementor-widget-heading\" data-id=\"56a6587\" data-element_type=\"widget\" data-e-type=\"widget\" data-widget_type=\"heading.default\">\n\t\t\t\t<div class=\"elementor-widget-container\">\n\t\t\t\t\t<h2 class=\"elementor-heading-title elementor-size-default\"><a href=\"https:\/\/duallshoppy.com\/pl\/cookie-policy\/\">Polityka dotycz\u0105ca plik\u00f3w cookie<\/a><\/h2>\t\t\t\t<\/div>\n\t\t\t\t<\/div>\n\t\t\t\t<div class=\"elementor-element elementor-element-04fdb97 elementor-widget elementor-widget-heading\" data-id=\"04fdb97\" data-element_type=\"widget\" data-e-type=\"widget\" data-widget_type=\"heading.default\">\n\t\t\t\t<div class=\"elementor-widget-container\">\n\t\t\t\t\t<h2 class=\"elementor-heading-title elementor-size-default\"><a href=\"https:\/\/duallshoppy.com\/pl\/contatti-2\/\">Skontaktuj si\u0119 z nami<\/a><\/h2>\t\t\t\t<\/div>\n\t\t\t\t<\/div>\n\t\t\t\t\t<\/div>\n\t\t<\/div>\n\t\t\t\t<div class=\"elementor-column elementor-col-33 elementor-top-column elementor-element elementor-element-e8a9b62\" data-id=\"e8a9b62\" data-element_type=\"column\" data-e-type=\"column\">\n\t\t\t<div class=\"elementor-widget-wrap elementor-element-populated\">\n\t\t\t\t\t\t<div class=\"elementor-element elementor-element-d663e2f elementor-widget-divider--view-line elementor-widget elementor-widget-divider\" data-id=\"d663e2f\" data-element_type=\"widget\" data-e-type=\"widget\" data-widget_type=\"divider.default\">\n\t\t\t\t<div class=\"elementor-widget-container\">\n\t\t\t\t\t\t\t<div class=\"elementor-divider\">\n\t\t\t<span class=\"elementor-divider-separator\">\n\t\t\t\t\t\t<\/span>\n\t\t<\/div>\n\t\t\t\t\t\t<\/div>\n\t\t\t\t<\/div>\n\t\t\t\t<div class=\"elementor-element elementor-element-05800c9 elementor-widget elementor-widget-heading\" data-id=\"05800c9\" data-element_type=\"widget\" data-e-type=\"widget\" data-widget_type=\"heading.default\">\n\t\t\t\t<div class=\"elementor-widget-container\">\n\t\t\t\t\t<h2 class=\"elementor-heading-title elementor-size-default\">DOSTAWA<\/h2>\t\t\t\t<\/div>\n\t\t\t\t<\/div>\n\t\t\t\t<div class=\"elementor-element elementor-element-3bc69c3 elementor-widget elementor-widget-heading\" data-id=\"3bc69c3\" data-element_type=\"widget\" data-e-type=\"widget\" data-widget_type=\"heading.default\">\n\t\t\t\t<div class=\"elementor-widget-container\">\n\t\t\t\t\t<h2 class=\"elementor-heading-title elementor-size-default\"><a href=\"https:\/\/duallshoppy.com\/pl\/spedizione-e-consegna\/\">Zasady dostawy<\/a><\/h2>\t\t\t\t<\/div>\n\t\t\t\t<\/div>\n\t\t\t\t<div class=\"elementor-element elementor-element-97dca3e elementor-widget elementor-widget-heading\" data-id=\"97dca3e\" data-element_type=\"widget\" data-e-type=\"widget\" data-widget_type=\"heading.default\">\n\t\t\t\t<div class=\"elementor-widget-container\">\n\t\t\t\t\t<h2 class=\"elementor-heading-title elementor-size-default\"><a href=\"https:\/\/duallshoppy.com\/pl\/politica-di-rimborso\/\">Polityka zwrot\u00f3w<\/a><\/h2>\t\t\t\t<\/div>\n\t\t\t\t<\/div>\n\t\t\t\t\t<\/div>\n\t\t<\/div>\n\t\t\t\t\t<\/div>\n\t\t<\/section>\n\t\t\t\t<\/div>","protected":false},"excerpt":{"rendered":"<p>Politica di Rimborso La nostra politica di rimborso e restituzione dura 14 giorni. Se sono trascorsi 14 giorni dall\u2019acquisto, non possiamo offrirti un rimborso completo o uno scambio. Per poter beneficiare di un reso, il tuo articolo deve essere inutilizzato e nelle stesse condizioni in cui lo hai ricevuto. Deve anche essere nella confezione originale. [&hellip;]<\/p>","protected":false},"author":1,"featured_media":0,"parent":0,"menu_order":0,"comment_status":"closed","ping_status":"closed","template":"elementor_canvas","meta":{"footnotes":""},"class_list":["post-1379","page","type-page","status-publish","hentry"],"_links":{"self":[{"href":"https:\/\/duallshoppy.com\/pl\/wp-json\/wp\/v2\/pages\/1379","targetHints":{"allow":["GET"]}}],"collection":[{"href":"https:\/\/duallshoppy.com\/pl\/wp-json\/wp\/v2\/pages"}],"about":[{"href":"https:\/\/duallshoppy.com\/pl\/wp-json\/wp\/v2\/types\/page"}],"author":[{"embeddable":true,"href":"https:\/\/duallshoppy.com\/pl\/wp-json\/wp\/v2\/users\/1"}],"replies":[{"embeddable":true,"href":"https:\/\/duallshoppy.com\/pl\/wp-json\/wp\/v2\/comments?post=1379"}],"version-history":[{"count":26,"href":"https:\/\/duallshoppy.com\/pl\/wp-json\/wp\/v2\/pages\/1379\/revisions"}],"predecessor-version":[{"id":2075,"href":"https:\/\/duallshoppy.com\/pl\/wp-json\/wp\/v2\/pages\/1379\/revisions\/2075"}],"wp:attachment":[{"href":"https:\/\/duallshoppy.com\/pl\/wp-json\/wp\/v2\/media?parent=1379"}],"curies":[{"name":"wp","href":"https:\/\/api.w.org\/{rel}","templated":true}]}}