{"id":1379,"date":"2024-05-21T15:15:20","date_gmt":"2024-05-21T15:15:20","guid":{"rendered":"https:\/\/dermatologiss.com\/?page_id=1379"},"modified":"2025-08-12T12:30:44","modified_gmt":"2025-08-12T12:30:44","slug":"politica-di-rimborso","status":"publish","type":"page","link":"https:\/\/duallshoppy.com\/pt\/politica-di-rimborso\/","title":{"rendered":"Pol\u00edtica de reembolso"},"content":{"rendered":"<div data-elementor-type=\"wp-page\" data-elementor-id=\"1379\" class=\"elementor elementor-1379\" data-elementor-post-type=\"page\">\n\t\t\t\t\t\t<section data-particle_enable=\"false\" data-particle-mobile-disabled=\"false\" class=\"elementor-section elementor-top-section elementor-element elementor-element-5da41b0a elementor-section-boxed elementor-section-height-default elementor-section-height-default\" data-id=\"5da41b0a\" data-element_type=\"section\" data-e-type=\"section\">\n\t\t\t\t\t\t<div class=\"elementor-container elementor-column-gap-default\">\n\t\t\t\t\t<div class=\"elementor-column elementor-col-100 elementor-top-column elementor-element elementor-element-40c408a2\" data-id=\"40c408a2\" data-element_type=\"column\" data-e-type=\"column\">\n\t\t\t<div class=\"elementor-widget-wrap elementor-element-populated\">\n\t\t\t\t\t\t<div class=\"elementor-element elementor-element-577efdc1 elementor-widget elementor-widget-heading\" data-id=\"577efdc1\" data-element_type=\"widget\" data-e-type=\"widget\" data-widget_type=\"heading.default\">\n\t\t\t\t<div class=\"elementor-widget-container\">\n\t\t\t\t\t<h2 class=\"elementor-heading-title elementor-size-default\">Pol\u00edtica de reembolso<\/h2>\t\t\t\t<\/div>\n\t\t\t\t<\/div>\n\t\t\t\t<div class=\"elementor-element elementor-element-259ede3b elementor-widget elementor-widget-text-editor\" data-id=\"259ede3b\" data-element_type=\"widget\" data-e-type=\"widget\" data-widget_type=\"text-editor.default\">\n\t\t\t\t<div class=\"elementor-widget-container\">\n\t\t\t\t\t\t\t\t\t<div class=\"shipping-page-item\"><div class=\"shipping-page-item__text\"><div id=\"translation\"><div class=\"gtx-body\"><p>A nossa pol\u00edtica de reembolso e devolu\u00e7\u00e3o tem uma dura\u00e7\u00e3o de 14 dias. Se tiverem passado 14 dias desde a sua compra, n\u00e3o podemos oferecer-lhe um reembolso total ou uma troca.<\/p><p>Para ser eleg\u00edvel para uma devolu\u00e7\u00e3o, o artigo deve estar sem uso e nas mesmas condi\u00e7\u00f5es em que o recebeu. Deve tamb\u00e9m estar na sua embalagem original.<\/p><p>H\u00e1 v\u00e1rios tipos de bens que est\u00e3o isentos de devolu\u00e7\u00e3o. Os produtos perec\u00edveis, tais como alimentos, flores, jornais ou revistas, n\u00e3o podem ser devolvidos. Para al\u00e9m disso, n\u00e3o aceitamos produtos \u00edntimos ou sanit\u00e1rios, materiais perigosos ou l\u00edquidos ou gases inflam\u00e1veis.<\/p><p>Artigos adicionais n\u00e3o recuper\u00e1veis:<\/p><ul><li>Cart\u00f5es de oferta<\/li><li>Produtos de software descarreg\u00e1veis<\/li><li>Alguns artigos de sa\u00fade e de cuidados pessoais<\/li><\/ul><div>\u00a0<\/div><div><p>Para efetuar a devolu\u00e7\u00e3o, \u00e9 necess\u00e1rio um recibo ou prova de compra.<\/p><\/div><p>Por favor, n\u00e3o devolva a sua compra ao fabricante.<\/p><p>Existem algumas situa\u00e7\u00f5es em que apenas s\u00e3o concedidos reembolsos parciais:<\/p><ul><li>Livro com sinais evidentes de utiliza\u00e7\u00e3o<\/li><li>CDs, DVDs, fitas VHS, software, jogos de v\u00eddeo, cassetes ou discos de vinil que tenham sido abertos<\/li><\/ul><div>\u00a0<\/div><p>Qualquer artigo que n\u00e3o esteja no seu estado original, que esteja danificado ou que faltem pe\u00e7as por raz\u00f5es n\u00e3o imput\u00e1veis a n\u00f3s.<br \/>Qualquer artigo devolvido mais de 30 dias ap\u00f3s a entrega<\/p><p>\u00a0<\/p><h5><b>Reembolso<\/b><\/h5><p>Assim que recebermos e inspeccionarmos a sua devolu\u00e7\u00e3o, enviar-lhe-emos uma mensagem de correio eletr\u00f3nico para o informar de que recebemos o artigo devolvido. Inform\u00e1-lo-emos igualmente da aprova\u00e7\u00e3o ou rejei\u00e7\u00e3o do seu reembolso.<\/p><p>Se for aprovado, o seu reembolso ser\u00e1 processado e um cr\u00e9dito ser\u00e1 automaticamente aplicado ao seu cart\u00e3o de cr\u00e9dito ou m\u00e9todo de pagamento original dentro de um determinado n\u00famero de dias.<\/p><h5><b>Reembolsos atrasados ou em falta<\/b><\/h5><p>Se ainda n\u00e3o recebeu o reembolso, verifique novamente a sua conta banc\u00e1ria.<\/p><p>Contacte a empresa do seu cart\u00e3o de cr\u00e9dito, pois pode demorar algum tempo at\u00e9 que o seu reembolso seja oficialmente registado.<\/p><p>Por isso, contacte o seu banco. \u00c9 frequente haver algum tempo de processamento antes de um reembolso ser registado.<\/p><p>Se tiver feito tudo isto e ainda n\u00e3o tiver recebido o seu reembolso, contacte-nos atrav\u00e9s de <b>refund@duallshoppy.com<\/b><\/p><h5><b>Artigos em promo\u00e7\u00e3o<\/b><\/h5><p>Apenas os artigos de pre\u00e7o normal podem ser reembolsados. Estes artigos n\u00e3o podem ser reembolsados.<\/p><h5><b>Trocas<\/b><\/h5><p>S\u00f3 substitu\u00edmos os artigos se estiverem defeituosos ou danificados. Se precisar de o substituir pelo mesmo artigo, preencha o formul\u00e1rio:<\/p><\/div><\/div><\/div><\/div>\t\t\t\t\t\t\t\t<\/div>\n\t\t\t\t<\/div>\n\t\t\t\t<div class=\"elementor-element elementor-element-cc637e0 elementor-button-align-center elementor-widget elementor-widget-form\" data-id=\"cc637e0\" data-element_type=\"widget\" data-e-type=\"widget\" data-settings=\"{&quot;step_next_label&quot;:&quot;Next&quot;,&quot;step_previous_label&quot;:&quot;Previous&quot;,&quot;button_width&quot;:&quot;100&quot;,&quot;step_type&quot;:&quot;number_text&quot;,&quot;step_icon_shape&quot;:&quot;circle&quot;}\" data-no-translation=\"\" data-widget_type=\"form.default\">\n\t\t\t\t<div class=\"elementor-widget-container\">\n\t\t\t\t\t<style>.elementor-element-cc637e0{display:none !important}<\/style>\t\t\t\t<\/div>\n\t\t\t\t<\/div>\n\t\t\t\t<div class=\"elementor-element elementor-element-9c08919 elementor-widget elementor-widget-heading\" data-id=\"9c08919\" data-element_type=\"widget\" data-e-type=\"widget\" data-widget_type=\"heading.default\">\n\t\t\t\t<div class=\"elementor-widget-container\">\n\t\t\t\t\t<h4 class=\"elementor-heading-title elementor-size-default\"><div style=\"white-space: normal\"><span style=\"font-size: 10pt;font-family: NotoSans\">O Imp\u00e9rio do Chumbo L.L.C-FZ&nbsp;<\/span><\/div><div style=\"white-space: normal\"><span style=\"font-size: 10pt;font-family: NotoSans\">Meydan Grandstand 6th Floor, Meydan Road&nbsp;<\/span><\/div><div style=\"white-space: normal\"><span style=\"font-size: 10pt;font-family: NotoSans\">Nad Al Sheba Dubai DU&nbsp;<\/span><\/div><div style=\"white-space: normal\"><span style=\"font-size: 10pt;font-family: NotoSans\">EMIRADOS \u00c1RABES UNIDOS&nbsp;<\/span><\/div>\n<\/h4>\t\t\t\t<\/div>\n\t\t\t\t<\/div>\n\t\t\t\t\t<\/div>\n\t\t<\/div>\n\t\t\t\t\t<\/div>\n\t\t<\/section>\n\t\t\t\t<section data-particle_enable=\"false\" data-particle-mobile-disabled=\"false\" class=\"elementor-section elementor-top-section elementor-element elementor-element-31a7aca elementor-section-boxed elementor-section-height-default elementor-section-height-default\" data-id=\"31a7aca\" data-element_type=\"section\" data-e-type=\"section\" data-settings=\"{&quot;background_background&quot;:&quot;classic&quot;}\">\n\t\t\t\t\t\t<div class=\"elementor-container elementor-column-gap-default\">\n\t\t\t\t\t<div class=\"elementor-column elementor-col-33 elementor-top-column elementor-element elementor-element-4f44181\" data-id=\"4f44181\" data-element_type=\"column\" data-e-type=\"column\">\n\t\t\t<div class=\"elementor-widget-wrap elementor-element-populated\">\n\t\t\t\t\t\t<div class=\"elementor-element elementor-element-6f7c184 elementor-widget-divider--view-line elementor-widget elementor-widget-divider\" data-id=\"6f7c184\" data-element_type=\"widget\" data-e-type=\"widget\" data-widget_type=\"divider.default\">\n\t\t\t\t<div class=\"elementor-widget-container\">\n\t\t\t\t\t\t\t<div class=\"elementor-divider\">\n\t\t\t<span class=\"elementor-divider-separator\">\n\t\t\t\t\t\t<\/span>\n\t\t<\/div>\n\t\t\t\t\t\t<\/div>\n\t\t\t\t<\/div>\n\t\t\t\t<div class=\"elementor-element elementor-element-a476e50 elementor-widget elementor-widget-text-editor\" data-id=\"a476e50\" data-element_type=\"widget\" data-e-type=\"widget\" data-widget_type=\"text-editor.default\">\n\t\t\t\t<div class=\"elementor-widget-container\">\n\t\t\t\t\t\t\t\t\t<p>Explorar. Escolher. Comprar.<\/p>\t\t\t\t\t\t\t\t<\/div>\n\t\t\t\t<\/div>\n\t\t\t\t<div class=\"elementor-element elementor-element-e3f8d1d elementor-widget elementor-widget-text-editor\" data-id=\"e3f8d1d\" data-element_type=\"widget\" data-e-type=\"widget\" data-widget_type=\"text-editor.default\">\n\t\t\t\t<div class=\"elementor-widget-container\">\n\t\t\t\t\t\t\t\t\t<p>info@duallshoppy.com<\/p>\t\t\t\t\t\t\t\t<\/div>\n\t\t\t\t<\/div>\n\t\t\t\t\t<\/div>\n\t\t<\/div>\n\t\t\t\t<div class=\"elementor-column elementor-col-33 elementor-top-column elementor-element elementor-element-bfff6f6\" data-id=\"bfff6f6\" data-element_type=\"column\" data-e-type=\"column\">\n\t\t\t<div class=\"elementor-widget-wrap elementor-element-populated\">\n\t\t\t\t\t\t<div class=\"elementor-element elementor-element-cb4ae3f elementor-widget-divider--view-line elementor-widget elementor-widget-divider\" data-id=\"cb4ae3f\" data-element_type=\"widget\" data-e-type=\"widget\" data-widget_type=\"divider.default\">\n\t\t\t\t<div class=\"elementor-widget-container\">\n\t\t\t\t\t\t\t<div class=\"elementor-divider\">\n\t\t\t<span class=\"elementor-divider-separator\">\n\t\t\t\t\t\t<\/span>\n\t\t<\/div>\n\t\t\t\t\t\t<\/div>\n\t\t\t\t<\/div>\n\t\t\t\t<div class=\"elementor-element elementor-element-48117a4 elementor-widget elementor-widget-heading\" data-id=\"48117a4\" data-element_type=\"widget\" data-e-type=\"widget\" data-widget_type=\"heading.default\">\n\t\t\t\t<div class=\"elementor-widget-container\">\n\t\t\t\t\t<h2 class=\"elementor-heading-title elementor-size-default\">LIGA\u00c7\u00d5ES \u00daTEIS<\/h2>\t\t\t\t<\/div>\n\t\t\t\t<\/div>\n\t\t\t\t<div class=\"elementor-element elementor-element-7a12c73 elementor-widget elementor-widget-heading\" data-id=\"7a12c73\" data-element_type=\"widget\" data-e-type=\"widget\" data-widget_type=\"heading.default\">\n\t\t\t\t<div class=\"elementor-widget-container\">\n\t\t\t\t\t<h2 class=\"elementor-heading-title elementor-size-default\"><a href=\"https:\/\/duallshoppy.com\/pt\/privacy-and-cookie-policy\/\">Pol\u00edtica de privacidade e de cookies<\/a><\/h2>\t\t\t\t<\/div>\n\t\t\t\t<\/div>\n\t\t\t\t<div class=\"elementor-element elementor-element-3b98ee0 elementor-widget elementor-widget-heading\" data-id=\"3b98ee0\" data-element_type=\"widget\" data-e-type=\"widget\" data-widget_type=\"heading.default\">\n\t\t\t\t<div class=\"elementor-widget-container\">\n\t\t\t\t\t<h2 class=\"elementor-heading-title elementor-size-default\"><a href=\"https:\/\/duallshoppy.com\/pt\/termini-e-condizioni\/\">Termos e condi\u00e7\u00f5es<\/a><\/h2>\t\t\t\t<\/div>\n\t\t\t\t<\/div>\n\t\t\t\t<div class=\"elementor-element elementor-element-56a6587 elementor-widget elementor-widget-heading\" data-id=\"56a6587\" data-element_type=\"widget\" data-e-type=\"widget\" data-widget_type=\"heading.default\">\n\t\t\t\t<div class=\"elementor-widget-container\">\n\t\t\t\t\t<h2 class=\"elementor-heading-title elementor-size-default\"><a href=\"https:\/\/duallshoppy.com\/pt\/cookie-policy\/\">Pol\u00edtica de cookies<\/a><\/h2>\t\t\t\t<\/div>\n\t\t\t\t<\/div>\n\t\t\t\t<div class=\"elementor-element elementor-element-04fdb97 elementor-widget elementor-widget-heading\" data-id=\"04fdb97\" data-element_type=\"widget\" data-e-type=\"widget\" data-widget_type=\"heading.default\">\n\t\t\t\t<div class=\"elementor-widget-container\">\n\t\t\t\t\t<h2 class=\"elementor-heading-title elementor-size-default\"><a href=\"https:\/\/duallshoppy.com\/pt\/contatti-2\/\">Contactar-nos<\/a><\/h2>\t\t\t\t<\/div>\n\t\t\t\t<\/div>\n\t\t\t\t\t<\/div>\n\t\t<\/div>\n\t\t\t\t<div class=\"elementor-column elementor-col-33 elementor-top-column elementor-element elementor-element-e8a9b62\" data-id=\"e8a9b62\" data-element_type=\"column\" data-e-type=\"column\">\n\t\t\t<div class=\"elementor-widget-wrap elementor-element-populated\">\n\t\t\t\t\t\t<div class=\"elementor-element elementor-element-d663e2f elementor-widget-divider--view-line elementor-widget elementor-widget-divider\" data-id=\"d663e2f\" data-element_type=\"widget\" data-e-type=\"widget\" data-widget_type=\"divider.default\">\n\t\t\t\t<div class=\"elementor-widget-container\">\n\t\t\t\t\t\t\t<div class=\"elementor-divider\">\n\t\t\t<span class=\"elementor-divider-separator\">\n\t\t\t\t\t\t<\/span>\n\t\t<\/div>\n\t\t\t\t\t\t<\/div>\n\t\t\t\t<\/div>\n\t\t\t\t<div class=\"elementor-element elementor-element-05800c9 elementor-widget elementor-widget-heading\" data-id=\"05800c9\" data-element_type=\"widget\" data-e-type=\"widget\" data-widget_type=\"heading.default\">\n\t\t\t\t<div class=\"elementor-widget-container\">\n\t\t\t\t\t<h2 class=\"elementor-heading-title elementor-size-default\">ENTREGA<\/h2>\t\t\t\t<\/div>\n\t\t\t\t<\/div>\n\t\t\t\t<div class=\"elementor-element elementor-element-3bc69c3 elementor-widget elementor-widget-heading\" data-id=\"3bc69c3\" data-element_type=\"widget\" data-e-type=\"widget\" data-widget_type=\"heading.default\">\n\t\t\t\t<div class=\"elementor-widget-container\">\n\t\t\t\t\t<h2 class=\"elementor-heading-title elementor-size-default\"><a href=\"https:\/\/duallshoppy.com\/pt\/spedizione-e-consegna\/\">Pol\u00edtica de entrega<\/a><\/h2>\t\t\t\t<\/div>\n\t\t\t\t<\/div>\n\t\t\t\t<div class=\"elementor-element elementor-element-97dca3e elementor-widget elementor-widget-heading\" data-id=\"97dca3e\" data-element_type=\"widget\" data-e-type=\"widget\" data-widget_type=\"heading.default\">\n\t\t\t\t<div class=\"elementor-widget-container\">\n\t\t\t\t\t<h2 class=\"elementor-heading-title elementor-size-default\"><a href=\"https:\/\/duallshoppy.com\/pt\/politica-di-rimborso\/\">Pol\u00edtica de reembolso<\/a><\/h2>\t\t\t\t<\/div>\n\t\t\t\t<\/div>\n\t\t\t\t\t<\/div>\n\t\t<\/div>\n\t\t\t\t\t<\/div>\n\t\t<\/section>\n\t\t\t\t<\/div>","protected":false},"excerpt":{"rendered":"<p>Pol\u00edtica de reembolso A nossa pol\u00edtica de reembolso e devolu\u00e7\u00e3o tem uma dura\u00e7\u00e3o de 14 dias. Se tiverem passado 14 dias desde a compra, n\u00e3o podemos oferecer-lhe um reembolso total ou uma troca. Para ser eleg\u00edvel para uma devolu\u00e7\u00e3o, o artigo n\u00e3o deve ter sido utilizado e deve estar nas mesmas condi\u00e7\u00f5es em que o recebeu. Deve tamb\u00e9m estar na sua embalagem original. [...]<\/p>","protected":false},"author":1,"featured_media":0,"parent":0,"menu_order":0,"comment_status":"closed","ping_status":"closed","template":"elementor_canvas","meta":{"footnotes":""},"class_list":["post-1379","page","type-page","status-publish","hentry"],"_links":{"self":[{"href":"https:\/\/duallshoppy.com\/pt\/wp-json\/wp\/v2\/pages\/1379","targetHints":{"allow":["GET"]}}],"collection":[{"href":"https:\/\/duallshoppy.com\/pt\/wp-json\/wp\/v2\/pages"}],"about":[{"href":"https:\/\/duallshoppy.com\/pt\/wp-json\/wp\/v2\/types\/page"}],"author":[{"embeddable":true,"href":"https:\/\/duallshoppy.com\/pt\/wp-json\/wp\/v2\/users\/1"}],"replies":[{"embeddable":true,"href":"https:\/\/duallshoppy.com\/pt\/wp-json\/wp\/v2\/comments?post=1379"}],"version-history":[{"count":26,"href":"https:\/\/duallshoppy.com\/pt\/wp-json\/wp\/v2\/pages\/1379\/revisions"}],"predecessor-version":[{"id":2075,"href":"https:\/\/duallshoppy.com\/pt\/wp-json\/wp\/v2\/pages\/1379\/revisions\/2075"}],"wp:attachment":[{"href":"https:\/\/duallshoppy.com\/pt\/wp-json\/wp\/v2\/media?parent=1379"}],"curies":[{"name":"wp","href":"https:\/\/api.w.org\/{rel}","templated":true}]}}