{"id":728,"date":"2023-12-30T23:50:16","date_gmt":"2023-12-30T23:50:16","guid":{"rendered":"https:\/\/dermatologiss.com\/?page_id=728"},"modified":"2023-12-30T23:51:06","modified_gmt":"2023-12-30T23:51:06","slug":"grazie-aspirapolvere-croazia","status":"publish","type":"page","link":"https:\/\/duallshoppy.com\/pt\/grazie-aspirapolvere-croazia\/","title":{"rendered":"OBRIGADO hoover cro\u00e1cia"},"content":{"rendered":"<div data-elementor-type=\"wp-page\" data-elementor-id=\"728\" class=\"elementor elementor-728\" data-elementor-post-type=\"page\">\n\t\t\t\t\t\t<section data-particle_enable=\"false\" data-particle-mobile-disabled=\"false\" class=\"elementor-section elementor-top-section elementor-element elementor-element-1fbf993c elementor-section-boxed elementor-section-height-default elementor-section-height-default\" data-id=\"1fbf993c\" data-element_type=\"section\" data-e-type=\"section\" data-settings=\"{&quot;background_background&quot;:&quot;classic&quot;}\">\n\t\t\t\t\t\t<div class=\"elementor-container elementor-column-gap-default\">\n\t\t\t\t\t<div class=\"elementor-column elementor-col-100 elementor-top-column elementor-element elementor-element-459956a0\" data-id=\"459956a0\" data-element_type=\"column\" data-e-type=\"column\">\n\t\t\t<div class=\"elementor-widget-wrap elementor-element-populated\">\n\t\t\t\t\t\t<div class=\"elementor-element elementor-element-589e4a56 elementor-widget elementor-widget-text-editor\" data-id=\"589e4a56\" data-element_type=\"widget\" data-e-type=\"widget\" data-widget_type=\"text-editor.default\">\n\t\t\t\t<div class=\"elementor-widget-container\">\n\t\t\t\t\t\t\t\t\t<p>Hvala vam!<\/p>\t\t\t\t\t\t\t\t<\/div>\n\t\t\t\t<\/div>\n\t\t\t\t<div class=\"elementor-element elementor-element-6c90cb97 elementor-widget elementor-widget-text-editor\" data-id=\"6c90cb97\" data-element_type=\"widget\" data-e-type=\"widget\" data-widget_type=\"text-editor.default\">\n\t\t\t\t<div class=\"elementor-widget-container\">\n\t\t\t\t\t\t\t\t\t<p>Va\u0161a narud\u017eba je prihva\u0107ena!<\/p>\t\t\t\t\t\t\t\t<\/div>\n\t\t\t\t<\/div>\n\t\t\t\t<div class=\"elementor-element elementor-element-94fa84e elementor-widget elementor-widget-text-editor\" data-id=\"94fa84e\" data-element_type=\"widget\" data-e-type=\"widget\" data-widget_type=\"text-editor.default\">\n\t\t\t\t<div class=\"elementor-widget-container\">\n\t\t\t\t\t\t\t\t\t<p>Jedan od na\u0161ih operatera \u0107e Vas kontaktirati radi potvrde narud\u017ebe.<br \/>Dostava \u0107e se vr\u0161iti kurirskom slu\u017ebom.<br \/>Pla\u0107anje - pouze\u0107em!<\/p>\t\t\t\t\t\t\t\t<\/div>\n\t\t\t\t<\/div>\n\t\t\t\t\t<\/div>\n\t\t<\/div>\n\t\t\t\t\t<\/div>\n\t\t<\/section>\n\t\t\t\t<section data-particle_enable=\"false\" data-particle-mobile-disabled=\"false\" class=\"elementor-section elementor-top-section elementor-element elementor-element-12964c48 elementor-section-boxed elementor-section-height-default elementor-section-height-default\" data-id=\"12964c48\" data-element_type=\"section\" data-e-type=\"section\" data-settings=\"{&quot;background_background&quot;:&quot;classic&quot;}\">\n\t\t\t\t\t\t<div class=\"elementor-container elementor-column-gap-default\">\n\t\t\t\t\t<div class=\"elementor-column elementor-col-100 elementor-top-column elementor-element elementor-element-2d9bca8d\" data-id=\"2d9bca8d\" data-element_type=\"column\" data-e-type=\"column\">\n\t\t\t<div class=\"elementor-widget-wrap elementor-element-populated\">\n\t\t\t\t\t\t<div class=\"elementor-element elementor-element-cfd262 elementor-widget elementor-widget-text-editor\" data-id=\"cfd262\" data-element_type=\"widget\" data-e-type=\"widget\" data-widget_type=\"text-editor.default\">\n\t\t\t\t<div class=\"elementor-widget-container\">\n\t\t\t\t\t\t\t\t\t<p>Todos os dados recolhidos nesta p\u00e1gina n\u00e3o ser\u00e3o utilizados pelo Facebook e n\u00e3o t\u00eam qualquer inten\u00e7\u00e3o de marketing. Utilizaremos os seus dados apenas para seguir uma encomenda do Cash On Delivery System.<\/p>\t\t\t\t\t\t\t\t<\/div>\n\t\t\t\t<\/div>\n\t\t\t\t<div class=\"elementor-element elementor-element-1196f734 elementor-widget elementor-widget-text-editor\" data-id=\"1196f734\" data-element_type=\"widget\" data-e-type=\"widget\" data-widget_type=\"text-editor.default\">\n\t\t\t\t<div class=\"elementor-widget-container\">\n\t\t\t\t\t\t\t\t\t<p>Este site n\u00e3o faz parte do site do Facebook ou do Facebook Inc. Para al\u00e9m disso, este site N\u00c3O \u00e9 apoiado pelo Facebook de forma alguma. Facebook \u00e9 uma marca registada da Facebook, Inc.<\/p>\t\t\t\t\t\t\t\t<\/div>\n\t\t\t\t<\/div>\n\t\t\t\t<div class=\"elementor-element elementor-element-4ec22f87 elementor-widget elementor-widget-text-editor\" data-id=\"4ec22f87\" data-element_type=\"widget\" data-e-type=\"widget\" data-widget_type=\"text-editor.default\">\n\t\t\t\t<div class=\"elementor-widget-container\">\n\t\t\t\t\t\t\t\t\t<p>Copyright 2020 Dermatologiss - Todos os direitos reservados<\/p>\t\t\t\t\t\t\t\t<\/div>\n\t\t\t\t<\/div>\n\t\t\t\t\t<\/div>\n\t\t<\/div>\n\t\t\t\t\t<\/div>\n\t\t<\/section>\n\t\t\t\t<\/div>","protected":false},"excerpt":{"rendered":"<p>Hvala vam! Va\u0161a narud\u017eba je prihva\u0107ena! Jedan od na\u0161ih operatera \u0107e Vas kontaktirati radi potvrde narud\u017ebe.Dostava \u0107e se vr\u0161iti kurirskom slu\u017ebom.Pla\u0107anje &#8211; pouze\u0107em! Every data collected in this page won&#8217;t be used by Facebook and without marketing intent. We will use your data only to track an order for Cash On Delivery System. This site [&hellip;]<\/p>","protected":false},"author":1,"featured_media":0,"parent":0,"menu_order":0,"comment_status":"closed","ping_status":"closed","template":"elementor_canvas","meta":{"footnotes":""},"class_list":["post-728","page","type-page","status-publish","hentry"],"_links":{"self":[{"href":"https:\/\/duallshoppy.com\/pt\/wp-json\/wp\/v2\/pages\/728","targetHints":{"allow":["GET"]}}],"collection":[{"href":"https:\/\/duallshoppy.com\/pt\/wp-json\/wp\/v2\/pages"}],"about":[{"href":"https:\/\/duallshoppy.com\/pt\/wp-json\/wp\/v2\/types\/page"}],"author":[{"embeddable":true,"href":"https:\/\/duallshoppy.com\/pt\/wp-json\/wp\/v2\/users\/1"}],"replies":[{"embeddable":true,"href":"https:\/\/duallshoppy.com\/pt\/wp-json\/wp\/v2\/comments?post=728"}],"version-history":[{"count":4,"href":"https:\/\/duallshoppy.com\/pt\/wp-json\/wp\/v2\/pages\/728\/revisions"}],"predecessor-version":[{"id":732,"href":"https:\/\/duallshoppy.com\/pt\/wp-json\/wp\/v2\/pages\/728\/revisions\/732"}],"wp:attachment":[{"href":"https:\/\/duallshoppy.com\/pt\/wp-json\/wp\/v2\/media?parent=728"}],"curies":[{"name":"wp","href":"https:\/\/api.w.org\/{rel}","templated":true}]}}