{"id":86,"date":"2023-11-23T23:50:42","date_gmt":"2023-11-23T23:50:42","guid":{"rendered":"https:\/\/dermatologiss.com\/?page_id=86"},"modified":"2024-05-24T17:41:29","modified_gmt":"2024-05-24T17:41:29","slug":"spedizione-e-consegna","status":"publish","type":"page","link":"https:\/\/duallshoppy.com\/pt\/spedizione-e-consegna\/","title":{"rendered":"expedi\u00e7\u00e3o e entrega"},"content":{"rendered":"<div data-elementor-type=\"wp-page\" data-elementor-id=\"86\" class=\"elementor elementor-86\" data-elementor-post-type=\"page\">\n\t\t\t\t\t\t<section data-particle_enable=\"false\" data-particle-mobile-disabled=\"false\" class=\"elementor-section elementor-top-section elementor-element elementor-element-5da41b0a elementor-section-boxed elementor-section-height-default elementor-section-height-default\" data-id=\"5da41b0a\" data-element_type=\"section\" data-e-type=\"section\">\n\t\t\t\t\t\t<div class=\"elementor-container elementor-column-gap-default\">\n\t\t\t\t\t<div class=\"elementor-column elementor-col-100 elementor-top-column elementor-element elementor-element-40c408a2\" data-id=\"40c408a2\" data-element_type=\"column\" data-e-type=\"column\">\n\t\t\t<div class=\"elementor-widget-wrap elementor-element-populated\">\n\t\t\t\t\t\t<div class=\"elementor-element elementor-element-577efdc1 elementor-widget elementor-widget-heading\" data-id=\"577efdc1\" data-element_type=\"widget\" data-e-type=\"widget\" data-widget_type=\"heading.default\">\n\t\t\t\t<div class=\"elementor-widget-container\">\n\t\t\t\t\t<h2 class=\"elementor-heading-title elementor-size-default\">Pol\u00edticas de envio<\/h2>\t\t\t\t<\/div>\n\t\t\t\t<\/div>\n\t\t\t\t<div class=\"elementor-element elementor-element-259ede3b elementor-widget elementor-widget-text-editor\" data-id=\"259ede3b\" data-element_type=\"widget\" data-e-type=\"widget\" data-widget_type=\"text-editor.default\">\n\t\t\t\t<div class=\"elementor-widget-container\">\n\t\t\t\t\t\t\t\t\t<div class=\"shipping-page-item\"><div class=\"shipping-page-item__text\"><div id=\"translation\"><div class=\"gtx-body\"><p><strong>INFORMA\u00c7\u00d5ES DE ENVIO<\/strong><\/p><p><strong>Os produtos s\u00e3o entregues em toda a It\u00e1lia e tamb\u00e9m no estrangeiro.<\/strong><br \/>A sua encomenda pode ser enviada para um endere\u00e7o selecionado por si (casa, trabalho, etc. - n\u00e3o para uma caixa postal). Normalmente, enviamos a maioria dos artigos no prazo de 24 horas e cerca de 72 horas para artigos espec\u00edficos. Os prazos de envio s\u00e3o claramente anunciados no momento da compra. Os prazos de envio s\u00e3o normalmente de 2 a 3 dias \u00fateis.<\/p><p><strong>CUSTOS DE ENVIO<\/strong><br \/>Como \u00e9 habitual, os envios incluem o servi\u00e7o expresso, os custos de transporte, o acompanhamento do envio e a assinatura na entrega para garantir o estado da mercadoria.<\/p><p>Oferecemos portes de envio gratuitos para determinados produtos e portes de envio pagos para outras categorias de produtos. Depois de efetuar uma encomenda, ser\u00e1 contactado e informado do pre\u00e7o de envio.<\/p><h5><b>Devolu\u00e7\u00f5es<\/b><\/h5><p>Para devolver o seu produto, deve envi\u00e1-lo para: {endere\u00e7o f\u00edsico}.<\/p><p>O cliente ser\u00e1 respons\u00e1vel pelo pagamento dos seus pr\u00f3prios custos de envio para a devolu\u00e7\u00e3o do artigo. Os custos de envio n\u00e3o s\u00e3o reembols\u00e1veis. Se receber um reembolso, o custo do envio da devolu\u00e7\u00e3o ser\u00e1 deduzido do seu reembolso.<\/p><p>Dependendo do local onde vive, o tempo necess\u00e1rio para que o produto trocado chegue at\u00e9 si pode variar.<\/p><p>Se estiver a devolver artigos mais caros, deve considerar a utiliza\u00e7\u00e3o de um servi\u00e7o de envio rastre\u00e1vel ou a aquisi\u00e7\u00e3o de um seguro de transporte. N\u00e3o garantimos a rece\u00e7\u00e3o do artigo devolvido.<\/p><\/div><\/div><\/div><\/div>\t\t\t\t\t\t\t\t<\/div>\n\t\t\t\t<\/div>\n\t\t\t\t\t<\/div>\n\t\t<\/div>\n\t\t\t\t\t<\/div>\n\t\t<\/section>\n\t\t\t\t<section data-particle_enable=\"false\" data-particle-mobile-disabled=\"false\" class=\"elementor-section elementor-top-section elementor-element elementor-element-4a05985 elementor-section-boxed elementor-section-height-default elementor-section-height-default\" data-id=\"4a05985\" data-element_type=\"section\" data-e-type=\"section\" data-settings=\"{&quot;background_background&quot;:&quot;classic&quot;}\">\n\t\t\t\t\t\t<div class=\"elementor-container elementor-column-gap-default\">\n\t\t\t\t\t<div class=\"elementor-column elementor-col-33 elementor-top-column elementor-element elementor-element-53efd36\" data-id=\"53efd36\" data-element_type=\"column\" data-e-type=\"column\">\n\t\t\t<div class=\"elementor-widget-wrap elementor-element-populated\">\n\t\t\t\t\t\t<div class=\"elementor-element elementor-element-390ad8b elementor-widget-divider--view-line elementor-widget elementor-widget-divider\" data-id=\"390ad8b\" data-element_type=\"widget\" data-e-type=\"widget\" data-widget_type=\"divider.default\">\n\t\t\t\t<div class=\"elementor-widget-container\">\n\t\t\t\t\t\t\t<div class=\"elementor-divider\">\n\t\t\t<span class=\"elementor-divider-separator\">\n\t\t\t\t\t\t<\/span>\n\t\t<\/div>\n\t\t\t\t\t\t<\/div>\n\t\t\t\t<\/div>\n\t\t\t\t<div class=\"elementor-element elementor-element-6992f7d elementor-widget elementor-widget-text-editor\" data-id=\"6992f7d\" data-element_type=\"widget\" data-e-type=\"widget\" data-widget_type=\"text-editor.default\">\n\t\t\t\t<div class=\"elementor-widget-container\">\n\t\t\t\t\t\t\t\t\t<p>Explorar. Escolher. Comprar.<\/p>\t\t\t\t\t\t\t\t<\/div>\n\t\t\t\t<\/div>\n\t\t\t\t<div class=\"elementor-element elementor-element-db3af57 elementor-widget elementor-widget-text-editor\" data-id=\"db3af57\" data-element_type=\"widget\" data-e-type=\"widget\" data-widget_type=\"text-editor.default\">\n\t\t\t\t<div class=\"elementor-widget-container\">\n\t\t\t\t\t\t\t\t\t<p>info@duallshoppy.com<\/p>\t\t\t\t\t\t\t\t<\/div>\n\t\t\t\t<\/div>\n\t\t\t\t\t<\/div>\n\t\t<\/div>\n\t\t\t\t<div class=\"elementor-column elementor-col-33 elementor-top-column elementor-element elementor-element-7eca4db\" data-id=\"7eca4db\" data-element_type=\"column\" data-e-type=\"column\">\n\t\t\t<div class=\"elementor-widget-wrap elementor-element-populated\">\n\t\t\t\t\t\t<div class=\"elementor-element elementor-element-10e68d3 elementor-widget-divider--view-line elementor-widget elementor-widget-divider\" data-id=\"10e68d3\" data-element_type=\"widget\" data-e-type=\"widget\" data-widget_type=\"divider.default\">\n\t\t\t\t<div class=\"elementor-widget-container\">\n\t\t\t\t\t\t\t<div class=\"elementor-divider\">\n\t\t\t<span class=\"elementor-divider-separator\">\n\t\t\t\t\t\t<\/span>\n\t\t<\/div>\n\t\t\t\t\t\t<\/div>\n\t\t\t\t<\/div>\n\t\t\t\t<div class=\"elementor-element elementor-element-c15ec2c elementor-widget elementor-widget-heading\" data-id=\"c15ec2c\" data-element_type=\"widget\" data-e-type=\"widget\" data-widget_type=\"heading.default\">\n\t\t\t\t<div class=\"elementor-widget-container\">\n\t\t\t\t\t<h2 class=\"elementor-heading-title elementor-size-default\">LIGA\u00c7\u00d5ES \u00daTEIS<\/h2>\t\t\t\t<\/div>\n\t\t\t\t<\/div>\n\t\t\t\t<div class=\"elementor-element elementor-element-95adc95 elementor-widget elementor-widget-heading\" data-id=\"95adc95\" data-element_type=\"widget\" data-e-type=\"widget\" data-widget_type=\"heading.default\">\n\t\t\t\t<div class=\"elementor-widget-container\">\n\t\t\t\t\t<h2 class=\"elementor-heading-title elementor-size-default\"><a href=\"https:\/\/duallshoppy.com\/pt\/privacy-and-cookie-policy\/\">Pol\u00edtica de privacidade e de cookies<\/a><\/h2>\t\t\t\t<\/div>\n\t\t\t\t<\/div>\n\t\t\t\t<div class=\"elementor-element elementor-element-99b45fe elementor-widget elementor-widget-heading\" data-id=\"99b45fe\" data-element_type=\"widget\" data-e-type=\"widget\" data-widget_type=\"heading.default\">\n\t\t\t\t<div class=\"elementor-widget-container\">\n\t\t\t\t\t<h2 class=\"elementor-heading-title elementor-size-default\"><a href=\"https:\/\/duallshoppy.com\/pt\/termini-e-condizioni\/\">Termos e condi\u00e7\u00f5es<\/a><\/h2>\t\t\t\t<\/div>\n\t\t\t\t<\/div>\n\t\t\t\t<div class=\"elementor-element elementor-element-7efdf38 elementor-widget elementor-widget-heading\" data-id=\"7efdf38\" data-element_type=\"widget\" data-e-type=\"widget\" data-widget_type=\"heading.default\">\n\t\t\t\t<div class=\"elementor-widget-container\">\n\t\t\t\t\t<h2 class=\"elementor-heading-title elementor-size-default\"><a href=\"https:\/\/duallshoppy.com\/pt\/cookie-policy\/\">Pol\u00edtica de cookies<\/a><\/h2>\t\t\t\t<\/div>\n\t\t\t\t<\/div>\n\t\t\t\t<div class=\"elementor-element elementor-element-f61a939 elementor-widget elementor-widget-heading\" data-id=\"f61a939\" data-element_type=\"widget\" data-e-type=\"widget\" data-widget_type=\"heading.default\">\n\t\t\t\t<div class=\"elementor-widget-container\">\n\t\t\t\t\t<h2 class=\"elementor-heading-title elementor-size-default\"><a href=\"https:\/\/duallshoppy.com\/pt\/contatti-2\/\">Contactar-nos<\/a><\/h2>\t\t\t\t<\/div>\n\t\t\t\t<\/div>\n\t\t\t\t\t<\/div>\n\t\t<\/div>\n\t\t\t\t<div class=\"elementor-column elementor-col-33 elementor-top-column elementor-element elementor-element-92a900f\" data-id=\"92a900f\" data-element_type=\"column\" data-e-type=\"column\">\n\t\t\t<div class=\"elementor-widget-wrap elementor-element-populated\">\n\t\t\t\t\t\t<div class=\"elementor-element elementor-element-41ff313 elementor-widget-divider--view-line elementor-widget elementor-widget-divider\" data-id=\"41ff313\" data-element_type=\"widget\" data-e-type=\"widget\" data-widget_type=\"divider.default\">\n\t\t\t\t<div class=\"elementor-widget-container\">\n\t\t\t\t\t\t\t<div class=\"elementor-divider\">\n\t\t\t<span class=\"elementor-divider-separator\">\n\t\t\t\t\t\t<\/span>\n\t\t<\/div>\n\t\t\t\t\t\t<\/div>\n\t\t\t\t<\/div>\n\t\t\t\t<div class=\"elementor-element elementor-element-24d31a3 elementor-widget elementor-widget-heading\" data-id=\"24d31a3\" data-element_type=\"widget\" data-e-type=\"widget\" data-widget_type=\"heading.default\">\n\t\t\t\t<div class=\"elementor-widget-container\">\n\t\t\t\t\t<h2 class=\"elementor-heading-title elementor-size-default\">ENTREGA<\/h2>\t\t\t\t<\/div>\n\t\t\t\t<\/div>\n\t\t\t\t<div class=\"elementor-element elementor-element-5491aaf elementor-widget elementor-widget-heading\" data-id=\"5491aaf\" data-element_type=\"widget\" data-e-type=\"widget\" data-widget_type=\"heading.default\">\n\t\t\t\t<div class=\"elementor-widget-container\">\n\t\t\t\t\t<h2 class=\"elementor-heading-title elementor-size-default\"><a href=\"https:\/\/duallshoppy.com\/pt\/spedizione-e-consegna\/\">Pol\u00edtica de entrega<\/a><\/h2>\t\t\t\t<\/div>\n\t\t\t\t<\/div>\n\t\t\t\t<div class=\"elementor-element elementor-element-37fa093 elementor-widget elementor-widget-heading\" data-id=\"37fa093\" data-element_type=\"widget\" data-e-type=\"widget\" data-widget_type=\"heading.default\">\n\t\t\t\t<div class=\"elementor-widget-container\">\n\t\t\t\t\t<h2 class=\"elementor-heading-title elementor-size-default\"><a href=\"https:\/\/duallshoppy.com\/pt\/politica-di-rimborso\/\">Pol\u00edtica de reembolso<\/a><\/h2>\t\t\t\t<\/div>\n\t\t\t\t<\/div>\n\t\t\t\t\t<\/div>\n\t\t<\/div>\n\t\t\t\t\t<\/div>\n\t\t<\/section>\n\t\t\t\t<\/div>","protected":false},"excerpt":{"rendered":"<p>POL\u00cdTICAS DE EXPEDI\u00c7\u00c3O INFORMA\u00c7\u00d5ES SOBRE EXPEDI\u00c7\u00c3O Os produtos s\u00e3o entregues em toda a It\u00e1lia e no estrangeiro. A sua encomenda pode ser enviada para um endere\u00e7o selecionado por si (casa, trabalho, etc. - n\u00e3o para uma caixa postal). Normalmente, enviamos a maioria dos artigos no prazo de 24 horas e cerca de 72 horas para artigos espec\u00edficos. I [...]<\/p>","protected":false},"author":1,"featured_media":0,"parent":0,"menu_order":0,"comment_status":"closed","ping_status":"closed","template":"elementor_canvas","meta":{"footnotes":""},"class_list":["post-86","page","type-page","status-publish","hentry"],"_links":{"self":[{"href":"https:\/\/duallshoppy.com\/pt\/wp-json\/wp\/v2\/pages\/86","targetHints":{"allow":["GET"]}}],"collection":[{"href":"https:\/\/duallshoppy.com\/pt\/wp-json\/wp\/v2\/pages"}],"about":[{"href":"https:\/\/duallshoppy.com\/pt\/wp-json\/wp\/v2\/types\/page"}],"author":[{"embeddable":true,"href":"https:\/\/duallshoppy.com\/pt\/wp-json\/wp\/v2\/users\/1"}],"replies":[{"embeddable":true,"href":"https:\/\/duallshoppy.com\/pt\/wp-json\/wp\/v2\/comments?post=86"}],"version-history":[{"count":12,"href":"https:\/\/duallshoppy.com\/pt\/wp-json\/wp\/v2\/pages\/86\/revisions"}],"predecessor-version":[{"id":1460,"href":"https:\/\/duallshoppy.com\/pt\/wp-json\/wp\/v2\/pages\/86\/revisions\/1460"}],"wp:attachment":[{"href":"https:\/\/duallshoppy.com\/pt\/wp-json\/wp\/v2\/media?parent=86"}],"curies":[{"name":"wp","href":"https:\/\/api.w.org\/{rel}","templated":true}]}}