{"id":1379,"date":"2024-05-21T15:15:20","date_gmt":"2024-05-21T15:15:20","guid":{"rendered":"https:\/\/dermatologiss.com\/?page_id=1379"},"modified":"2025-08-12T12:30:44","modified_gmt":"2025-08-12T12:30:44","slug":"politica-di-rimborso","status":"publish","type":"page","link":"https:\/\/duallshoppy.com\/sk\/politica-di-rimborso\/","title":{"rendered":"Z\u00e1sady vr\u00e1tenia pe\u0148az\u00ed"},"content":{"rendered":"<div data-elementor-type=\"wp-page\" data-elementor-id=\"1379\" class=\"elementor elementor-1379\" data-elementor-post-type=\"page\">\n\t\t\t\t\t\t<section data-particle_enable=\"false\" data-particle-mobile-disabled=\"false\" class=\"elementor-section elementor-top-section elementor-element elementor-element-5da41b0a elementor-section-boxed elementor-section-height-default elementor-section-height-default\" data-id=\"5da41b0a\" data-element_type=\"section\" data-e-type=\"section\">\n\t\t\t\t\t\t<div class=\"elementor-container elementor-column-gap-default\">\n\t\t\t\t\t<div class=\"elementor-column elementor-col-100 elementor-top-column elementor-element elementor-element-40c408a2\" data-id=\"40c408a2\" data-element_type=\"column\" data-e-type=\"column\">\n\t\t\t<div class=\"elementor-widget-wrap elementor-element-populated\">\n\t\t\t\t\t\t<div class=\"elementor-element elementor-element-577efdc1 elementor-widget elementor-widget-heading\" data-id=\"577efdc1\" data-element_type=\"widget\" data-e-type=\"widget\" data-widget_type=\"heading.default\">\n\t\t\t\t<div class=\"elementor-widget-container\">\n\t\t\t\t\t<h2 class=\"elementor-heading-title elementor-size-default\">Z\u00e1sady vr\u00e1tenia pe\u0148az\u00ed<\/h2>\t\t\t\t<\/div>\n\t\t\t\t<\/div>\n\t\t\t\t<div class=\"elementor-element elementor-element-259ede3b elementor-widget elementor-widget-text-editor\" data-id=\"259ede3b\" data-element_type=\"widget\" data-e-type=\"widget\" data-widget_type=\"text-editor.default\">\n\t\t\t\t<div class=\"elementor-widget-container\">\n\t\t\t\t\t\t\t\t\t<div class=\"shipping-page-item\"><div class=\"shipping-page-item__text\"><div id=\"translation\"><div class=\"gtx-body\"><p>Na\u0161a politika vr\u00e1tenia pe\u0148az\u00ed a vr\u00e1tenia tovaru trv\u00e1 14 dn\u00ed. Ak od n\u00e1kupu uplynulo 14 dn\u00ed, nem\u00f4\u017eeme v\u00e1m pon\u00faknu\u0165 vr\u00e1tenie pe\u0148az\u00ed alebo v\u00fdmenu tovaru v plnej v\u00fd\u0161ke.<\/p><p>Aby ste mohli vr\u00e1ti\u0165 tovar, mus\u00ed by\u0165 nepou\u017eit\u00fd a v rovnakom stave, v akom ste ho dostali. Mus\u00ed by\u0165 tie\u017e v p\u00f4vodnom obale.<\/p><p>Niektor\u00e9 druhy tovaru s\u00fa osloboden\u00e9 od vr\u00e1tenia. Tovar podliehaj\u00faci r\u00fdchlej skaze, ako s\u00fa potraviny, kvety, noviny alebo \u010dasopisy, nie je mo\u017en\u00e9 vr\u00e1ti\u0165. Okrem toho neprij\u00edmame int\u00edmne alebo hygienick\u00e9 v\u00fdrobky, nebezpe\u010dn\u00e9 materi\u00e1ly alebo hor\u013eav\u00e9 kvapaliny \u010di plyny.<\/p><p>\u010eal\u0161ie nevratn\u00e9 polo\u017eky:<\/p><ul><li>Dar\u010dekov\u00e9 karty<\/li><li>Softv\u00e9rov\u00e9 produkty na stiahnutie<\/li><li>Niektor\u00e9 polo\u017eky zdravotnej a osobnej starostlivosti<\/li><\/ul><div>\u00a0<\/div><div><p>Na dokon\u010denie vr\u00e1tenia po\u017eadujeme \u00fa\u010dtenku alebo doklad o k\u00fape.<\/p><\/div><p>Pros\u00edm, neposielajte svoj n\u00e1kup sp\u00e4\u0165 v\u00fdrobcovi.<\/p><p>V niektor\u00fdch situ\u00e1ci\u00e1ch sa poskytuj\u00fa len \u010diasto\u010dn\u00e9 n\u00e1hrady:<\/p><ul><li>Kniha so zjavn\u00fdmi zn\u00e1mkami pou\u017e\u00edvania<\/li><li>CD, DVD, VHS kazety, softv\u00e9r, videohry, kazety alebo vinylov\u00e9 platne, ktor\u00e9 boli otvoren\u00e9<\/li><\/ul><div>\u00a0<\/div><p>Ak\u00fdko\u013evek tovar, ktor\u00fd nie je v p\u00f4vodnom stave, je po\u0161koden\u00fd alebo mu ch\u00fdbaj\u00fa \u010dasti z d\u00f4vodov, ktor\u00e9 neboli sp\u00f4soben\u00e9 na\u0161ou vinou.<br \/>Ak\u00fdko\u013evek tovar vr\u00e1ten\u00fd po viac ako 30 d\u0148och od doru\u010denia<\/p><p>\u00a0<\/p><h5><b>Vr\u00e1tenie pe\u0148az\u00ed<\/b><\/h5><p>Po prijat\u00ed a kontrole vr\u00e1ten\u00e9ho tovaru v\u00e1m za\u0161leme e-mail s inform\u00e1ciou, \u017ee sme vr\u00e1ten\u00fd tovar prijali. Z\u00e1rove\u0148 v\u00e1s budeme informova\u0165 o schv\u00e1len\u00ed alebo zamietnut\u00ed vr\u00e1tenia pe\u0148az\u00ed.<\/p><p>Ak v\u00e1m bude refund\u00e1cia schv\u00e1len\u00e1, do ur\u010dit\u00e9ho po\u010dtu dn\u00ed bude spracovan\u00e1 a kredit bude automaticky prip\u00edsan\u00fd na va\u0161u kreditn\u00fa kartu alebo p\u00f4vodn\u00fd sp\u00f4sob platby.<\/p><h5><b>Oneskoren\u00e9 alebo zme\u0161kan\u00e9 n\u00e1hrady<\/b><\/h5><p>Ak v\u00e1m e\u0161te neboli vr\u00e1ten\u00e9 peniaze, skontrolujte, pros\u00edm, e\u0161te raz svoj bankov\u00fd \u00fa\u010det.<\/p><p>Obr\u00e1\u0165te sa preto na spolo\u010dnos\u0165 vyd\u00e1vaj\u00facu kreditn\u00e9 karty, m\u00f4\u017ee trva\u0165 ur\u010dit\u00fd \u010das, k\u00fdm bude vr\u00e1tenie pe\u0148az\u00ed ofici\u00e1lne zaregistrovan\u00e9.<\/p><p>Obr\u00e1\u0165te sa preto na svoju banku. \u010casto trv\u00e1 ur\u010dit\u00fd \u010das, k\u00fdm sa vr\u00e1tenie pe\u0148az\u00ed zaregistruje.<\/p><p>Ak ste toto v\u0161etko urobili a st\u00e1le ste nedostali n\u00e1hradu, kontaktujte n\u00e1s na adrese <b>refund@duallshoppy.com<\/b><\/p><h5><b>V\u00fdpredajov\u00e9 polo\u017eky<\/b><\/h5><p>Vr\u00e1ti\u0165 je mo\u017en\u00e9 len polo\u017eky s be\u017enou cenou. Tieto polo\u017eky nie je mo\u017en\u00e9 vr\u00e1ti\u0165.<\/p><h5><b>V\u00fdmena<\/b><\/h5><p>Polo\u017eky vymie\u0148ame len v pr\u00edpade, \u017ee s\u00fa chybn\u00e9 alebo po\u0161koden\u00e9. Ak ho potrebujete vymeni\u0165 za rovnak\u00fd tovar, vypl\u0148te formul\u00e1r:<\/p><\/div><\/div><\/div><\/div>\t\t\t\t\t\t\t\t<\/div>\n\t\t\t\t<\/div>\n\t\t\t\t<div class=\"elementor-element elementor-element-cc637e0 elementor-button-align-center elementor-widget elementor-widget-form\" data-id=\"cc637e0\" data-element_type=\"widget\" data-e-type=\"widget\" data-settings=\"{&quot;step_next_label&quot;:&quot;Next&quot;,&quot;step_previous_label&quot;:&quot;Previous&quot;,&quot;button_width&quot;:&quot;100&quot;,&quot;step_type&quot;:&quot;number_text&quot;,&quot;step_icon_shape&quot;:&quot;circle&quot;}\" data-no-translation=\"\" data-widget_type=\"form.default\">\n\t\t\t\t<div class=\"elementor-widget-container\">\n\t\t\t\t\t<style>.elementor-element-cc637e0{display:none !important}<\/style>\t\t\t\t<\/div>\n\t\t\t\t<\/div>\n\t\t\t\t<div class=\"elementor-element elementor-element-9c08919 elementor-widget elementor-widget-heading\" data-id=\"9c08919\" data-element_type=\"widget\" data-e-type=\"widget\" data-widget_type=\"heading.default\">\n\t\t\t\t<div class=\"elementor-widget-container\">\n\t\t\t\t\t<h4 class=\"elementor-heading-title elementor-size-default\"><div style=\"white-space: normal\"><span style=\"font-size: 10pt;font-family: NotoSans\">Oloven\u00e9 imp\u00e9rium L.L.C-FZ&nbsp;<\/span><\/div><div style=\"white-space: normal\"><span style=\"font-size: 10pt;font-family: NotoSans\">Trib\u00fana Meydan 6. poschodie, Meydan Road&nbsp;<\/span><\/div><div style=\"white-space: normal\"><span style=\"font-size: 10pt;font-family: NotoSans\">Nad Al Sheba Dubaj DU&nbsp;<\/span><\/div><div style=\"white-space: normal\"><span style=\"font-size: 10pt;font-family: NotoSans\">SAE&nbsp;<\/span><\/div>\n<\/h4>\t\t\t\t<\/div>\n\t\t\t\t<\/div>\n\t\t\t\t\t<\/div>\n\t\t<\/div>\n\t\t\t\t\t<\/div>\n\t\t<\/section>\n\t\t\t\t<section data-particle_enable=\"false\" data-particle-mobile-disabled=\"false\" class=\"elementor-section elementor-top-section elementor-element elementor-element-31a7aca elementor-section-boxed elementor-section-height-default elementor-section-height-default\" data-id=\"31a7aca\" data-element_type=\"section\" data-e-type=\"section\" data-settings=\"{&quot;background_background&quot;:&quot;classic&quot;}\">\n\t\t\t\t\t\t<div class=\"elementor-container elementor-column-gap-default\">\n\t\t\t\t\t<div class=\"elementor-column elementor-col-33 elementor-top-column elementor-element elementor-element-4f44181\" data-id=\"4f44181\" data-element_type=\"column\" data-e-type=\"column\">\n\t\t\t<div class=\"elementor-widget-wrap elementor-element-populated\">\n\t\t\t\t\t\t<div class=\"elementor-element elementor-element-6f7c184 elementor-widget-divider--view-line elementor-widget elementor-widget-divider\" data-id=\"6f7c184\" data-element_type=\"widget\" data-e-type=\"widget\" data-widget_type=\"divider.default\">\n\t\t\t\t<div class=\"elementor-widget-container\">\n\t\t\t\t\t\t\t<div class=\"elementor-divider\">\n\t\t\t<span class=\"elementor-divider-separator\">\n\t\t\t\t\t\t<\/span>\n\t\t<\/div>\n\t\t\t\t\t\t<\/div>\n\t\t\t\t<\/div>\n\t\t\t\t<div class=\"elementor-element elementor-element-a476e50 elementor-widget elementor-widget-text-editor\" data-id=\"a476e50\" data-element_type=\"widget\" data-e-type=\"widget\" data-widget_type=\"text-editor.default\">\n\t\t\t\t<div class=\"elementor-widget-container\">\n\t\t\t\t\t\t\t\t\t<p>Presk\u00famajte. Vyberte si. K\u00fapi\u0165.<\/p>\t\t\t\t\t\t\t\t<\/div>\n\t\t\t\t<\/div>\n\t\t\t\t<div class=\"elementor-element elementor-element-e3f8d1d elementor-widget elementor-widget-text-editor\" data-id=\"e3f8d1d\" data-element_type=\"widget\" data-e-type=\"widget\" data-widget_type=\"text-editor.default\">\n\t\t\t\t<div class=\"elementor-widget-container\">\n\t\t\t\t\t\t\t\t\t<p>info@duallshoppy.com<\/p>\t\t\t\t\t\t\t\t<\/div>\n\t\t\t\t<\/div>\n\t\t\t\t\t<\/div>\n\t\t<\/div>\n\t\t\t\t<div class=\"elementor-column elementor-col-33 elementor-top-column elementor-element elementor-element-bfff6f6\" data-id=\"bfff6f6\" data-element_type=\"column\" data-e-type=\"column\">\n\t\t\t<div class=\"elementor-widget-wrap elementor-element-populated\">\n\t\t\t\t\t\t<div class=\"elementor-element elementor-element-cb4ae3f elementor-widget-divider--view-line elementor-widget elementor-widget-divider\" data-id=\"cb4ae3f\" data-element_type=\"widget\" data-e-type=\"widget\" data-widget_type=\"divider.default\">\n\t\t\t\t<div class=\"elementor-widget-container\">\n\t\t\t\t\t\t\t<div class=\"elementor-divider\">\n\t\t\t<span class=\"elementor-divider-separator\">\n\t\t\t\t\t\t<\/span>\n\t\t<\/div>\n\t\t\t\t\t\t<\/div>\n\t\t\t\t<\/div>\n\t\t\t\t<div class=\"elementor-element elementor-element-48117a4 elementor-widget elementor-widget-heading\" data-id=\"48117a4\" data-element_type=\"widget\" data-e-type=\"widget\" data-widget_type=\"heading.default\">\n\t\t\t\t<div class=\"elementor-widget-container\">\n\t\t\t\t\t<h2 class=\"elementor-heading-title elementor-size-default\">U\u017dITO\u010cN\u00c9 ODKAZY<\/h2>\t\t\t\t<\/div>\n\t\t\t\t<\/div>\n\t\t\t\t<div class=\"elementor-element elementor-element-7a12c73 elementor-widget elementor-widget-heading\" data-id=\"7a12c73\" data-element_type=\"widget\" data-e-type=\"widget\" data-widget_type=\"heading.default\">\n\t\t\t\t<div class=\"elementor-widget-container\">\n\t\t\t\t\t<h2 class=\"elementor-heading-title elementor-size-default\"><a href=\"https:\/\/duallshoppy.com\/sk\/privacy-and-cookie-policy\/\">Ochrana osobn\u00fdch \u00fadajov a z\u00e1sady pou\u017e\u00edvania s\u00faborov cookie<\/a><\/h2>\t\t\t\t<\/div>\n\t\t\t\t<\/div>\n\t\t\t\t<div class=\"elementor-element elementor-element-3b98ee0 elementor-widget elementor-widget-heading\" data-id=\"3b98ee0\" data-element_type=\"widget\" data-e-type=\"widget\" data-widget_type=\"heading.default\">\n\t\t\t\t<div class=\"elementor-widget-container\">\n\t\t\t\t\t<h2 class=\"elementor-heading-title elementor-size-default\"><a href=\"https:\/\/duallshoppy.com\/sk\/termini-e-condizioni\/\">Podmienky a pravidl\u00e1<\/a><\/h2>\t\t\t\t<\/div>\n\t\t\t\t<\/div>\n\t\t\t\t<div class=\"elementor-element elementor-element-56a6587 elementor-widget elementor-widget-heading\" data-id=\"56a6587\" data-element_type=\"widget\" data-e-type=\"widget\" data-widget_type=\"heading.default\">\n\t\t\t\t<div class=\"elementor-widget-container\">\n\t\t\t\t\t<h2 class=\"elementor-heading-title elementor-size-default\"><a href=\"https:\/\/duallshoppy.com\/sk\/cookie-policy\/\">Z\u00e1sady pou\u017e\u00edvania s\u00faborov cookie<\/a><\/h2>\t\t\t\t<\/div>\n\t\t\t\t<\/div>\n\t\t\t\t<div class=\"elementor-element elementor-element-04fdb97 elementor-widget elementor-widget-heading\" data-id=\"04fdb97\" data-element_type=\"widget\" data-e-type=\"widget\" data-widget_type=\"heading.default\">\n\t\t\t\t<div class=\"elementor-widget-container\">\n\t\t\t\t\t<h2 class=\"elementor-heading-title elementor-size-default\"><a href=\"https:\/\/duallshoppy.com\/sk\/contatti-2\/\">Kontaktujte n\u00e1s<\/a><\/h2>\t\t\t\t<\/div>\n\t\t\t\t<\/div>\n\t\t\t\t\t<\/div>\n\t\t<\/div>\n\t\t\t\t<div class=\"elementor-column elementor-col-33 elementor-top-column elementor-element elementor-element-e8a9b62\" data-id=\"e8a9b62\" data-element_type=\"column\" data-e-type=\"column\">\n\t\t\t<div class=\"elementor-widget-wrap elementor-element-populated\">\n\t\t\t\t\t\t<div class=\"elementor-element elementor-element-d663e2f elementor-widget-divider--view-line elementor-widget elementor-widget-divider\" data-id=\"d663e2f\" data-element_type=\"widget\" data-e-type=\"widget\" data-widget_type=\"divider.default\">\n\t\t\t\t<div class=\"elementor-widget-container\">\n\t\t\t\t\t\t\t<div class=\"elementor-divider\">\n\t\t\t<span class=\"elementor-divider-separator\">\n\t\t\t\t\t\t<\/span>\n\t\t<\/div>\n\t\t\t\t\t\t<\/div>\n\t\t\t\t<\/div>\n\t\t\t\t<div class=\"elementor-element elementor-element-05800c9 elementor-widget elementor-widget-heading\" data-id=\"05800c9\" data-element_type=\"widget\" data-e-type=\"widget\" data-widget_type=\"heading.default\">\n\t\t\t\t<div class=\"elementor-widget-container\">\n\t\t\t\t\t<h2 class=\"elementor-heading-title elementor-size-default\">DODANIE<\/h2>\t\t\t\t<\/div>\n\t\t\t\t<\/div>\n\t\t\t\t<div class=\"elementor-element elementor-element-3bc69c3 elementor-widget elementor-widget-heading\" data-id=\"3bc69c3\" data-element_type=\"widget\" data-e-type=\"widget\" data-widget_type=\"heading.default\">\n\t\t\t\t<div class=\"elementor-widget-container\">\n\t\t\t\t\t<h2 class=\"elementor-heading-title elementor-size-default\"><a href=\"https:\/\/duallshoppy.com\/sk\/spedizione-e-consegna\/\">Z\u00e1sady doru\u010dovania<\/a><\/h2>\t\t\t\t<\/div>\n\t\t\t\t<\/div>\n\t\t\t\t<div class=\"elementor-element elementor-element-97dca3e elementor-widget elementor-widget-heading\" data-id=\"97dca3e\" data-element_type=\"widget\" data-e-type=\"widget\" data-widget_type=\"heading.default\">\n\t\t\t\t<div class=\"elementor-widget-container\">\n\t\t\t\t\t<h2 class=\"elementor-heading-title elementor-size-default\"><a href=\"https:\/\/duallshoppy.com\/sk\/politica-di-rimborso\/\">Z\u00e1sady vr\u00e1tenia pe\u0148az\u00ed<\/a><\/h2>\t\t\t\t<\/div>\n\t\t\t\t<\/div>\n\t\t\t\t\t<\/div>\n\t\t<\/div>\n\t\t\t\t\t<\/div>\n\t\t<\/section>\n\t\t\t\t<\/div>","protected":false},"excerpt":{"rendered":"<p>Z\u00e1sady vr\u00e1tenia pe\u0148az\u00ed Na\u0161e z\u00e1sady vr\u00e1tenia pe\u0148az\u00ed a vr\u00e1tenia tovaru trvaj\u00fa 14 dn\u00ed. Ak od n\u00e1kupu uplynulo 14 dn\u00ed, nem\u00f4\u017eeme v\u00e1m pon\u00faknu\u0165 vr\u00e1tenie pe\u0148az\u00ed alebo v\u00fdmenu v plnej v\u00fd\u0161ke. Aby ste mohli vr\u00e1ti\u0165 tovar, mus\u00ed by\u0165 nepou\u017eit\u00fd a v rovnakom stave, v akom ste ho dostali. Mus\u00ed by\u0165 tie\u017e v p\u00f4vodnom obale. [...]<\/p>","protected":false},"author":1,"featured_media":0,"parent":0,"menu_order":0,"comment_status":"closed","ping_status":"closed","template":"elementor_canvas","meta":{"footnotes":""},"class_list":["post-1379","page","type-page","status-publish","hentry"],"_links":{"self":[{"href":"https:\/\/duallshoppy.com\/sk\/wp-json\/wp\/v2\/pages\/1379","targetHints":{"allow":["GET"]}}],"collection":[{"href":"https:\/\/duallshoppy.com\/sk\/wp-json\/wp\/v2\/pages"}],"about":[{"href":"https:\/\/duallshoppy.com\/sk\/wp-json\/wp\/v2\/types\/page"}],"author":[{"embeddable":true,"href":"https:\/\/duallshoppy.com\/sk\/wp-json\/wp\/v2\/users\/1"}],"replies":[{"embeddable":true,"href":"https:\/\/duallshoppy.com\/sk\/wp-json\/wp\/v2\/comments?post=1379"}],"version-history":[{"count":26,"href":"https:\/\/duallshoppy.com\/sk\/wp-json\/wp\/v2\/pages\/1379\/revisions"}],"predecessor-version":[{"id":2075,"href":"https:\/\/duallshoppy.com\/sk\/wp-json\/wp\/v2\/pages\/1379\/revisions\/2075"}],"wp:attachment":[{"href":"https:\/\/duallshoppy.com\/sk\/wp-json\/wp\/v2\/media?parent=1379"}],"curies":[{"name":"wp","href":"https:\/\/api.w.org\/{rel}","templated":true}]}}