{"id":82,"date":"2023-11-23T23:48:50","date_gmt":"2023-11-23T23:48:50","guid":{"rendered":"https:\/\/dermatologiss.com\/?page_id=82"},"modified":"2025-08-12T12:25:47","modified_gmt":"2025-08-12T12:25:47","slug":"termini-e-condizioni","status":"publish","type":"page","link":"https:\/\/duallshoppy.com\/sl\/termini-e-condizioni\/","title":{"rendered":"pogoji in dolo\u010dila"},"content":{"rendered":"<div data-elementor-type=\"wp-page\" data-elementor-id=\"82\" class=\"elementor elementor-82\" data-elementor-post-type=\"page\">\n\t\t\t\t\t\t<section data-particle_enable=\"false\" data-particle-mobile-disabled=\"false\" class=\"elementor-section elementor-top-section elementor-element elementor-element-189db930 elementor-section-boxed elementor-section-height-default elementor-section-height-default\" data-id=\"189db930\" data-element_type=\"section\" data-e-type=\"section\">\n\t\t\t\t\t\t<div class=\"elementor-container elementor-column-gap-default\">\n\t\t\t\t\t<div class=\"elementor-column elementor-col-100 elementor-top-column elementor-element elementor-element-2845bd90\" data-id=\"2845bd90\" data-element_type=\"column\" data-e-type=\"column\">\n\t\t\t<div class=\"elementor-widget-wrap elementor-element-populated\">\n\t\t\t\t\t\t<div class=\"elementor-element elementor-element-24aef4f3 elementor-widget elementor-widget-text-editor\" data-id=\"24aef4f3\" data-element_type=\"widget\" data-e-type=\"widget\" data-widget_type=\"text-editor.default\">\n\t\t\t\t<div class=\"elementor-widget-container\">\n\t\t\t\t\t\t\t\t\t<div><h1>POGOJI IN DOLO\u010cILA BLAGOVNE ZNAMKE DUALL SHOPPY<\/h1><p style=\"margin-right: 0px; margin-bottom: 20px; margin-left: 0px; line-height: 1.8; color: #333333; font-family: Poppins, sans-serif; font-size: 15px;\"><span style=\"font-weight: var( --e-global-typography-text-font-weight );\">Pogoji predprodaje<\/span><\/p><p style=\"margin-right: 0px; margin-bottom: 20px; margin-left: 0px; line-height: 1.8; color: #333333; font-family: Poppins, sans-serif; font-size: 15px;\">1) potencialni kupec brez pridr\u017ekov sprejema in se zaveda, da se pravno, civilno, gospodarsko in dav\u010dno razmerje, ki izhaja iz nakupa tega izdelka, razume kot \"med zasebnim kupcem\" in \"podjetjem, ki proizvaja\/distribuira izdelek\".<br \/>2) potencialni kupec je obve\u0161\u010den in se zaveda, da Benvenuti Store. je z ekonomskega, pravnega in dav\u010dnega vidika le zunanje podjetje, ki deluje v sektorju spletnega tr\u017eenja, in da se lahko na podlagi svojega korporativnega namena odlo\u010di za \"izvajanje ogla\u0161evalskih kampanj\" za blago ali storitve, ki jih proizvajajo\/distribuirajo\/trgovska podjetja; ki se odlo\u010dijo promovirati svoje izdelke\/storitve prek mre\u017e povezav, s katerimi je povezana, tudi za\u010dasno\u00a0<span style=\"letter-spacing: -0.27px;\">Dobrodo\u0161la trgovina<\/span>.<br \/>Ali\u00a0<span style=\"letter-spacing: -0.27px;\">Dobrodo\u0161la trgovina<\/span>izberejo izdelke\/storitve, ki so prisotni v razli\u010dnih partnerskih omre\u017ejih, preu\u010dijo njihovo blagovno znamko ter na lastno odgovornost in stro\u0161ke vzpostavijo strategijo spletnega tr\u017eenja z uporabo razli\u010dnih kanalov, ki jih omogo\u010da omre\u017eje (npr. e-trgovina, Ebay, dru\u017ebena omre\u017eja itd.), Z NAMENOM, da ustvarijo koristne stike (potencialne stranke\/vodje), ki poka\u017eejo zanimanje za izdelke\/storitve. In za povezovanje teh potencialnih strank s proizvodnimi\/distribucijskimi\/trgovskimi podjetji, ki so lastniki izdelkov\/storitev, s prenosom podatkov in morebitnih pla\u010dil prek posebnih kontaktnih obrazcev, ki jih da na voljo mre\u017ea za povezovanje, ki zunanjemu partnerju brez obveznosti predlaga in ponuja\u00a0<span style=\"letter-spacing: -0.27px;\">Dobrodo\u0161la trgovina<\/span>da za svoj ra\u010dun na lastne stro\u0161ke oblikuje in izvaja ogla\u0161evalske kampanje.<br \/>3) potencialni kupec brez pridr\u017ekov sprejema, da lahko podjetje uporabi podatke, ki jih je vnesel po kliku na gumb za nakup.\u00a0<span style=\"letter-spacing: -0.27px;\">Dobrodo\u0161la trgovina<\/span>\u00a0izklju\u010dno za posredovanje proizvodnim\/distribucijskim\/tr\u017eenjskim podjetjem prek posebnih kontaktnih obrazcev, ki jih zagotavlja partnerska mre\u017ea, ki zunanjemu partnerju brez obveznosti predlaga in ponuja\u00a0<span style=\"letter-spacing: -0.27px;\">Dobrodo\u0161la trgovina<\/span>da v svojem imenu in na lastne stro\u0161ke oblikuje in izvaja ogla\u0161evalske kampanje. Poleg tega se potencialna stranka strinja, da bo v prihodnosti prejemala nove stike od\u00a0<span style=\"letter-spacing: -0.27px;\">Dobrodo\u0161la trgovina<\/span>\u00a0predlagati nove komercialne ponudbe, povezane s tem izdelkom.<br \/>4) Prednaro\u010diloPotencialna stranka brez pridr\u017ekov sprejema dejstvo, da s klikom na gumb za nakup\/vrnitvijo izdelka v ko\u0161arico zgolj odda prednaro\u010dilo pri osebi, ki je odgovorna za izvajanje ogla\u0161evalskih kampanj, in ne pri trgovcu ali dejanskem proizvajalcu\/distributerju izdelka. To je zato, ker:4a) vas bo zaradi narave izdelka kontaktiral pravi proizvajalec\/distributer, ki bo poskrbel, da boste izdelek dejansko lahko uporabljali. \u0160ele takrat bo med vami (potro\u0161nikom\/potencialno stranko) in proizvajalcem\/distributerjem pri\u0161lo do trgovinske transakcije, vi pa boste iz potencialne stranke postali stranka in naro\u010dilo bo veljavno.4b)\u00a0<span style=\"letter-spacing: -0.27px;\">Dobrodo\u0161la trgovina<\/span>\u00a0ni trgovec, ni lastnik izdelka, ni v materialni posesti izdelka, ne uva\u017ea, ne po\u0161ilja, ne tr\u017ei predmeta tega oglasa na kakr\u0161en koli na\u010din. \u0160ele ko bodo va\u0161i podatki v lasti proizvajalca\/distributerja in jih bo ta uporabil, bo med vami pri\u0161lo do poslovne transakcije, \u010de bodo obstajali predpogoji (va\u0161a potrditev prednaro\u010dila), in boste iz potencialne stranke postali stranka proizvajalca\/distributerja ter bo naro\u010dilo za\u010delo veljati.<br \/>5) Jamstva5a)\u00a0<span style=\"letter-spacing: -0.27px;\">Dobrodo\u0161la trgovina<\/span>\u00a0jam\u010di, da bo skrbno skrbel za podatke potencialne stranke in vsa pla\u010dila od trenutka, ko je bilo oddano prednaro\u010dilo, do trenutka dejanskega prenosa v proizvodno\/distribucijsko podjetje.5b)\u00a0<span style=\"letter-spacing: -0.27px;\">Dobrodo\u0161la trgovina<\/span>\u00a0kljub temu, da je podjetje za tr\u017eenje in ne trgovec in\/ali proizvajalec\/distributer izdelka; in je aktiviral oglas le za ustvarjanje potencialne stranke, ki ni kupec, in zato koristen stik in NE komercialna transakcija, zagotavlja potencialni stranki: pomo\u010d, kolikor je to mogo\u010de, pri morebitnih te\u017eavah, ki nastanejo s proizvajalcem\/distributerjem, ne da bi bil pravno, pravno, dav\u010dno in komercialno zavezan. Pomo\u010d, ki bo potekala z olaj\u0161anjem interakcij med potencialno stranko in podjetjem pri zahtevah za vra\u010dila in povra\u010dila, ki se zahtevajo v skladu z veljavnimi predpisi.<br \/>6) Ta oglas je namenjen izklju\u010dno zasebnikom in ne podjetjem.\u00a0<span style=\"letter-spacing: -0.27px;\">Dobrodo\u0161la trgovina<\/span>\u00a0ni v nobenem finan\u010dnem ali gospodarskem odnosu s podjetji, ki proizvajajo\/razdeljujejo izdelke, temve\u010d le s partnerskim omre\u017ejem, ki zagotavlja ponudbo, na kateri je mogo\u010de graditi ogla\u0161evalsko kampanjo. Iz tega sledi, da se lahko zahtevki za izdajo ra\u010duna s strani podjetij zahtevajo le od podjetij, ki proizvajajo\/razdeljujejo, in sicer le med potrditvenim telefonskim klicem, za katerega se glede na svoj dav\u010dni re\u017eim odlo\u010dijo. In ne\u00a0<span style=\"letter-spacing: -0.27px;\">Dobrodo\u0161la trgovina<\/span>Razlog za to je, da zaradi narave prednaro\u010dila ni gotovo, da bo prejel nadomestilo za posamezen ustvarjen stik, temve\u010d prejme nedolo\u010deno nadomestilo izklju\u010dno od partnerske mre\u017ee, prek katere povezuje potencialne stranke in proizvodno\/distribucijsko podjetje.<br \/>7)\u00a0<span style=\"letter-spacing: -0.27px;\">Dobrodo\u0161la trgovina<\/span>\u00a0ne jam\u010di, da bodo izdelki odpremljeni iz skladi\u0161\u010d na ozemlju Italije ali San Marina in da bodo odpremljeni prek dolo\u010denih kurirskih slu\u017eb, temve\u010d le, da bodo pri odpremi upo\u0161tevani dobavni roki, ko potencialna stranka potrdi predhodno naro\u010dilo pri proizvajalcu-distributerju in se med strankama dejansko sklene trgovinski posel.<br \/>8) potencialna stranka brez pridr\u017ekov sprejema, da\u00a0<span style=\"letter-spacing: -0.27px;\">Dobrodo\u0161la trgovina<\/span>\u00a0ni dav\u010dno, pravno in civilno odgovoren za kakr\u0161ne koli spore in\/ali te\u017eave kakr\u0161ne koli narave, ki izhajajo iz potrditve naro\u010dila in uporabe izdelka, ki ga tr\u017ei proizvajalec\/distributer v tem oglasu. V primeru kakr\u0161nega koli spora se obrnite na proizvajalca\/distributerja, katerega ime podjetja je vedno navedeno na embala\u017ei.<br \/>9) potencialna stranka brez pridr\u017ekov sprejema, da\u00a0<span style=\"letter-spacing: -0.27px;\">Dobrodo\u0161la trgovina<\/span>\u00a0je dol\u017ean vrniti denar le za nakupe, opravljene s pla\u010dilnim sistemom Paypal, in le v primerih, ko distributer\/proizvajalec izdelka prejme zahtevo za vra\u010dilo v zakonsko dolo\u010denih rokih in na zakonsko predpisan na\u010din, \u0161e posebej pa le za zape\u010datene izdelke. \u010ce izdelek ni zape\u010daten, vra\u010dilo ne bo izvedeno.<br \/>10)\u00a0<span style=\"letter-spacing: -0.27px;\">Dobrodo\u0161la trgovina<\/span>\u00a0ne jam\u010di za resni\u010dnost informacij, ki jih zagotavljajo mre\u017ea povezav in distribucijska\/proizvajalska podjetja, in ne jam\u010di za skladnost z veljavnimi predpisi omenjenih subjektov, saj kot tr\u017ena agencija ni dol\u017ena preverjati ni\u010desar, kar je povezano z ogla\u0161evanim izdelkom.<br \/>V zvezi s tem potencialni kupec brez pridr\u017ekov sprejema dejstvo, da je slika tega izdelka navedena v katalogu proizvajalca\/distributerja, embala\u017ea pa se lahko razlikuje v manj\u0161ih podrobnostih, saj si proizvajalec\/distributer pridr\u017euje pravico do spremembe teh podrobnosti po lastni presoji. Ker si proizvajalci vedno prizadevajo izbolj\u0161ati svoje izdelke, se potencialni kupec strinja tudi s tem, da se lahko vsebina izdelka razlikuje od opisa, ker jo je proizvajalec izbolj\u0161al glede koncentracije in sestavin. O tak\u0161ni skladnosti se lahko obvesti ob telefonski potrditvi.<br \/>11) Potencialni kupec se strinja, da je glavni na\u010din pla\u010dila za ta izdelek pla\u010dilo po povzetju (COD) in da se to izvede \u0161ele po potrditvi po telefonu in \u0161ele po prejemu izdelka od proizvajalca\/distributerja. \u010ce potencialni kupec izbere drug na\u010din pla\u010dila,\u00a0<span style=\"letter-spacing: -0.27px;\">Dobrodo\u0161la trgovina<\/span>\u00a0se lahko odlo\u010di, ali bo kupcu takoj povrnil stro\u0161ke in izvedel prenos podatkov o prednaro\u010dilu distributerju\/proizvajalcu, ki bo blago po prejemu potrditve nakupa poslal po povzetju. Ali pa brez kakr\u0161ne koli poslovne obveznosti pobere pla\u010dilo in ga skupaj s podatki posreduje distributerju\/proizvajalcu prek kontaktnih obrazcev, ki jih zagotavlja partnerska mre\u017ea.<br \/>12)\u00a0<span style=\"letter-spacing: -0.27px;\">Dobrodo\u0161la trgovina<\/span>\u00a0ne odgovarja za trditve drugih spletnih podjetij o izdelku, ki je predmet ogla\u0161evalske kampanje, na kateri koli spletni strani, zunanji ali notranji za na\u0161e e-trgovino.<br \/>13) Ta oglas NE zagotavlja ni\u010desar, NE obljublja ni\u010desar \u010dude\u017enega, z zavajajo\u010dimi triki ne spodbuja uporabnika k prednaro\u010dilu izdelka s sklicevanjem na kakr\u0161ne koli potrebe in nev\u0161e\u010dnosti. S klikom na gumb za nakup in prednaro\u010dilom izdelka v tem oglasu se potencialni uporabnik zaveda, da \u017eeli, da ga distributer\/proizvajalec kontaktira zaradi nakupa po telefonski potrditvi, ne\u00a0<span style=\"letter-spacing: -0.27px;\">Dobrodo\u0161la trgovina<\/span>\"izdelek po lastni volji, brez jamstva za rezultat, brez goljufive \"garancije za vra\u010dilo denarja\", ki jo obi\u010dajno najdemo naokoli.\u00a0<span style=\"letter-spacing: -0.27px;\">Dobrodo\u0161la trgovina<\/span>\u00a0potencialnim strankam svetuje, naj se prednaro\u010dijo le, \u010de so po zdravni\u0161kem nasvetu prepri\u010dani, da lahko izdelek dobijo in da jim bodo njegove sestavine dejansko koristile. Poleg zdravni\u0161kega nasveta je priporo\u010dljivo, da ob potrditvi prednaro\u010dila prodajnemu podjetju\/distributerju\/proizvajalcu po telefonu sporo\u010dite morebitne dvome in patologije ali tegobe.<br \/>14) Nakup izdelka mladoletnim osebam je prepovedan.<br \/>Nakup, ki ga opravi mladoletna oseba, je obi\u010dajno ni\u010den, ker mlaj\u0161a od 18 let ni poslovno sposobna. To star\u0161em daje pravico, da zahtevajo povra\u010dilo porabljenega zneska, pri \u010demer se izni\u010dijo tudi posledice pogodbe, sklenjene na daljavo. Vendar to na\u010delo ne velja v primerih, ko je mladoletnik prikril ali ponaredil svojo starost z zavajajo\u010dim ravnanjem ali z izjavo, da je bil polnoleten, ko se je registriral na tem spletnem mestu.<br \/>15) V skladu z 52. \u010dlenom zakonodajnega odloka \u0161t. 206\/2005, kakor je bil spremenjen in dopolnjen, ob upo\u0161tevanju izjem iz 59. \u010dlena istega odloka, ima potro\u0161nik \u0161tirinajst dni \u010dasa, da odstopi od pogodbe na daljavo ali pogodbe, sklenjene zunaj poslovnih prostorov, ne da bi mu bilo treba navesti razloge in ne da bi mu nastali kakr\u0161ni koli stro\u0161ki, razen tistih iz \u010dlena 56(2) in \u010dlena 57. Zaradi narave predhodnega naro\u010dila se ta pravica za\u010dne in \u0161teje od dneva, ko je izdelek prejet na dom.<br \/>16) Kar zadeva dobavne roke, potencialni kupec, ki s klikom na gumb za nakup\/vrnitvijo izdelka v ko\u0161arico in sprostitvijo svojih podatkov sprejme naravo prednaro\u010dila, brez pridr\u017ekov sprejema, da so delovni \u010dasi distributerja\/proizvajalca naslednji:- prednaro\u010dilo, oddano do 2.Prednaro\u010dilo, oddano do 14. ure, telefonski klic v roku 2 ur, po telefonski potrditvi 30 minut za pakiranje in prevzem izdelka s strani kurirja pri distributerju\/proizvajalcu ter dobava v 1 ali 2 delovnih dneh.- Prednaro\u010dilo, oddano po 14. uri, telefonski klic v roku 12 ur, po telefonski potrditvi 30 minut za pakiranje in prevzem izdelka s strani kurirja pri distributerju\/proizvajalcu ter dobava v 1 ali 2 delovnih dneh. Potencialni kupec se torej strinja, da se \u010dasi lahko razlikujejo zaradi njegovega neodziva na obvezen telefonski klic za potrditev s strani distributerja, in zato nima nobenih pravnih sredstev zoper\u00a0<span style=\"letter-spacing: -0.27px;\">Dobrodo\u0161la trgovina<\/span>\u00a0na kakr\u0161en koli na\u010din za morebitne zamude.<br \/>17) Zaradi izklju\u010dno ogla\u0161evalske narave storitve bodo vse negativne povratne informacije, tudi v obliki komentarja o neu\u010dinkovitosti izdelka, izdane brez dokaza, prijavljene za odstranitev in izbrisane.<br \/>18)\u00a0<span style=\"letter-spacing: -0.27px;\">Dobrodo\u0161la trgovina<\/span>, mre\u017ea povezav in distribucijska\/proizvajalska podjetja nikakor ne morejo biti odgovorni v primeru pojava patologij in\/ali kakr\u0161nih koli telesnih stanj, ki se ka\u017eejo kot nezdrava ali kakor koli \u0161kodljiva za zdravje. To je zato, ker je v to\u010dki 13 teh pogojev vklju\u010dena izjava, ki potencialnemu kupcu svetuje, da pred predhodnim naro\u010dilom obi\u0161\u010de svojega zdravnika in\/ali specialista, da se prepri\u010da, ali mu njegovo telesno stanje omogo\u010da jemanje izdelka ali stik z njim, ne da bi pri tem tvegal svoje zdravje. Potencialni kupec ni obve\u0161\u010den le zato, da bi se bolje zavedal tveganj, ki izhajajo celo iz stika z izdelkom v njegovem konkretnem primeru, temve\u010d je na ve\u010d mestih v opisu tudi pozvan, naj NE objavlja svojih podatkov, \u010de ni predhodnega zdravni\u0161kega posveta, ki bi zanikal certificirano uporabo.<br \/>19) Noben izraz, ki ga osebje platforme zapi\u0161e in uporabi na spletni platformi, se v nobenem primeru ne sme razlagati tako, da spreminja korporativno naravo\u00a0<span style=\"letter-spacing: -0.27px;\">Dobrodo\u0161la trgovina<\/span>. \u010ce na primer eccomerce ali druge platforme prepoznajo prodajalca kot\u00a0<span style=\"letter-spacing: -0.27px;\">Dobrodo\u0161la trgovina<\/span>to ne pomeni, da gre za podjetje s komercialnim namenom ali da ponuja oglase za prodajo in\/ali neposredno komercialno transakcijo med njim in potencialno stranko.<br \/>Z nakupom in s tem pla\u010dilom se strinjate z vsako napisano besedo.<\/p><p style=\"margin-right: 0px; margin-bottom: 20px; margin-left: 0px; line-height: 1.8; color: #333333; font-family: Poppins, sans-serif; font-size: 15px;\">\u00a0<\/p><div>Podjetje The Lead Empire L.L.C-FZ<\/div><div>Meydan Grandstand 6. nadstropje, Meydan Road<\/div><div>Nad Al Sheba Dubaj DU<\/div><div>ZAE<\/div><\/div><div><div><div>\u00a0<\/div><\/div><\/div>\t\t\t\t\t\t\t\t<\/div>\n\t\t\t\t<\/div>\n\t\t\t\t\t<\/div>\n\t\t<\/div>\n\t\t\t\t\t<\/div>\n\t\t<\/section>\n\t\t\t\t<section data-particle_enable=\"false\" data-particle-mobile-disabled=\"false\" class=\"elementor-section elementor-top-section elementor-element elementor-element-4dfba3c elementor-section-boxed elementor-section-height-default elementor-section-height-default\" data-id=\"4dfba3c\" data-element_type=\"section\" data-e-type=\"section\" data-settings=\"{&quot;background_background&quot;:&quot;classic&quot;}\">\n\t\t\t\t\t\t<div class=\"elementor-container elementor-column-gap-default\">\n\t\t\t\t\t<div class=\"elementor-column elementor-col-33 elementor-top-column elementor-element elementor-element-51ab543\" data-id=\"51ab543\" data-element_type=\"column\" data-e-type=\"column\">\n\t\t\t<div class=\"elementor-widget-wrap elementor-element-populated\">\n\t\t\t\t\t\t<div class=\"elementor-element elementor-element-66d2d22 elementor-widget-divider--view-line elementor-widget elementor-widget-divider\" data-id=\"66d2d22\" data-element_type=\"widget\" data-e-type=\"widget\" data-widget_type=\"divider.default\">\n\t\t\t\t<div class=\"elementor-widget-container\">\n\t\t\t\t\t\t\t<div class=\"elementor-divider\">\n\t\t\t<span class=\"elementor-divider-separator\">\n\t\t\t\t\t\t<\/span>\n\t\t<\/div>\n\t\t\t\t\t\t<\/div>\n\t\t\t\t<\/div>\n\t\t\t\t<div class=\"elementor-element elementor-element-f03e88c elementor-widget elementor-widget-text-editor\" data-id=\"f03e88c\" data-element_type=\"widget\" data-e-type=\"widget\" data-widget_type=\"text-editor.default\">\n\t\t\t\t<div class=\"elementor-widget-container\">\n\t\t\t\t\t\t\t\t\t<p>Razi\u0161\u010dite. Izberite. Kupite.<\/p>\t\t\t\t\t\t\t\t<\/div>\n\t\t\t\t<\/div>\n\t\t\t\t<div class=\"elementor-element elementor-element-46114f3 elementor-widget elementor-widget-text-editor\" data-id=\"46114f3\" data-element_type=\"widget\" data-e-type=\"widget\" data-widget_type=\"text-editor.default\">\n\t\t\t\t<div class=\"elementor-widget-container\">\n\t\t\t\t\t\t\t\t\t<p>info@duallshoppy.com<\/p>\t\t\t\t\t\t\t\t<\/div>\n\t\t\t\t<\/div>\n\t\t\t\t\t<\/div>\n\t\t<\/div>\n\t\t\t\t<div class=\"elementor-column elementor-col-33 elementor-top-column elementor-element elementor-element-c29288f\" data-id=\"c29288f\" data-element_type=\"column\" data-e-type=\"column\">\n\t\t\t<div class=\"elementor-widget-wrap elementor-element-populated\">\n\t\t\t\t\t\t<div class=\"elementor-element elementor-element-9ba4f6e elementor-widget-divider--view-line elementor-widget elementor-widget-divider\" data-id=\"9ba4f6e\" data-element_type=\"widget\" data-e-type=\"widget\" data-widget_type=\"divider.default\">\n\t\t\t\t<div class=\"elementor-widget-container\">\n\t\t\t\t\t\t\t<div class=\"elementor-divider\">\n\t\t\t<span class=\"elementor-divider-separator\">\n\t\t\t\t\t\t<\/span>\n\t\t<\/div>\n\t\t\t\t\t\t<\/div>\n\t\t\t\t<\/div>\n\t\t\t\t<div class=\"elementor-element elementor-element-4d7949d elementor-widget elementor-widget-heading\" data-id=\"4d7949d\" data-element_type=\"widget\" data-e-type=\"widget\" data-widget_type=\"heading.default\">\n\t\t\t\t<div class=\"elementor-widget-container\">\n\t\t\t\t\t<h2 class=\"elementor-heading-title elementor-size-default\">KORISTNE POVEZAVE<\/h2>\t\t\t\t<\/div>\n\t\t\t\t<\/div>\n\t\t\t\t<div class=\"elementor-element elementor-element-36b1cc6 elementor-widget elementor-widget-heading\" data-id=\"36b1cc6\" data-element_type=\"widget\" data-e-type=\"widget\" data-widget_type=\"heading.default\">\n\t\t\t\t<div class=\"elementor-widget-container\">\n\t\t\t\t\t<h2 class=\"elementor-heading-title elementor-size-default\"><a href=\"https:\/\/duallshoppy.com\/sl\/privacy-and-cookie-policy\/\">Pravilnik o zasebnosti in pi\u0161kotkih<\/a><\/h2>\t\t\t\t<\/div>\n\t\t\t\t<\/div>\n\t\t\t\t<div class=\"elementor-element elementor-element-a490d1d elementor-widget elementor-widget-heading\" data-id=\"a490d1d\" data-element_type=\"widget\" data-e-type=\"widget\" data-widget_type=\"heading.default\">\n\t\t\t\t<div class=\"elementor-widget-container\">\n\t\t\t\t\t<h2 class=\"elementor-heading-title elementor-size-default\"><a href=\"https:\/\/duallshoppy.com\/sl\/termini-e-condizioni\/\">Pogoji in dolo\u010dila<\/a><\/h2>\t\t\t\t<\/div>\n\t\t\t\t<\/div>\n\t\t\t\t<div class=\"elementor-element elementor-element-da47525 elementor-widget elementor-widget-heading\" data-id=\"da47525\" data-element_type=\"widget\" data-e-type=\"widget\" data-widget_type=\"heading.default\">\n\t\t\t\t<div class=\"elementor-widget-container\">\n\t\t\t\t\t<h2 class=\"elementor-heading-title elementor-size-default\"><a href=\"https:\/\/duallshoppy.com\/sl\/cookie-policy\/\">Pravilnik o pi\u0161kotkih<\/a><\/h2>\t\t\t\t<\/div>\n\t\t\t\t<\/div>\n\t\t\t\t<div class=\"elementor-element elementor-element-7a066ee elementor-widget elementor-widget-heading\" data-id=\"7a066ee\" data-element_type=\"widget\" data-e-type=\"widget\" data-widget_type=\"heading.default\">\n\t\t\t\t<div class=\"elementor-widget-container\">\n\t\t\t\t\t<h2 class=\"elementor-heading-title elementor-size-default\"><a href=\"https:\/\/duallshoppy.com\/sl\/contatti-2\/\">Pi\u0161ite nam<\/a><\/h2>\t\t\t\t<\/div>\n\t\t\t\t<\/div>\n\t\t\t\t\t<\/div>\n\t\t<\/div>\n\t\t\t\t<div class=\"elementor-column elementor-col-33 elementor-top-column elementor-element elementor-element-a273051\" data-id=\"a273051\" data-element_type=\"column\" data-e-type=\"column\">\n\t\t\t<div class=\"elementor-widget-wrap elementor-element-populated\">\n\t\t\t\t\t\t<div class=\"elementor-element elementor-element-611e1e7 elementor-widget-divider--view-line elementor-widget elementor-widget-divider\" data-id=\"611e1e7\" data-element_type=\"widget\" data-e-type=\"widget\" data-widget_type=\"divider.default\">\n\t\t\t\t<div class=\"elementor-widget-container\">\n\t\t\t\t\t\t\t<div class=\"elementor-divider\">\n\t\t\t<span class=\"elementor-divider-separator\">\n\t\t\t\t\t\t<\/span>\n\t\t<\/div>\n\t\t\t\t\t\t<\/div>\n\t\t\t\t<\/div>\n\t\t\t\t<div class=\"elementor-element elementor-element-59a8c85 elementor-widget elementor-widget-heading\" data-id=\"59a8c85\" data-element_type=\"widget\" data-e-type=\"widget\" data-widget_type=\"heading.default\">\n\t\t\t\t<div class=\"elementor-widget-container\">\n\t\t\t\t\t<h2 class=\"elementor-heading-title elementor-size-default\">DOSTAVA<\/h2>\t\t\t\t<\/div>\n\t\t\t\t<\/div>\n\t\t\t\t<div class=\"elementor-element elementor-element-f0a2a11 elementor-widget elementor-widget-heading\" data-id=\"f0a2a11\" data-element_type=\"widget\" data-e-type=\"widget\" data-widget_type=\"heading.default\">\n\t\t\t\t<div class=\"elementor-widget-container\">\n\t\t\t\t\t<h2 class=\"elementor-heading-title elementor-size-default\"><a href=\"https:\/\/duallshoppy.com\/sl\/spedizione-e-consegna\/\">Politika dostave<\/a><\/h2>\t\t\t\t<\/div>\n\t\t\t\t<\/div>\n\t\t\t\t<div class=\"elementor-element elementor-element-312f367 elementor-widget elementor-widget-heading\" data-id=\"312f367\" data-element_type=\"widget\" data-e-type=\"widget\" data-widget_type=\"heading.default\">\n\t\t\t\t<div class=\"elementor-widget-container\">\n\t\t\t\t\t<h2 class=\"elementor-heading-title elementor-size-default\"><a href=\"https:\/\/duallshoppy.com\/sl\/politica-di-rimborso\/\">Pravilnik o vra\u010dilu denarja<\/a><\/h2>\t\t\t\t<\/div>\n\t\t\t\t<\/div>\n\t\t\t\t\t<\/div>\n\t\t<\/div>\n\t\t\t\t\t<\/div>\n\t\t<\/section>\n\t\t\t\t<\/div>","protected":false},"excerpt":{"rendered":"<p>TERMINI E CONDIZIONI DUALL SHOPPY BRAND Termini e Condizioni prevendita 1) il potenziale cliente accetta senza riserva alcuna ed \u00e8 consapevole che il rapporto giuridico, legale, civile, economico e fiscale nascente dall\u2019acquisto del presente prodotto \u00e8 da intendersi \u201ctra il privato acquirente\u201d e la \u201csociet\u00e0 produttrice\/distributrice del prodotto\u201d.2) il potenziale cliente \u00e8 consapevole informato e [&hellip;]<\/p>","protected":false},"author":1,"featured_media":0,"parent":0,"menu_order":0,"comment_status":"closed","ping_status":"closed","template":"elementor_canvas","meta":{"footnotes":""},"class_list":["post-82","page","type-page","status-publish","hentry"],"_links":{"self":[{"href":"https:\/\/duallshoppy.com\/sl\/wp-json\/wp\/v2\/pages\/82","targetHints":{"allow":["GET"]}}],"collection":[{"href":"https:\/\/duallshoppy.com\/sl\/wp-json\/wp\/v2\/pages"}],"about":[{"href":"https:\/\/duallshoppy.com\/sl\/wp-json\/wp\/v2\/types\/page"}],"author":[{"embeddable":true,"href":"https:\/\/duallshoppy.com\/sl\/wp-json\/wp\/v2\/users\/1"}],"replies":[{"embeddable":true,"href":"https:\/\/duallshoppy.com\/sl\/wp-json\/wp\/v2\/comments?post=82"}],"version-history":[{"count":15,"href":"https:\/\/duallshoppy.com\/sl\/wp-json\/wp\/v2\/pages\/82\/revisions"}],"predecessor-version":[{"id":2066,"href":"https:\/\/duallshoppy.com\/sl\/wp-json\/wp\/v2\/pages\/82\/revisions\/2066"}],"wp:attachment":[{"href":"https:\/\/duallshoppy.com\/sl\/wp-json\/wp\/v2\/media?parent=82"}],"curies":[{"name":"wp","href":"https:\/\/api.w.org\/{rel}","templated":true}]}}