{"id":86,"date":"2023-11-23T23:50:42","date_gmt":"2023-11-23T23:50:42","guid":{"rendered":"https:\/\/dermatologiss.com\/?page_id=86"},"modified":"2024-05-24T17:41:29","modified_gmt":"2024-05-24T17:41:29","slug":"spedizione-e-consegna","status":"publish","type":"page","link":"https:\/\/duallshoppy.com\/sl\/spedizione-e-consegna\/","title":{"rendered":"po\u0161iljanje in dostava"},"content":{"rendered":"<div data-elementor-type=\"wp-page\" data-elementor-id=\"86\" class=\"elementor elementor-86\" data-elementor-post-type=\"page\">\n\t\t\t\t\t\t<section data-particle_enable=\"false\" data-particle-mobile-disabled=\"false\" class=\"elementor-section elementor-top-section elementor-element elementor-element-5da41b0a elementor-section-boxed elementor-section-height-default elementor-section-height-default\" data-id=\"5da41b0a\" data-element_type=\"section\" data-e-type=\"section\">\n\t\t\t\t\t\t<div class=\"elementor-container elementor-column-gap-default\">\n\t\t\t\t\t<div class=\"elementor-column elementor-col-100 elementor-top-column elementor-element elementor-element-40c408a2\" data-id=\"40c408a2\" data-element_type=\"column\" data-e-type=\"column\">\n\t\t\t<div class=\"elementor-widget-wrap elementor-element-populated\">\n\t\t\t\t\t\t<div class=\"elementor-element elementor-element-577efdc1 elementor-widget elementor-widget-heading\" data-id=\"577efdc1\" data-element_type=\"widget\" data-e-type=\"widget\" data-widget_type=\"heading.default\">\n\t\t\t\t<div class=\"elementor-widget-container\">\n\t\t\t\t\t<h2 class=\"elementor-heading-title elementor-size-default\">Pravila dostave<\/h2>\t\t\t\t<\/div>\n\t\t\t\t<\/div>\n\t\t\t\t<div class=\"elementor-element elementor-element-259ede3b elementor-widget elementor-widget-text-editor\" data-id=\"259ede3b\" data-element_type=\"widget\" data-e-type=\"widget\" data-widget_type=\"text-editor.default\">\n\t\t\t\t<div class=\"elementor-widget-container\">\n\t\t\t\t\t\t\t\t\t<div class=\"shipping-page-item\"><div class=\"shipping-page-item__text\"><div id=\"translation\"><div class=\"gtx-body\"><p><strong>INFORMACIJE O PO\u0160ILJANJU<\/strong><\/p><p><strong>Izdelke dostavljajo po vsej Italiji in tudi v tujino.<\/strong><br \/>Va\u0161e naro\u010dilo lahko po\u0161ljemo na izbrani naslov (domov, v slu\u017ebo itd. - ne v po\u0161tni predal). Ve\u010dino izdelkov obi\u010dajno po\u0161ljemo v 24 urah, dolo\u010dene izdelke pa v pribli\u017eno 72 urah. \u010cas po\u0161iljanja je jasno naveden ob nakupu. \u010cas po\u0161iljanja je obi\u010dajno 2-3 delovne dni.<\/p><p><strong>STRO\u0160KI PO\u0160ILJANJA<\/strong><br \/>Kot je obi\u010dajno, po\u0161iljke vklju\u010dujejo ekspresno storitev, stro\u0161ke prevoza, sledenje po\u0161iljki in podpis ob dostavi, da se zagotovi stanje blaga.<\/p><p>Za nekatere izdelke ponujamo brezpla\u010dno dostavo, za druge kategorije izdelkov pa pla\u010dljivo dostavo. Po oddaji naro\u010dila vas bomo kontaktirali in vas obvestili o ceni dostave.<\/p><h5><b>Vra\u010da<\/b><\/h5><p>\u010ce \u017eelite izdelek vrniti, ga morate poslati na naslov: Vra\u010dilo mora biti poslano na {fizi\u010dni naslov}.<\/p><p>Za vra\u010dilo izdelka boste morali sami pla\u010dati stro\u0161ke po\u0161iljanja. Stro\u0161ki po\u0161iljanja se ne povrnejo. \u010ce prejmete povra\u010dilo, bodo stro\u0161ki povratnega po\u0161iljanja od\u0161teti od povra\u010dila.<\/p><p>Glede na to, kje \u017eivite, je lahko \u010das, v katerem bo izmenjani izdelek prispel do vas, razli\u010den.<\/p><p>\u010ce vra\u010date dra\u017eje predmete, lahko razmislite o uporabi storitve za sledenje po\u0161iljk ali nakupu zavarovanja po\u0161iljke. Ne jam\u010dimo, da bomo vrnjeni izdelek prejeli.<\/p><\/div><\/div><\/div><\/div>\t\t\t\t\t\t\t\t<\/div>\n\t\t\t\t<\/div>\n\t\t\t\t\t<\/div>\n\t\t<\/div>\n\t\t\t\t\t<\/div>\n\t\t<\/section>\n\t\t\t\t<section data-particle_enable=\"false\" data-particle-mobile-disabled=\"false\" class=\"elementor-section elementor-top-section elementor-element elementor-element-4a05985 elementor-section-boxed elementor-section-height-default elementor-section-height-default\" data-id=\"4a05985\" data-element_type=\"section\" data-e-type=\"section\" data-settings=\"{&quot;background_background&quot;:&quot;classic&quot;}\">\n\t\t\t\t\t\t<div class=\"elementor-container elementor-column-gap-default\">\n\t\t\t\t\t<div class=\"elementor-column elementor-col-33 elementor-top-column elementor-element elementor-element-53efd36\" data-id=\"53efd36\" data-element_type=\"column\" data-e-type=\"column\">\n\t\t\t<div class=\"elementor-widget-wrap elementor-element-populated\">\n\t\t\t\t\t\t<div class=\"elementor-element elementor-element-390ad8b elementor-widget-divider--view-line elementor-widget elementor-widget-divider\" data-id=\"390ad8b\" data-element_type=\"widget\" data-e-type=\"widget\" data-widget_type=\"divider.default\">\n\t\t\t\t<div class=\"elementor-widget-container\">\n\t\t\t\t\t\t\t<div class=\"elementor-divider\">\n\t\t\t<span class=\"elementor-divider-separator\">\n\t\t\t\t\t\t<\/span>\n\t\t<\/div>\n\t\t\t\t\t\t<\/div>\n\t\t\t\t<\/div>\n\t\t\t\t<div class=\"elementor-element elementor-element-6992f7d elementor-widget elementor-widget-text-editor\" data-id=\"6992f7d\" data-element_type=\"widget\" data-e-type=\"widget\" data-widget_type=\"text-editor.default\">\n\t\t\t\t<div class=\"elementor-widget-container\">\n\t\t\t\t\t\t\t\t\t<p>Razi\u0161\u010dite. Izberite. Kupite.<\/p>\t\t\t\t\t\t\t\t<\/div>\n\t\t\t\t<\/div>\n\t\t\t\t<div class=\"elementor-element elementor-element-db3af57 elementor-widget elementor-widget-text-editor\" data-id=\"db3af57\" data-element_type=\"widget\" data-e-type=\"widget\" data-widget_type=\"text-editor.default\">\n\t\t\t\t<div class=\"elementor-widget-container\">\n\t\t\t\t\t\t\t\t\t<p>info@duallshoppy.com<\/p>\t\t\t\t\t\t\t\t<\/div>\n\t\t\t\t<\/div>\n\t\t\t\t\t<\/div>\n\t\t<\/div>\n\t\t\t\t<div class=\"elementor-column elementor-col-33 elementor-top-column elementor-element elementor-element-7eca4db\" data-id=\"7eca4db\" data-element_type=\"column\" data-e-type=\"column\">\n\t\t\t<div class=\"elementor-widget-wrap elementor-element-populated\">\n\t\t\t\t\t\t<div class=\"elementor-element elementor-element-10e68d3 elementor-widget-divider--view-line elementor-widget elementor-widget-divider\" data-id=\"10e68d3\" data-element_type=\"widget\" data-e-type=\"widget\" data-widget_type=\"divider.default\">\n\t\t\t\t<div class=\"elementor-widget-container\">\n\t\t\t\t\t\t\t<div class=\"elementor-divider\">\n\t\t\t<span class=\"elementor-divider-separator\">\n\t\t\t\t\t\t<\/span>\n\t\t<\/div>\n\t\t\t\t\t\t<\/div>\n\t\t\t\t<\/div>\n\t\t\t\t<div class=\"elementor-element elementor-element-c15ec2c elementor-widget elementor-widget-heading\" data-id=\"c15ec2c\" data-element_type=\"widget\" data-e-type=\"widget\" data-widget_type=\"heading.default\">\n\t\t\t\t<div class=\"elementor-widget-container\">\n\t\t\t\t\t<h2 class=\"elementor-heading-title elementor-size-default\">KORISTNE POVEZAVE<\/h2>\t\t\t\t<\/div>\n\t\t\t\t<\/div>\n\t\t\t\t<div class=\"elementor-element elementor-element-95adc95 elementor-widget elementor-widget-heading\" data-id=\"95adc95\" data-element_type=\"widget\" data-e-type=\"widget\" data-widget_type=\"heading.default\">\n\t\t\t\t<div class=\"elementor-widget-container\">\n\t\t\t\t\t<h2 class=\"elementor-heading-title elementor-size-default\"><a href=\"https:\/\/duallshoppy.com\/sl\/privacy-and-cookie-policy\/\">Pravilnik o zasebnosti in pi\u0161kotkih<\/a><\/h2>\t\t\t\t<\/div>\n\t\t\t\t<\/div>\n\t\t\t\t<div class=\"elementor-element elementor-element-99b45fe elementor-widget elementor-widget-heading\" data-id=\"99b45fe\" data-element_type=\"widget\" data-e-type=\"widget\" data-widget_type=\"heading.default\">\n\t\t\t\t<div class=\"elementor-widget-container\">\n\t\t\t\t\t<h2 class=\"elementor-heading-title elementor-size-default\"><a href=\"https:\/\/duallshoppy.com\/sl\/termini-e-condizioni\/\">Pogoji in dolo\u010dila<\/a><\/h2>\t\t\t\t<\/div>\n\t\t\t\t<\/div>\n\t\t\t\t<div class=\"elementor-element elementor-element-7efdf38 elementor-widget elementor-widget-heading\" data-id=\"7efdf38\" data-element_type=\"widget\" data-e-type=\"widget\" data-widget_type=\"heading.default\">\n\t\t\t\t<div class=\"elementor-widget-container\">\n\t\t\t\t\t<h2 class=\"elementor-heading-title elementor-size-default\"><a href=\"https:\/\/duallshoppy.com\/sl\/cookie-policy\/\">Pravilnik o pi\u0161kotkih<\/a><\/h2>\t\t\t\t<\/div>\n\t\t\t\t<\/div>\n\t\t\t\t<div class=\"elementor-element elementor-element-f61a939 elementor-widget elementor-widget-heading\" data-id=\"f61a939\" data-element_type=\"widget\" data-e-type=\"widget\" data-widget_type=\"heading.default\">\n\t\t\t\t<div class=\"elementor-widget-container\">\n\t\t\t\t\t<h2 class=\"elementor-heading-title elementor-size-default\"><a href=\"https:\/\/duallshoppy.com\/sl\/contatti-2\/\">Pi\u0161ite nam<\/a><\/h2>\t\t\t\t<\/div>\n\t\t\t\t<\/div>\n\t\t\t\t\t<\/div>\n\t\t<\/div>\n\t\t\t\t<div class=\"elementor-column elementor-col-33 elementor-top-column elementor-element elementor-element-92a900f\" data-id=\"92a900f\" data-element_type=\"column\" data-e-type=\"column\">\n\t\t\t<div class=\"elementor-widget-wrap elementor-element-populated\">\n\t\t\t\t\t\t<div class=\"elementor-element elementor-element-41ff313 elementor-widget-divider--view-line elementor-widget elementor-widget-divider\" data-id=\"41ff313\" data-element_type=\"widget\" data-e-type=\"widget\" data-widget_type=\"divider.default\">\n\t\t\t\t<div class=\"elementor-widget-container\">\n\t\t\t\t\t\t\t<div class=\"elementor-divider\">\n\t\t\t<span class=\"elementor-divider-separator\">\n\t\t\t\t\t\t<\/span>\n\t\t<\/div>\n\t\t\t\t\t\t<\/div>\n\t\t\t\t<\/div>\n\t\t\t\t<div class=\"elementor-element elementor-element-24d31a3 elementor-widget elementor-widget-heading\" data-id=\"24d31a3\" data-element_type=\"widget\" data-e-type=\"widget\" data-widget_type=\"heading.default\">\n\t\t\t\t<div class=\"elementor-widget-container\">\n\t\t\t\t\t<h2 class=\"elementor-heading-title elementor-size-default\">DOSTAVA<\/h2>\t\t\t\t<\/div>\n\t\t\t\t<\/div>\n\t\t\t\t<div class=\"elementor-element elementor-element-5491aaf elementor-widget elementor-widget-heading\" data-id=\"5491aaf\" data-element_type=\"widget\" data-e-type=\"widget\" data-widget_type=\"heading.default\">\n\t\t\t\t<div class=\"elementor-widget-container\">\n\t\t\t\t\t<h2 class=\"elementor-heading-title elementor-size-default\"><a href=\"https:\/\/duallshoppy.com\/sl\/spedizione-e-consegna\/\">Politika dostave<\/a><\/h2>\t\t\t\t<\/div>\n\t\t\t\t<\/div>\n\t\t\t\t<div class=\"elementor-element elementor-element-37fa093 elementor-widget elementor-widget-heading\" data-id=\"37fa093\" data-element_type=\"widget\" data-e-type=\"widget\" data-widget_type=\"heading.default\">\n\t\t\t\t<div class=\"elementor-widget-container\">\n\t\t\t\t\t<h2 class=\"elementor-heading-title elementor-size-default\"><a href=\"https:\/\/duallshoppy.com\/sl\/politica-di-rimborso\/\">Pravilnik o vra\u010dilu denarja<\/a><\/h2>\t\t\t\t<\/div>\n\t\t\t\t<\/div>\n\t\t\t\t\t<\/div>\n\t\t<\/div>\n\t\t\t\t\t<\/div>\n\t\t<\/section>\n\t\t\t\t<\/div>","protected":false},"excerpt":{"rendered":"<p>POLITIKE DOBAVE INFORMACIJE O DOBAVI Izdelki se dostavljajo po vsej Italiji in v tujino. Va\u0161e naro\u010dilo lahko po\u0161ljemo na izbrani naslov (domov, v slu\u017ebo itd. - ne v po\u0161tni predal). Ve\u010dino izdelkov obi\u010dajno po\u0161ljemo v 24 urah, dolo\u010dene izdelke pa v pribli\u017eno 72 urah. I [...]<\/p>","protected":false},"author":1,"featured_media":0,"parent":0,"menu_order":0,"comment_status":"closed","ping_status":"closed","template":"elementor_canvas","meta":{"footnotes":""},"class_list":["post-86","page","type-page","status-publish","hentry"],"_links":{"self":[{"href":"https:\/\/duallshoppy.com\/sl\/wp-json\/wp\/v2\/pages\/86","targetHints":{"allow":["GET"]}}],"collection":[{"href":"https:\/\/duallshoppy.com\/sl\/wp-json\/wp\/v2\/pages"}],"about":[{"href":"https:\/\/duallshoppy.com\/sl\/wp-json\/wp\/v2\/types\/page"}],"author":[{"embeddable":true,"href":"https:\/\/duallshoppy.com\/sl\/wp-json\/wp\/v2\/users\/1"}],"replies":[{"embeddable":true,"href":"https:\/\/duallshoppy.com\/sl\/wp-json\/wp\/v2\/comments?post=86"}],"version-history":[{"count":12,"href":"https:\/\/duallshoppy.com\/sl\/wp-json\/wp\/v2\/pages\/86\/revisions"}],"predecessor-version":[{"id":1460,"href":"https:\/\/duallshoppy.com\/sl\/wp-json\/wp\/v2\/pages\/86\/revisions\/1460"}],"wp:attachment":[{"href":"https:\/\/duallshoppy.com\/sl\/wp-json\/wp\/v2\/media?parent=86"}],"curies":[{"name":"wp","href":"https:\/\/api.w.org\/{rel}","templated":true}]}}